{"id":42146,"date":"2020-04-23T15:03:55","date_gmt":"2020-04-23T13:03:55","guid":{"rendered":"https:\/\/stoomtrein.org\/ticketinformatie\/"},"modified":"2022-07-24T10:43:23","modified_gmt":"2022-07-24T08:43:23","slug":"ticketinformation","status":"publish","type":"page","link":"https:\/\/stoomtrein.org\/de\/ticketinformation\/","title":{"rendered":"Ticketinformation"},"content":{"rendered":"<div class=\"wpb-content-wrapper\">[vc_row full_width=&#8220;stretch_row&#8220; css=&#8220;.vc_custom_1592064379286{background-image: url(https:\/\/stoomtrein.org\/wp-content\/uploads\/2020\/06\/Header08.jpg?id=7918) !important;background-position: center !important;background-repeat: no-repeat !important;background-size: cover !important;}&#8220;][vc_column][vc_single_image image=&#8220;6131&#8243; img_size=&#8220;149 x 149&#8243; alignment=&#8220;right&#8220; css=&#8220;.vc_custom_1589878182563{margin-top: 28% !important;margin-right: 1% !important;margin-bottom: 3% !important;}&#8220; visibility=&#8220;hidden-phone&#8220;][vc_single_image image=&#8220;6131&#8243; img_size=&#8220;90 x 90&#8243; alignment=&#8220;right&#8220; css=&#8220;.vc_custom_1589878169600{margin-top: 28% !important;margin-right: 1% !important;margin-bottom: 3% !important;}&#8220; visibility=&#8220;visible-phone&#8220;][\/vc_column][\/vc_row][vc_row css=&#8220;.vc_custom_1589462350985{padding-top: 8% !important;padding-bottom: 2% !important;}&#8220;][vc_column width=&#8220;1\/6&#8243;][\/vc_column][vc_column width=&#8220;2\/3&#8243;]<style>.vcex-heading.vcex_69dd0a89cc062{color:#1d1d1d;font-size:33px;font-family:'Crete Round';font-weight:400;line-height:1.18;}<\/style><h1 class=\"vcex-heading vcex-heading-plain vcex-module wpex-heading wpex-text-2xl wpex-text-center vc_custom_1658652167131 vcex_69dd0a89cc062\"><span class=\"vcex-heading-inner wpex-inline-block\">Ticketinformation<\/span><\/h1>[vc_column_text text_align=&#8220;left&#8220;]Die Tageskarten f\u00fcr den Dampfzug k\u00f6nnen Sie erwerben:<\/p>\n<ul>\n<li>Im Vorverkauf \u00fcber den Webshop. (Tageskarten zum erm\u00e4\u00dfigten Preis)<\/li>\n<li>im Zug oder am Bahnhof von Beekbergen<\/li>\n<\/ul>\n<p>Tickets f\u00fcr reservierungspflichtige Anordnungen wie z. B. &#8218;Sonntags Mittagessen im Zug&#8216; k\u00f6nnen nur \u00fcber den Webshop bestellt werden.[\/vc_column_text][\/vc_column][vc_column width=&#8220;1\/6&#8243;][\/vc_column][\/vc_row][vc_row css=&#8220;.vc_custom_1589462317899{padding-top: 8% !important;padding-bottom: 8% !important;}&#8220;][vc_column width=&#8220;1\/6&#8243;][\/vc_column][vc_column width=&#8220;2\/3&#8243;]<style>.vcex-heading.vcex_69dd0a89d1540{color:#1d1d1d;font-size:33px;font-family:'Crete Round';line-height:1.18;}<\/style><h2 class=\"vcex-heading vcex-heading-plain vcex-module wpex-heading wpex-text-2xl wpex-text-left vc_custom_1658652071863 vcex_69dd0a89d1540\"><span class=\"vcex-heading-inner wpex-inline-block\">\u00dcber den Webshop<\/span><\/h2>[vc_column_text text_align=&#8220;left&#8220; css=&#8220;.vc_custom_1658652057810{padding-bottom: 40px !important;}&#8220;]Sie k\u00f6nnen angeben, welche Tickets Sie f\u00fcr welchen Tag \u00fcber den Webshop bestellen m\u00f6chten. Nach Ihrer Bestellung werden Ihnen Ihre Tickets umgehend automatisch an die angegebene E-Mail-Adresse zugesendet. Wir bitten Sie, das Ticket auszudrucken und am Abreisetag mitzubringen.<\/p>\n<p>Sofern nicht anders angegeben (z. B. bei Lunchpaketen), sind die Tickets nicht an einen Sitzplatz gebunden, Sie k\u00f6nnen Ihren Sitzplatz im Zug selbst w\u00e4hlen.[\/vc_column_text]<style>.vcex-heading.vcex_69dd0a89d1ecf{color:#1d1d1d;font-size:33px;font-family:'Crete Round';line-height:1.18;}<\/style><h2 class=\"vcex-heading vcex-heading-plain vcex-module wpex-heading wpex-text-2xl wpex-text-left vc_custom_1658652144241 vcex_69dd0a89d1ecf\"><span class=\"vcex-heading-inner wpex-inline-block\">Am Bahnhof oder beim Schaffner<\/span><\/h2>[vc_column_text text_align=&#8220;left&#8220;]Wenn Sie Ihre Reise in Beekbergen beginnen, k\u00f6nnen Sie Ihre Tageskarten auch vor der Abfahrt am Schalter im Bahnhofsgeb\u00e4ude kaufen.<br \/>\nWenn Sie die Fahrt an einem anderen Bahnhof beginnen, k\u00f6nnen Sie die Fahrkarten beim Schaffner am Bahnsteig oder im Zug bezahlen.<\/p>\n<p>Bitte beachten Sie, dass Sie im Bahnhofsgeb\u00e4ude und beim Schaffner nur mit Karte bezahlen k\u00f6nnen![\/vc_column_text][\/vc_column][vc_column width=&#8220;1\/6&#8243;][\/vc_column][\/vc_row]\n<\/div>","protected":false},"excerpt":{"rendered":"<p>[vc_row full_width=&#8220;stretch_row&#8220; css=&#8220;.vc_custom_1592064379286{background-image: url(https:\/\/stoomtrein.org\/wp-content\/uploads\/2020\/06\/Header08.jpg?id=7918) !important;background-position: center !important;background-repeat: no-repeat !important;background-size: cover !important;}&#8220;][vc_column][vc_single_image image=&#8220;6131&#8243; img_size=&#8220;149 x 149&#8243; alignment=&#8220;right&#8220; css=&#8220;.vc_custom_1589878182563{margin-top: 28% !important;margin-right: 1% !important;margin-bottom: 3% !important;}&#8220; visibility=&#8220;hidden-phone&#8220;][vc_single_image image=&#8220;6131&#8243; img_size=&#8220;90 x 90&#8243; alignment=&#8220;right&#8220; css=&#8220;.vc_custom_1589878169600{margin-top: 28% !important;margin-right: 1% !important;margin-bottom: 3% !important;}&#8220; visibility=&#8220;visible-phone&#8220;][\/vc_column][\/vc_row][vc_row css=&#8220;.vc_custom_1589462350985{padding-top: 8% !important;padding-bottom: 2% !important;}&#8220;][vc_column width=&#8220;1\/6&#8243;][\/vc_column][vc_column width=&#8220;2\/3&#8243;][vc_column_text text_align=&#8220;left&#8220;]Die Tageskarten f\u00fcr den Dampfzug k\u00f6nnen Sie erwerben: Im Vorverkauf \u00fcber&hellip;<\/p>\n","protected":false},"author":5,"featured_media":0,"parent":0,"menu_order":0,"comment_status":"closed","ping_status":"closed","template":"","meta":{"footnotes":""},"class_list":["post-42146","page","type-page","status-publish","hentry","entry","no-media"],"yoast_head":"<!-- This site is optimized with the Yoast SEO plugin v26.9 - https:\/\/yoast.com\/product\/yoast-seo-wordpress\/ -->\n<title>Ticketinformation - VSM - Stap in en reis mee!<\/title>\n<meta name=\"robots\" content=\"index, follow, max-snippet:-1, max-image-preview:large, max-video-preview:-1\" \/>\n<link rel=\"canonical\" href=\"https:\/\/stoomtrein.org\/de\/ticketinformation\/\" \/>\n<meta property=\"og:locale\" content=\"de_DE\" \/>\n<meta property=\"og:type\" content=\"article\" \/>\n<meta property=\"og:title\" content=\"Ticketinformation - VSM - Stap in en reis mee!\" \/>\n<meta property=\"og:description\" content=\"[vc_row full_width=&#8220;stretch_row&#8220; css=&#8220;.vc_custom_1592064379286{background-image: url(https:\/\/stoomtrein.org\/wp-content\/uploads\/2020\/06\/Header08.jpg?id=7918) !important;background-position: center !important;background-repeat: no-repeat !important;background-size: cover !important;}&#8220;][vc_column][vc_single_image image=&#8220;6131&#8243; img_size=&#8220;149 x 149&#8243; alignment=&#8220;right&#8220; css=&#8220;.vc_custom_1589878182563{margin-top: 28% !important;margin-right: 1% !important;margin-bottom: 3% !important;}&#8220; visibility=&#8220;hidden-phone&#8220;][vc_single_image image=&#8220;6131&#8243; img_size=&#8220;90 x 90&#8243; alignment=&#8220;right&#8220; css=&#8220;.vc_custom_1589878169600{margin-top: 28% !important;margin-right: 1% !important;margin-bottom: 3% !important;}&#8220; visibility=&#8220;visible-phone&#8220;][\/vc_column][\/vc_row][vc_row css=&#8220;.vc_custom_1589462350985{padding-top: 8% !important;padding-bottom: 2% !important;}&#8220;][vc_column width=&#8220;1\/6&#8243;][\/vc_column][vc_column width=&#8220;2\/3&#8243;][vc_column_text text_align=&#8220;left&#8220;]Die Tageskarten f\u00fcr den Dampfzug k\u00f6nnen Sie erwerben: Im Vorverkauf \u00fcber&hellip;\" \/>\n<meta property=\"og:url\" content=\"https:\/\/stoomtrein.org\/de\/ticketinformation\/\" \/>\n<meta property=\"og:site_name\" content=\"VSM - Stap in en reis mee!\" \/>\n<meta property=\"article:modified_time\" content=\"2022-07-24T08:43:23+00:00\" \/>\n<meta name=\"twitter:card\" content=\"summary_large_image\" \/>\n<meta name=\"twitter:label1\" content=\"Gesch\u00e4tzte Lesezeit\" \/>\n\t<meta name=\"twitter:data1\" content=\"2\u00a0Minuten\" \/>\n<script type=\"application\/ld+json\" class=\"yoast-schema-graph\">{\"@context\":\"https:\/\/schema.org\",\"@graph\":[{\"@type\":\"WebPage\",\"@id\":\"https:\/\/stoomtrein.org\/de\/ticketinformation\/\",\"url\":\"https:\/\/stoomtrein.org\/de\/ticketinformation\/\",\"name\":\"Ticketinformation - VSM - Stap in en reis mee!\",\"isPartOf\":{\"@id\":\"https:\/\/stoomtrein.org\/#website\"},\"datePublished\":\"2020-04-23T13:03:55+00:00\",\"dateModified\":\"2022-07-24T08:43:23+00:00\",\"breadcrumb\":{\"@id\":\"https:\/\/stoomtrein.org\/de\/ticketinformation\/#breadcrumb\"},\"inLanguage\":\"de\",\"potentialAction\":[{\"@type\":\"ReadAction\",\"target\":[\"https:\/\/stoomtrein.org\/de\/ticketinformation\/\"]}]},{\"@type\":\"BreadcrumbList\",\"@id\":\"https:\/\/stoomtrein.org\/de\/ticketinformation\/#breadcrumb\",\"itemListElement\":[{\"@type\":\"ListItem\",\"position\":1,\"name\":\"Home\",\"item\":\"https:\/\/stoomtrein.org\/de\/home\/\"},{\"@type\":\"ListItem\",\"position\":2,\"name\":\"Ticketinformation\"}]},{\"@type\":\"WebSite\",\"@id\":\"https:\/\/stoomtrein.org\/#website\",\"url\":\"https:\/\/stoomtrein.org\/\",\"name\":\"VSM - Stap in en reis mee!\",\"description\":\"\u00c9\u00e9n van de leukste uitjes van Gelderland.\",\"publisher\":{\"@id\":\"https:\/\/stoomtrein.org\/#organization\"},\"potentialAction\":[{\"@type\":\"SearchAction\",\"target\":{\"@type\":\"EntryPoint\",\"urlTemplate\":\"https:\/\/stoomtrein.org\/?s={search_term_string}\"},\"query-input\":{\"@type\":\"PropertyValueSpecification\",\"valueRequired\":true,\"valueName\":\"search_term_string\"}}],\"inLanguage\":\"de\"},{\"@type\":\"Organization\",\"@id\":\"https:\/\/stoomtrein.org\/#organization\",\"name\":\"VSM - Stap in en reis mee!\",\"url\":\"https:\/\/stoomtrein.org\/\",\"logo\":{\"@type\":\"ImageObject\",\"inLanguage\":\"de\",\"@id\":\"https:\/\/stoomtrein.org\/#\/schema\/logo\/image\/\",\"url\":\"https:\/\/stoomtrein.org\/wp-content\/uploads\/2020\/04\/Logo-heel.png\",\"contentUrl\":\"https:\/\/stoomtrein.org\/wp-content\/uploads\/2020\/04\/Logo-heel.png\",\"width\":967,\"height\":1943,\"caption\":\"VSM - Stap in en reis mee!\"},\"image\":{\"@id\":\"https:\/\/stoomtrein.org\/#\/schema\/logo\/image\/\"}}]}<\/script>\n<!-- \/ Yoast SEO plugin. -->","yoast_head_json":{"title":"Ticketinformation - VSM - Stap in en reis mee!","robots":{"index":"index","follow":"follow","max-snippet":"max-snippet:-1","max-image-preview":"max-image-preview:large","max-video-preview":"max-video-preview:-1"},"canonical":"https:\/\/stoomtrein.org\/de\/ticketinformation\/","og_locale":"de_DE","og_type":"article","og_title":"Ticketinformation - VSM - Stap in en reis mee!","og_description":"[vc_row full_width=&#8220;stretch_row&#8220; css=&#8220;.vc_custom_1592064379286{background-image: url(https:\/\/stoomtrein.org\/wp-content\/uploads\/2020\/06\/Header08.jpg?id=7918) !important;background-position: center !important;background-repeat: no-repeat !important;background-size: cover !important;}&#8220;][vc_column][vc_single_image image=&#8220;6131&#8243; img_size=&#8220;149 x 149&#8243; alignment=&#8220;right&#8220; css=&#8220;.vc_custom_1589878182563{margin-top: 28% !important;margin-right: 1% !important;margin-bottom: 3% !important;}&#8220; visibility=&#8220;hidden-phone&#8220;][vc_single_image image=&#8220;6131&#8243; img_size=&#8220;90 x 90&#8243; alignment=&#8220;right&#8220; css=&#8220;.vc_custom_1589878169600{margin-top: 28% !important;margin-right: 1% !important;margin-bottom: 3% !important;}&#8220; visibility=&#8220;visible-phone&#8220;][\/vc_column][\/vc_row][vc_row css=&#8220;.vc_custom_1589462350985{padding-top: 8% !important;padding-bottom: 2% !important;}&#8220;][vc_column width=&#8220;1\/6&#8243;][\/vc_column][vc_column width=&#8220;2\/3&#8243;][vc_column_text text_align=&#8220;left&#8220;]Die Tageskarten f\u00fcr den Dampfzug k\u00f6nnen Sie erwerben: Im Vorverkauf \u00fcber&hellip;","og_url":"https:\/\/stoomtrein.org\/de\/ticketinformation\/","og_site_name":"VSM - Stap in en reis mee!","article_modified_time":"2022-07-24T08:43:23+00:00","twitter_card":"summary_large_image","twitter_misc":{"Gesch\u00e4tzte Lesezeit":"2\u00a0Minuten"},"schema":{"@context":"https:\/\/schema.org","@graph":[{"@type":"WebPage","@id":"https:\/\/stoomtrein.org\/de\/ticketinformation\/","url":"https:\/\/stoomtrein.org\/de\/ticketinformation\/","name":"Ticketinformation - VSM - Stap in en reis mee!","isPartOf":{"@id":"https:\/\/stoomtrein.org\/#website"},"datePublished":"2020-04-23T13:03:55+00:00","dateModified":"2022-07-24T08:43:23+00:00","breadcrumb":{"@id":"https:\/\/stoomtrein.org\/de\/ticketinformation\/#breadcrumb"},"inLanguage":"de","potentialAction":[{"@type":"ReadAction","target":["https:\/\/stoomtrein.org\/de\/ticketinformation\/"]}]},{"@type":"BreadcrumbList","@id":"https:\/\/stoomtrein.org\/de\/ticketinformation\/#breadcrumb","itemListElement":[{"@type":"ListItem","position":1,"name":"Home","item":"https:\/\/stoomtrein.org\/de\/home\/"},{"@type":"ListItem","position":2,"name":"Ticketinformation"}]},{"@type":"WebSite","@id":"https:\/\/stoomtrein.org\/#website","url":"https:\/\/stoomtrein.org\/","name":"VSM - Stap in en reis mee!","description":"\u00c9\u00e9n van de leukste uitjes van Gelderland.","publisher":{"@id":"https:\/\/stoomtrein.org\/#organization"},"potentialAction":[{"@type":"SearchAction","target":{"@type":"EntryPoint","urlTemplate":"https:\/\/stoomtrein.org\/?s={search_term_string}"},"query-input":{"@type":"PropertyValueSpecification","valueRequired":true,"valueName":"search_term_string"}}],"inLanguage":"de"},{"@type":"Organization","@id":"https:\/\/stoomtrein.org\/#organization","name":"VSM - Stap in en reis mee!","url":"https:\/\/stoomtrein.org\/","logo":{"@type":"ImageObject","inLanguage":"de","@id":"https:\/\/stoomtrein.org\/#\/schema\/logo\/image\/","url":"https:\/\/stoomtrein.org\/wp-content\/uploads\/2020\/04\/Logo-heel.png","contentUrl":"https:\/\/stoomtrein.org\/wp-content\/uploads\/2020\/04\/Logo-heel.png","width":967,"height":1943,"caption":"VSM - Stap in en reis mee!"},"image":{"@id":"https:\/\/stoomtrein.org\/#\/schema\/logo\/image\/"}}]}},"jetpack_sharing_enabled":true,"_links":{"self":[{"href":"https:\/\/stoomtrein.org\/de\/wp-json\/wp\/v2\/pages\/42146","targetHints":{"allow":["GET"]}}],"collection":[{"href":"https:\/\/stoomtrein.org\/de\/wp-json\/wp\/v2\/pages"}],"about":[{"href":"https:\/\/stoomtrein.org\/de\/wp-json\/wp\/v2\/types\/page"}],"author":[{"embeddable":true,"href":"https:\/\/stoomtrein.org\/de\/wp-json\/wp\/v2\/users\/5"}],"replies":[{"embeddable":true,"href":"https:\/\/stoomtrein.org\/de\/wp-json\/wp\/v2\/comments?post=42146"}],"version-history":[{"count":5,"href":"https:\/\/stoomtrein.org\/de\/wp-json\/wp\/v2\/pages\/42146\/revisions"}],"predecessor-version":[{"id":89443,"href":"https:\/\/stoomtrein.org\/de\/wp-json\/wp\/v2\/pages\/42146\/revisions\/89443"}],"wp:attachment":[{"href":"https:\/\/stoomtrein.org\/de\/wp-json\/wp\/v2\/media?parent=42146"}],"curies":[{"name":"wp","href":"https:\/\/api.w.org\/{rel}","templated":true}]}}