{"id":42144,"date":"2020-04-23T15:03:56","date_gmt":"2020-04-23T13:03:56","guid":{"rendered":"https:\/\/stoomtrein.org\/tarieven\/"},"modified":"2025-12-31T12:58:14","modified_gmt":"2025-12-31T11:58:14","slug":"preise","status":"publish","type":"page","link":"https:\/\/stoomtrein.org\/de\/preise\/","title":{"rendered":"Preise"},"content":{"rendered":"<div class=\"wpb-content-wrapper\">[vc_row full_width=&#8220;stretch_row&#8220; css=&#8220;.vc_custom_1591557497034{background-image: url(https:\/\/stoomtrein.org\/wp-content\/uploads\/2020\/06\/Header09.jpg?id=7922) !important;background-position: center !important;background-repeat: no-repeat !important;background-size: cover !important;}&#8220;][vc_column][vc_single_image image=&#8220;6131&#8243; img_size=&#8220;90 x 90&#8243; alignment=&#8220;right&#8220; css=&#8220;.vc_custom_1589878146183{margin-top: 28% !important;margin-right: 1% !important;margin-bottom: 3% !important;}&#8220; visibility=&#8220;visible-phone&#8220;][vc_single_image image=&#8220;6131&#8243; img_size=&#8220;149 x 149&#8243; alignment=&#8220;right&#8220; css=&#8220;.vc_custom_1589878129287{margin-top: 28% !important;margin-right: 1% !important;margin-bottom: 3% !important;}&#8220; visibility=&#8220;hidden-phone&#8220;][\/vc_column][\/vc_row][vc_row css=&#8220;.vc_custom_1589463019461{padding-top: 8% !important;padding-bottom: 2% !important;}&#8220;][vc_column width=&#8220;1\/6&#8243;][\/vc_column][vc_column width=&#8220;2\/3&#8243;]<style>.vcex-heading.vcex_69f1f01a1c584{color:#1d1d1d;font-size:33px;font-family:'Crete Round';font-weight:400;line-height:1.18;}<\/style><h1 class=\"vcex-heading vcex-heading-plain vcex-module wpex-heading wpex-text-2xl wpex-text-center vc_custom_1589462754078 vcex_69f1f01a1c584\"><span class=\"vcex-heading-inner wpex-inline-block\">Preise<\/span><\/h1>[vc_column_text text_align=&#8220;center&#8220;]Der VSM bietet verschiedene Tickets an, die \u00fcber diese Website erworben werden k\u00f6nnen. Die untenstehenden Tickets gelten f\u00fcr den gr\u00fcnen und blauen Fahrplan und die Sommer-Nacht Express (inkl. Besuch der Museumsstation Beekbergen).[\/vc_column_text][vc_row_inner css=&#8220;.vc_custom_1588769002849{margin-top: 40px !important;margin-bottom: 24px !important;}&#8220;][vc_column_inner][vc_column_text css=&#8220;&#8220;]\n<table style=\"border-collapse: collapse; width: 100%;\" border=\"1\">\n<tbody>\n<tr style=\"background-color: #d7d7d7;\">\n<td style=\"width: 33.3333%; height: 24px;\"><span style=\"font-family: 'Open Sans';\">Erwachsene<\/span><\/td>\n<td style=\"width: 33.3333%; height: 24px;\"><span style=\"font-family: 'Open Sans';\">\u20ac 22,50<\/span><\/td>\n<\/tr>\n<tr style=\"background-color: #f0f0f0;\">\n<td style=\"width: 33.3333%; height: 24px;\"><span style=\"font-family: 'Open Sans';\">Kind (4 bis 11 Jahre)<\/span><\/td>\n<td style=\"width: 33.3333%; height: 24px;\"><span style=\"font-family: 'Open Sans';\">\u20ac 11,00<\/span><\/td>\n<\/tr>\n<tr style=\"background-color: #d7d7d7;\">\n<td style=\"width: 33.3333%; height: 24px;\"><span style=\"font-family: 'Open Sans';\">Kind bis 3 Jahre<\/span><\/td>\n<td style=\"width: 33.3333%; height: 24px;\"><span style=\"font-family: 'Open Sans';\">Kostenlos<\/span><\/td>\n<\/tr>\n<\/tbody>\n<\/table>\n[\/vc_column_text][\/vc_column_inner][\/vc_row_inner][\/vc_column][vc_column width=&#8220;1\/6&#8243;][\/vc_column][\/vc_row][vc_row css=&#8220;.vc_custom_1589462737460{padding-top: 8% !important;padding-bottom: 8% !important;}&#8220;][vc_column width=&#8220;1\/6&#8243;][\/vc_column][vc_column width=&#8220;2\/3&#8243;]<style>.vcex-heading.vcex_69f1f01a208cb{color:#1d1d1d;font-size:33px;font-family:'Crete Round';font-weight:400;line-height:1.18;}<\/style><h2 class=\"vcex-heading vcex-heading-plain vcex-module wpex-heading wpex-text-2xl wpex-text-center vc_custom_1630599060895 vcex_69f1f01a208cb\"><span class=\"vcex-heading-inner wpex-inline-block\">Anordnungen, Sonderfahrten und Veranstaltungen<\/span><\/h2>[vc_column_text text_align=&#8220;center&#8220;]F\u00fcr Anordnungen, Sonderfahrten und Veranstaltungen gelten besondere Tarife. Karten sind \u00fcber die Website zu bestellen.[\/vc_column_text][\/vc_column][vc_column width=&#8220;1\/6&#8243;][\/vc_column][\/vc_row]\n<\/div>","protected":false},"excerpt":{"rendered":"<p>[vc_row full_width=&#8220;stretch_row&#8220; css=&#8220;.vc_custom_1591557497034{background-image: url(https:\/\/stoomtrein.org\/wp-content\/uploads\/2020\/06\/Header09.jpg?id=7922) !important;background-position: center !important;background-repeat: no-repeat !important;background-size: cover !important;}&#8220;][vc_column][vc_single_image image=&#8220;6131&#8243; img_size=&#8220;90 x 90&#8243; alignment=&#8220;right&#8220; css=&#8220;.vc_custom_1589878146183{margin-top: 28% !important;margin-right: 1% !important;margin-bottom: 3% !important;}&#8220; visibility=&#8220;visible-phone&#8220;][vc_single_image image=&#8220;6131&#8243; img_size=&#8220;149 x 149&#8243; alignment=&#8220;right&#8220; css=&#8220;.vc_custom_1589878129287{margin-top: 28% !important;margin-right: 1% !important;margin-bottom: 3% !important;}&#8220; visibility=&#8220;hidden-phone&#8220;][\/vc_column][\/vc_row][vc_row css=&#8220;.vc_custom_1589463019461{padding-top: 8% !important;padding-bottom: 2% !important;}&#8220;][vc_column width=&#8220;1\/6&#8243;][\/vc_column][vc_column width=&#8220;2\/3&#8243;][vc_column_text text_align=&#8220;center&#8220;]Der VSM bietet verschiedene Tickets an, die \u00fcber diese Website erworben&hellip;<\/p>\n","protected":false},"author":5,"featured_media":0,"parent":0,"menu_order":0,"comment_status":"closed","ping_status":"closed","template":"","meta":{"footnotes":""},"class_list":["post-42144","page","type-page","status-publish","hentry","entry","no-media"],"yoast_head":"<!-- This site is optimized with the Yoast SEO plugin v27.4 - https:\/\/yoast.com\/product\/yoast-seo-wordpress\/ -->\n<title>Preise - VSM - Stap in en reis mee!<\/title>\n<meta name=\"robots\" content=\"index, follow, max-snippet:-1, max-image-preview:large, max-video-preview:-1\" \/>\n<link rel=\"canonical\" href=\"https:\/\/stoomtrein.org\/de\/preise\/\" \/>\n<meta property=\"og:locale\" content=\"de_DE\" \/>\n<meta property=\"og:type\" content=\"article\" \/>\n<meta property=\"og:title\" content=\"Preise - VSM - Stap in en reis mee!\" \/>\n<meta property=\"og:description\" content=\"[vc_row full_width=&#8220;stretch_row&#8220; css=&#8220;.vc_custom_1591557497034{background-image: url(https:\/\/stoomtrein.org\/wp-content\/uploads\/2020\/06\/Header09.jpg?id=7922) !important;background-position: center !important;background-repeat: no-repeat !important;background-size: cover !important;}&#8220;][vc_column][vc_single_image image=&#8220;6131&#8243; img_size=&#8220;90 x 90&#8243; alignment=&#8220;right&#8220; css=&#8220;.vc_custom_1589878146183{margin-top: 28% !important;margin-right: 1% !important;margin-bottom: 3% !important;}&#8220; visibility=&#8220;visible-phone&#8220;][vc_single_image image=&#8220;6131&#8243; img_size=&#8220;149 x 149&#8243; alignment=&#8220;right&#8220; css=&#8220;.vc_custom_1589878129287{margin-top: 28% !important;margin-right: 1% !important;margin-bottom: 3% !important;}&#8220; visibility=&#8220;hidden-phone&#8220;][\/vc_column][\/vc_row][vc_row css=&#8220;.vc_custom_1589463019461{padding-top: 8% !important;padding-bottom: 2% !important;}&#8220;][vc_column width=&#8220;1\/6&#8243;][\/vc_column][vc_column width=&#8220;2\/3&#8243;][vc_column_text text_align=&#8220;center&#8220;]Der VSM bietet verschiedene Tickets an, die \u00fcber diese Website erworben&hellip;\" \/>\n<meta property=\"og:url\" content=\"https:\/\/stoomtrein.org\/de\/preise\/\" \/>\n<meta property=\"og:site_name\" content=\"VSM - Stap in en reis mee!\" \/>\n<meta property=\"article:modified_time\" content=\"2025-12-31T11:58:14+00:00\" \/>\n<meta name=\"twitter:card\" content=\"summary_large_image\" \/>\n<meta name=\"twitter:label1\" content=\"Gesch\u00e4tzte Lesezeit\" \/>\n\t<meta name=\"twitter:data1\" content=\"2\u00a0Minuten\" \/>\n<script type=\"application\/ld+json\" class=\"yoast-schema-graph\">{\"@context\":\"https:\\\/\\\/schema.org\",\"@graph\":[{\"@type\":\"WebPage\",\"@id\":\"https:\\\/\\\/stoomtrein.org\\\/de\\\/preise\\\/\",\"url\":\"https:\\\/\\\/stoomtrein.org\\\/de\\\/preise\\\/\",\"name\":\"Preise - VSM - Stap in en reis mee!\",\"isPartOf\":{\"@id\":\"https:\\\/\\\/stoomtrein.org\\\/#website\"},\"datePublished\":\"2020-04-23T13:03:56+00:00\",\"dateModified\":\"2025-12-31T11:58:14+00:00\",\"breadcrumb\":{\"@id\":\"https:\\\/\\\/stoomtrein.org\\\/de\\\/preise\\\/#breadcrumb\"},\"inLanguage\":\"de\",\"potentialAction\":[{\"@type\":\"ReadAction\",\"target\":[\"https:\\\/\\\/stoomtrein.org\\\/de\\\/preise\\\/\"]}]},{\"@type\":\"BreadcrumbList\",\"@id\":\"https:\\\/\\\/stoomtrein.org\\\/de\\\/preise\\\/#breadcrumb\",\"itemListElement\":[{\"@type\":\"ListItem\",\"position\":1,\"name\":\"Home\",\"item\":\"https:\\\/\\\/stoomtrein.org\\\/de\\\/home\\\/\"},{\"@type\":\"ListItem\",\"position\":2,\"name\":\"Preise\"}]},{\"@type\":\"WebSite\",\"@id\":\"https:\\\/\\\/stoomtrein.org\\\/#website\",\"url\":\"https:\\\/\\\/stoomtrein.org\\\/\",\"name\":\"VSM - Stap in en reis mee!\",\"description\":\"\u00c9\u00e9n van de leukste uitjes van Gelderland.\",\"publisher\":{\"@id\":\"https:\\\/\\\/stoomtrein.org\\\/#organization\"},\"potentialAction\":[{\"@type\":\"SearchAction\",\"target\":{\"@type\":\"EntryPoint\",\"urlTemplate\":\"https:\\\/\\\/stoomtrein.org\\\/?s={search_term_string}\"},\"query-input\":{\"@type\":\"PropertyValueSpecification\",\"valueRequired\":true,\"valueName\":\"search_term_string\"}}],\"inLanguage\":\"de\"},{\"@type\":\"Organization\",\"@id\":\"https:\\\/\\\/stoomtrein.org\\\/#organization\",\"name\":\"VSM - Stap in en reis mee!\",\"url\":\"https:\\\/\\\/stoomtrein.org\\\/\",\"logo\":{\"@type\":\"ImageObject\",\"inLanguage\":\"de\",\"@id\":\"https:\\\/\\\/stoomtrein.org\\\/#\\\/schema\\\/logo\\\/image\\\/\",\"url\":\"https:\\\/\\\/stoomtrein.org\\\/wp-content\\\/uploads\\\/2020\\\/04\\\/Logo-heel.png\",\"contentUrl\":\"https:\\\/\\\/stoomtrein.org\\\/wp-content\\\/uploads\\\/2020\\\/04\\\/Logo-heel.png\",\"width\":967,\"height\":1943,\"caption\":\"VSM - Stap in en reis mee!\"},\"image\":{\"@id\":\"https:\\\/\\\/stoomtrein.org\\\/#\\\/schema\\\/logo\\\/image\\\/\"}}]}<\/script>\n<!-- \/ Yoast SEO plugin. -->","yoast_head_json":{"title":"Preise - VSM - Stap in en reis mee!","robots":{"index":"index","follow":"follow","max-snippet":"max-snippet:-1","max-image-preview":"max-image-preview:large","max-video-preview":"max-video-preview:-1"},"canonical":"https:\/\/stoomtrein.org\/de\/preise\/","og_locale":"de_DE","og_type":"article","og_title":"Preise - VSM - Stap in en reis mee!","og_description":"[vc_row full_width=&#8220;stretch_row&#8220; css=&#8220;.vc_custom_1591557497034{background-image: url(https:\/\/stoomtrein.org\/wp-content\/uploads\/2020\/06\/Header09.jpg?id=7922) !important;background-position: center !important;background-repeat: no-repeat !important;background-size: cover !important;}&#8220;][vc_column][vc_single_image image=&#8220;6131&#8243; img_size=&#8220;90 x 90&#8243; alignment=&#8220;right&#8220; css=&#8220;.vc_custom_1589878146183{margin-top: 28% !important;margin-right: 1% !important;margin-bottom: 3% !important;}&#8220; visibility=&#8220;visible-phone&#8220;][vc_single_image image=&#8220;6131&#8243; img_size=&#8220;149 x 149&#8243; alignment=&#8220;right&#8220; css=&#8220;.vc_custom_1589878129287{margin-top: 28% !important;margin-right: 1% !important;margin-bottom: 3% !important;}&#8220; visibility=&#8220;hidden-phone&#8220;][\/vc_column][\/vc_row][vc_row css=&#8220;.vc_custom_1589463019461{padding-top: 8% !important;padding-bottom: 2% !important;}&#8220;][vc_column width=&#8220;1\/6&#8243;][\/vc_column][vc_column width=&#8220;2\/3&#8243;][vc_column_text text_align=&#8220;center&#8220;]Der VSM bietet verschiedene Tickets an, die \u00fcber diese Website erworben&hellip;","og_url":"https:\/\/stoomtrein.org\/de\/preise\/","og_site_name":"VSM - Stap in en reis mee!","article_modified_time":"2025-12-31T11:58:14+00:00","twitter_card":"summary_large_image","twitter_misc":{"Gesch\u00e4tzte Lesezeit":"2\u00a0Minuten"},"schema":{"@context":"https:\/\/schema.org","@graph":[{"@type":"WebPage","@id":"https:\/\/stoomtrein.org\/de\/preise\/","url":"https:\/\/stoomtrein.org\/de\/preise\/","name":"Preise - VSM - Stap in en reis mee!","isPartOf":{"@id":"https:\/\/stoomtrein.org\/#website"},"datePublished":"2020-04-23T13:03:56+00:00","dateModified":"2025-12-31T11:58:14+00:00","breadcrumb":{"@id":"https:\/\/stoomtrein.org\/de\/preise\/#breadcrumb"},"inLanguage":"de","potentialAction":[{"@type":"ReadAction","target":["https:\/\/stoomtrein.org\/de\/preise\/"]}]},{"@type":"BreadcrumbList","@id":"https:\/\/stoomtrein.org\/de\/preise\/#breadcrumb","itemListElement":[{"@type":"ListItem","position":1,"name":"Home","item":"https:\/\/stoomtrein.org\/de\/home\/"},{"@type":"ListItem","position":2,"name":"Preise"}]},{"@type":"WebSite","@id":"https:\/\/stoomtrein.org\/#website","url":"https:\/\/stoomtrein.org\/","name":"VSM - Stap in en reis mee!","description":"\u00c9\u00e9n van de leukste uitjes van Gelderland.","publisher":{"@id":"https:\/\/stoomtrein.org\/#organization"},"potentialAction":[{"@type":"SearchAction","target":{"@type":"EntryPoint","urlTemplate":"https:\/\/stoomtrein.org\/?s={search_term_string}"},"query-input":{"@type":"PropertyValueSpecification","valueRequired":true,"valueName":"search_term_string"}}],"inLanguage":"de"},{"@type":"Organization","@id":"https:\/\/stoomtrein.org\/#organization","name":"VSM - Stap in en reis mee!","url":"https:\/\/stoomtrein.org\/","logo":{"@type":"ImageObject","inLanguage":"de","@id":"https:\/\/stoomtrein.org\/#\/schema\/logo\/image\/","url":"https:\/\/stoomtrein.org\/wp-content\/uploads\/2020\/04\/Logo-heel.png","contentUrl":"https:\/\/stoomtrein.org\/wp-content\/uploads\/2020\/04\/Logo-heel.png","width":967,"height":1943,"caption":"VSM - Stap in en reis mee!"},"image":{"@id":"https:\/\/stoomtrein.org\/#\/schema\/logo\/image\/"}}]}},"jetpack_sharing_enabled":true,"_links":{"self":[{"href":"https:\/\/stoomtrein.org\/de\/wp-json\/wp\/v2\/pages\/42144","targetHints":{"allow":["GET"]}}],"collection":[{"href":"https:\/\/stoomtrein.org\/de\/wp-json\/wp\/v2\/pages"}],"about":[{"href":"https:\/\/stoomtrein.org\/de\/wp-json\/wp\/v2\/types\/page"}],"author":[{"embeddable":true,"href":"https:\/\/stoomtrein.org\/de\/wp-json\/wp\/v2\/users\/5"}],"replies":[{"embeddable":true,"href":"https:\/\/stoomtrein.org\/de\/wp-json\/wp\/v2\/comments?post=42144"}],"version-history":[{"count":6,"href":"https:\/\/stoomtrein.org\/de\/wp-json\/wp\/v2\/pages\/42144\/revisions"}],"predecessor-version":[{"id":211670,"href":"https:\/\/stoomtrein.org\/de\/wp-json\/wp\/v2\/pages\/42144\/revisions\/211670"}],"wp:attachment":[{"href":"https:\/\/stoomtrein.org\/de\/wp-json\/wp\/v2\/media?parent=42144"}],"curies":[{"name":"wp","href":"https:\/\/api.w.org\/{rel}","templated":true}]}}