{"id":42143,"date":"2020-07-22T11:26:38","date_gmt":"2020-07-22T09:26:38","guid":{"rendered":"https:\/\/stoomtrein.org\/summer-night-express\/"},"modified":"2021-09-02T23:36:54","modified_gmt":"2021-09-02T21:36:54","slug":"sommer-nacht-express","status":"publish","type":"page","link":"https:\/\/stoomtrein.org\/de\/sommer-nacht-express\/","title":{"rendered":"Sommer-Nacht Express"},"content":{"rendered":"<div class=\"wpb-content-wrapper\">[vc_row full_width=&#8220;stretch_row&#8220; css=&#8220;.vc_custom_1595408627149{background-image: url(https:\/\/stoomtrein.org\/wp-content\/uploads\/2020\/05\/Header07.jpg?id=7404) !important;background-position: center !important;background-repeat: no-repeat !important;background-size: cover !important;}&#8220;][vc_column][vc_single_image image=&#8220;6131&#8243; img_size=&#8220;149 x 149&#8243; alignment=&#8220;right&#8220; css=&#8220;.vc_custom_1589878182563{margin-top: 28% !important;margin-right: 1% !important;margin-bottom: 3% !important;}&#8220; visibility=&#8220;hidden-phone&#8220;][vc_single_image image=&#8220;6131&#8243; img_size=&#8220;90 x 90&#8243; alignment=&#8220;right&#8220; css=&#8220;.vc_custom_1589878169600{margin-top: 28% !important;margin-right: 1% !important;margin-bottom: 3% !important;}&#8220; visibility=&#8220;visible-phone&#8220;][\/vc_column][\/vc_row][vc_row full_width=&#8220;stretch_row&#8220; equal_height=&#8220;yes&#8220; css=&#8220;.vc_custom_1589466101232{margin-top: 8% !important;margin-bottom: 2% !important;}&#8220;][vc_column width=&#8220;1\/2&#8243; el_id=&#8220;equal-height-content&#8220;]<style>.vcex-heading.vcex_69eb29a505c42{color:#1d1d1d;font-size:55px;font-family:'Crete Round';font-style:italic;line-height:1.18;}@media (max-width:767px){.vcex-heading.vcex_69eb29a505c42{font-size:40px;}}@media (max-width:479px){.vcex-heading.vcex_69eb29a505c42{font-size:40px;}}<\/style><h1 class=\"vcex-heading vcex-heading-plain vcex-module wpex-heading wpex-text-2xl wpex-text-left vc_custom_1630617532231 vcex_69eb29a505c42\"><span class=\"vcex-heading-inner wpex-inline-block\">NEU! Erleben Sie die Abendsonne auf der Veluwe!<\/span><\/h1>[vc_column_text css=&#8220;.vc_custom_1630617551899{margin-top: 24px !important;margin-bottom: 16px !important;}&#8220; text_align=&#8220;left&#8220;]Sehen Sie die Veluwe am fr\u00fchen Abend anders, n\u00e4mlich vom fahrenden Dampfzug aus! Genie\u00dfen Sie die pr\u00e4chtige Aussicht w\u00e4hrend Ihrer abendlichen Fahrt mit der Koningslijn. Sie werden Ihren Augen und Ohren nicht trauen, da die Veluwe w\u00e4hrend der goldenen Stunde, der letzten Stunde vor Sonnenuntergang, am sch\u00f6nsten ist. Um ganz in die romantische Atmosph\u00e4re einzutauchen, k\u00f6nnen Sie im Voraus Ihr Getr\u00e4nkepaket f\u00fcr eine noch geschmackvollere Reise buchen![\/vc_column_text][\/vc_column][vc_column width=&#8220;1\/2&#8243; css=&#8220;.vc_custom_1595408846976{padding-top: 50px !important;padding-bottom: 50px !important;background-image: url(https:\/\/stoomtrein.org\/wp-content\/uploads\/2020\/07\/SummerNight01.jpg?id=16329) !important;background-position: center !important;background-repeat: no-repeat !important;background-size: cover !important;}&#8220; el_id=&#8220;equal-height-content&#8220;][\/vc_column][\/vc_row][vc_row full_width=&#8220;stretch_row&#8220; equal_height=&#8220;yes&#8220; css=&#8220;.vc_custom_1589466101232{margin-top: 8% !important;margin-bottom: 2% !important;}&#8220;][vc_column width=&#8220;1\/2&#8243; css=&#8220;.vc_custom_1595408937573{padding-top: 50px !important;padding-bottom: 50px !important;background-image: url(https:\/\/stoomtrein.org\/wp-content\/uploads\/2020\/06\/Museumstation02.jpg?id=7920) !important;background-position: center !important;background-repeat: no-repeat !important;background-size: cover !important;}&#8220;][\/vc_column][vc_column width=&#8220;1\/2&#8243;][vc_column_text css=&#8220;.vc_custom_1630617576206{margin-top: 24px !important;margin-bottom: 16px !important;}&#8220; text_align=&#8220;left&#8220;]Vor Ihrer Reise k\u00f6nnen Sie den Bahnhof Beekbergen besuchen, das Herz eines lebenden Eisenbahnmuseums: das Museumsdampfdepot! Hier erleben Sie die fr\u00fchere Zeit mit einer sehr umfangreichen Sammlung von Ger\u00e4ten, einer gro\u00dfen Werkstatt, einem sch\u00f6nen alten Bahnhofsgeb\u00e4ude mit einem authentischen Bahnhofsb\u00fcro, einer gro\u00dfen Drehscheibe zum Drehen der Dampf- und Diesellokomotiven, einem fahrenden Kohlekran, Wassers\u00e4ulen, Fl\u00fcgelsignalen, manuellen Bahn\u00fcberg\u00e4ngen und vieles mehr.[\/vc_column_text][\/vc_column][\/vc_row][vc_row full_width=&#8220;stretch_row&#8220; css=&#8220;.vc_custom_1589465642667{margin-top: 8% !important;margin-bottom: 2% !important;padding-top: 8% !important;padding-bottom: 8% !important;background-color: #f0f0f0 !important;}&#8220;][vc_column][vc_row_inner][vc_column_inner]<style>.vcex-heading.vcex_69eb29a508a9e{color:#1d1d1d;font-size:33px;font-family:'Crete Round';}<\/style><h3 class=\"vcex-heading vcex-heading-plain vcex-module wpex-heading wpex-text-2xl wpex-text-left vcex_69eb29a508a9e\"><span class=\"vcex-heading-inner wpex-inline-block\">Kommende Fahrtage<\/span><\/h3>[vc_column_text css=&#8220;.vc_custom_1596188683804{margin-top: 20px !important;margin-bottom: 30px !important;}&#8220;]<div class=\"dp_pec_grid_wrapper\" id=\"dp_pec_id1072825126\"><div class=\"dp_pec_content\"><ul class=\"dp_pec_grid_columns_4 dp_pec_grid_gap_10\"><li class=\"dp_pec_grid_no_events\"><p class=\"dp_pec_event_no_events\">No Events were found.<\/p><\/li><\/ul><\/div><\/div>[\/vc_column_text][\/vc_column_inner][\/vc_row_inner][vc_row_inner css=&#8220;.vc_custom_1595409251224{margin-bottom: 8% !important;}&#8220;][vc_column_inner width=&#8220;1\/3&#8243; css=&#8220;.vc_custom_1589465821476{margin-top: 60px !important;}&#8220;]<style>.vcex-heading.vcex_69eb29a50b597{color:#1d1d1d;font-size:33px;font-family:'Crete Round';}<\/style><h3 class=\"vcex-heading vcex-heading-plain vcex-module wpex-heading wpex-text-2xl wpex-text-left vcex_69eb29a50b597\"><span class=\"vcex-heading-inner wpex-inline-block\">Abfahrtszeiten<\/span><\/h3>[vc_column_text]Abfahrt ist um 19:25 Uhr vom Museumsbahnhof Beekbergen (R\u00fcckkehr um 21:00 Uhr), an anderen Bahnh\u00f6fen gibt es keine M\u00f6glichkeit zum Ein- oder Aussteigen. Vor der Zugfahrt k\u00f6nnen Sie zwischen 18:30 und 19:15 Uhr den Museumsbahnhof Beekbergen besuchen.[\/vc_column_text][\/vc_column_inner][vc_column_inner width=&#8220;1\/3&#8243; css=&#8220;.vc_custom_1589465812500{margin-top: 60px !important;}&#8220;]<style>.vcex-heading.vcex_69eb29a50bf74{color:#1d1d1d;font-size:33px;font-family:'Crete Round';}<\/style><h3 class=\"vcex-heading vcex-heading-plain vcex-module wpex-heading wpex-text-2xl wpex-text-left vcex_69eb29a50bf74\"><span class=\"vcex-heading-inner wpex-inline-block\">Tarife<\/span><\/h3>[vc_column_text]Die aktuellen Tarife f\u00fcr dieses Paket finden Sie auf unserer Tarifseite, f\u00fcr den Sommer-Nacht Express gelten die Tarife f\u00fcr regul\u00e4re Hin- und R\u00fcckfahrkarten.[\/vc_column_text]<style>.vcex-button.vcex_69eb29a50d24f{background:#690013;padding-block-start:9px;padding-block-end:11px;padding-inline:40px;}.vcex-button.vcex_69eb29a50d24f:hover{background:#ff9600!important;}<\/style><div class=\"vc_custom_1630618467467 wpex-clr\"><a href=\"https:\/\/stoomtrein.org\/de\/preise\/\" class=\"vcex-button theme-button align-left inline hvr hvr-shadow vcex_69eb29a50d24f\"><span class=\"vcex-button-inner theme-button-inner wpex-flex wpex-flex-wrap wpex-items-center wpex-justify-center\">Sehen Sie sich die aktuellen Tarife an<\/span><\/a><\/div> [\/vc_column_inner][vc_column_inner width=&#8220;1\/3&#8243; css=&#8220;.vc_custom_1589465785554{margin-top: 30px !important;}&#8220;]<style>.vcex-heading.vcex_69eb29a511f8b{color:#fdfdfd;font-size:33px;font-family:'Crete Round';line-height:1.12;}<\/style><h3 class=\"vcex-heading vcex-heading-plain vcex-module wpex-heading wpex-text-2xl wpex-text-left vc_custom_1589465405316 vcex_69eb29a511f8b\"><span class=\"vcex-heading-inner wpex-inline-block\">Tickets<\/span><\/h3>[vc_column_text text_align=&#8220;left&#8220; color=&#8220;#fdfdfd&#8220; css=&#8220;.vc_custom_1630618608150{margin-bottom: 5px !important;padding-top: 5px !important;padding-right: 22px !important;padding-bottom: 24px !important;padding-left: 22px !important;background-color: #ff9600 !important;}&#8220; el_class=&#8220;arrangement-blok&#8220;]F\u00fcr den Sommer Nacht-Express ist eine Reservierung erforderlich, die an der Ticketshop vorgenommen werden kann.[\/vc_column_text]<style>.vcex-button.vcex_69eb29a512c8d{border-radius:0px;background:#690013;color:#fdfdfd!important;width:100%;padding-block-start:11px;padding-block-end:15px;font-size:18px;}.vcex-button.vcex_69eb29a512c8d:hover{background:#690013!important;color:#fdfdfd!important;}<\/style><div class=\"theme-button-wrap textcenter wpex-clr\"><a href=\"https:\/\/stoomtrein.org\/de\/tickets-kaufen\/\" class=\"vcex-button theme-button align-center inline arrangementbtn wpex-flex-shrink-0 vcex_69eb29a512c8d\"><span class=\"vcex-button-inner theme-button-inner wpex-flex wpex-flex-wrap wpex-items-center wpex-justify-center\">Bestellen Sie Ihre Tickets direkt hier<\/span><\/a><\/div> [\/vc_column_inner][\/vc_row_inner][\/vc_column][\/vc_row]\n<\/div>","protected":false},"excerpt":{"rendered":"<p>[vc_row full_width=&#8220;stretch_row&#8220; css=&#8220;.vc_custom_1595408627149{background-image: url(https:\/\/stoomtrein.org\/wp-content\/uploads\/2020\/05\/Header07.jpg?id=7404) !important;background-position: center !important;background-repeat: no-repeat !important;background-size: cover !important;}&#8220;][vc_column][vc_single_image image=&#8220;6131&#8243; img_size=&#8220;149 x 149&#8243; alignment=&#8220;right&#8220; css=&#8220;.vc_custom_1589878182563{margin-top: 28% !important;margin-right: 1% !important;margin-bottom: 3% !important;}&#8220; visibility=&#8220;hidden-phone&#8220;][vc_single_image image=&#8220;6131&#8243; img_size=&#8220;90 x 90&#8243; alignment=&#8220;right&#8220; css=&#8220;.vc_custom_1589878169600{margin-top: 28% !important;margin-right: 1% !important;margin-bottom: 3% !important;}&#8220; visibility=&#8220;visible-phone&#8220;][\/vc_column][\/vc_row][vc_row full_width=&#8220;stretch_row&#8220; equal_height=&#8220;yes&#8220; css=&#8220;.vc_custom_1589466101232{margin-top: 8% !important;margin-bottom: 2% !important;}&#8220;][vc_column width=&#8220;1\/2&#8243; el_id=&#8220;equal-height-content&#8220;][vc_column_text css=&#8220;.vc_custom_1630617551899{margin-top: 24px !important;margin-bottom: 16px !important;}&#8220; text_align=&#8220;left&#8220;]Sehen Sie die Veluwe&hellip;<\/p>\n","protected":false},"author":13,"featured_media":0,"parent":0,"menu_order":0,"comment_status":"closed","ping_status":"closed","template":"","meta":{"footnotes":""},"class_list":["post-42143","page","type-page","status-publish","hentry","entry","no-media"],"yoast_head":"<!-- This site is optimized with the Yoast SEO plugin v26.9 - https:\/\/yoast.com\/product\/yoast-seo-wordpress\/ -->\n<title>Sommer-Nacht Express - VSM - Stap in en reis mee!<\/title>\n<meta name=\"robots\" content=\"index, follow, max-snippet:-1, max-image-preview:large, max-video-preview:-1\" \/>\n<link rel=\"canonical\" href=\"https:\/\/stoomtrein.org\/de\/sommer-nacht-express\/\" \/>\n<meta property=\"og:locale\" content=\"de_DE\" \/>\n<meta property=\"og:type\" content=\"article\" \/>\n<meta property=\"og:title\" content=\"Sommer-Nacht Express - VSM - Stap in en reis mee!\" \/>\n<meta property=\"og:description\" content=\"[vc_row full_width=&#8220;stretch_row&#8220; css=&#8220;.vc_custom_1595408627149{background-image: url(https:\/\/stoomtrein.org\/wp-content\/uploads\/2020\/05\/Header07.jpg?id=7404) !important;background-position: center !important;background-repeat: no-repeat !important;background-size: cover !important;}&#8220;][vc_column][vc_single_image image=&#8220;6131&#8243; img_size=&#8220;149 x 149&#8243; alignment=&#8220;right&#8220; css=&#8220;.vc_custom_1589878182563{margin-top: 28% !important;margin-right: 1% !important;margin-bottom: 3% !important;}&#8220; visibility=&#8220;hidden-phone&#8220;][vc_single_image image=&#8220;6131&#8243; img_size=&#8220;90 x 90&#8243; alignment=&#8220;right&#8220; css=&#8220;.vc_custom_1589878169600{margin-top: 28% !important;margin-right: 1% !important;margin-bottom: 3% !important;}&#8220; visibility=&#8220;visible-phone&#8220;][\/vc_column][\/vc_row][vc_row full_width=&#8220;stretch_row&#8220; equal_height=&#8220;yes&#8220; css=&#8220;.vc_custom_1589466101232{margin-top: 8% !important;margin-bottom: 2% !important;}&#8220;][vc_column width=&#8220;1\/2&#8243; el_id=&#8220;equal-height-content&#8220;][vc_column_text css=&#8220;.vc_custom_1630617551899{margin-top: 24px !important;margin-bottom: 16px !important;}&#8220; text_align=&#8220;left&#8220;]Sehen Sie die Veluwe&hellip;\" \/>\n<meta property=\"og:url\" content=\"https:\/\/stoomtrein.org\/de\/sommer-nacht-express\/\" \/>\n<meta property=\"og:site_name\" content=\"VSM - Stap in en reis mee!\" \/>\n<meta property=\"article:modified_time\" content=\"2021-09-02T21:36:54+00:00\" \/>\n<meta name=\"twitter:card\" content=\"summary_large_image\" \/>\n<meta name=\"twitter:label1\" content=\"Gesch\u00e4tzte Lesezeit\" \/>\n\t<meta name=\"twitter:data1\" content=\"4\u00a0Minuten\" \/>\n<script type=\"application\/ld+json\" class=\"yoast-schema-graph\">{\"@context\":\"https:\/\/schema.org\",\"@graph\":[{\"@type\":\"WebPage\",\"@id\":\"https:\/\/stoomtrein.org\/de\/sommer-nacht-express\/\",\"url\":\"https:\/\/stoomtrein.org\/de\/sommer-nacht-express\/\",\"name\":\"Sommer-Nacht Express - VSM - Stap in en reis mee!\",\"isPartOf\":{\"@id\":\"https:\/\/stoomtrein.org\/#website\"},\"datePublished\":\"2020-07-22T09:26:38+00:00\",\"dateModified\":\"2021-09-02T21:36:54+00:00\",\"breadcrumb\":{\"@id\":\"https:\/\/stoomtrein.org\/de\/sommer-nacht-express\/#breadcrumb\"},\"inLanguage\":\"de\",\"potentialAction\":[{\"@type\":\"ReadAction\",\"target\":[\"https:\/\/stoomtrein.org\/de\/sommer-nacht-express\/\"]}]},{\"@type\":\"BreadcrumbList\",\"@id\":\"https:\/\/stoomtrein.org\/de\/sommer-nacht-express\/#breadcrumb\",\"itemListElement\":[{\"@type\":\"ListItem\",\"position\":1,\"name\":\"Home\",\"item\":\"https:\/\/stoomtrein.org\/de\/home\/\"},{\"@type\":\"ListItem\",\"position\":2,\"name\":\"Sommer-Nacht Express\"}]},{\"@type\":\"WebSite\",\"@id\":\"https:\/\/stoomtrein.org\/#website\",\"url\":\"https:\/\/stoomtrein.org\/\",\"name\":\"VSM - Stap in en reis mee!\",\"description\":\"\u00c9\u00e9n van de leukste uitjes van Gelderland.\",\"publisher\":{\"@id\":\"https:\/\/stoomtrein.org\/#organization\"},\"potentialAction\":[{\"@type\":\"SearchAction\",\"target\":{\"@type\":\"EntryPoint\",\"urlTemplate\":\"https:\/\/stoomtrein.org\/?s={search_term_string}\"},\"query-input\":{\"@type\":\"PropertyValueSpecification\",\"valueRequired\":true,\"valueName\":\"search_term_string\"}}],\"inLanguage\":\"de\"},{\"@type\":\"Organization\",\"@id\":\"https:\/\/stoomtrein.org\/#organization\",\"name\":\"VSM - Stap in en reis mee!\",\"url\":\"https:\/\/stoomtrein.org\/\",\"logo\":{\"@type\":\"ImageObject\",\"inLanguage\":\"de\",\"@id\":\"https:\/\/stoomtrein.org\/#\/schema\/logo\/image\/\",\"url\":\"https:\/\/stoomtrein.org\/wp-content\/uploads\/2020\/04\/Logo-heel.png\",\"contentUrl\":\"https:\/\/stoomtrein.org\/wp-content\/uploads\/2020\/04\/Logo-heel.png\",\"width\":967,\"height\":1943,\"caption\":\"VSM - Stap in en reis mee!\"},\"image\":{\"@id\":\"https:\/\/stoomtrein.org\/#\/schema\/logo\/image\/\"}}]}<\/script>\n<!-- \/ Yoast SEO plugin. -->","yoast_head_json":{"title":"Sommer-Nacht Express - VSM - Stap in en reis mee!","robots":{"index":"index","follow":"follow","max-snippet":"max-snippet:-1","max-image-preview":"max-image-preview:large","max-video-preview":"max-video-preview:-1"},"canonical":"https:\/\/stoomtrein.org\/de\/sommer-nacht-express\/","og_locale":"de_DE","og_type":"article","og_title":"Sommer-Nacht Express - VSM - Stap in en reis mee!","og_description":"[vc_row full_width=&#8220;stretch_row&#8220; css=&#8220;.vc_custom_1595408627149{background-image: url(https:\/\/stoomtrein.org\/wp-content\/uploads\/2020\/05\/Header07.jpg?id=7404) !important;background-position: center !important;background-repeat: no-repeat !important;background-size: cover !important;}&#8220;][vc_column][vc_single_image image=&#8220;6131&#8243; img_size=&#8220;149 x 149&#8243; alignment=&#8220;right&#8220; css=&#8220;.vc_custom_1589878182563{margin-top: 28% !important;margin-right: 1% !important;margin-bottom: 3% !important;}&#8220; visibility=&#8220;hidden-phone&#8220;][vc_single_image image=&#8220;6131&#8243; img_size=&#8220;90 x 90&#8243; alignment=&#8220;right&#8220; css=&#8220;.vc_custom_1589878169600{margin-top: 28% !important;margin-right: 1% !important;margin-bottom: 3% !important;}&#8220; visibility=&#8220;visible-phone&#8220;][\/vc_column][\/vc_row][vc_row full_width=&#8220;stretch_row&#8220; equal_height=&#8220;yes&#8220; css=&#8220;.vc_custom_1589466101232{margin-top: 8% !important;margin-bottom: 2% !important;}&#8220;][vc_column width=&#8220;1\/2&#8243; el_id=&#8220;equal-height-content&#8220;][vc_column_text css=&#8220;.vc_custom_1630617551899{margin-top: 24px !important;margin-bottom: 16px !important;}&#8220; text_align=&#8220;left&#8220;]Sehen Sie die Veluwe&hellip;","og_url":"https:\/\/stoomtrein.org\/de\/sommer-nacht-express\/","og_site_name":"VSM - Stap in en reis mee!","article_modified_time":"2021-09-02T21:36:54+00:00","twitter_card":"summary_large_image","twitter_misc":{"Gesch\u00e4tzte Lesezeit":"4\u00a0Minuten"},"schema":{"@context":"https:\/\/schema.org","@graph":[{"@type":"WebPage","@id":"https:\/\/stoomtrein.org\/de\/sommer-nacht-express\/","url":"https:\/\/stoomtrein.org\/de\/sommer-nacht-express\/","name":"Sommer-Nacht Express - VSM - Stap in en reis mee!","isPartOf":{"@id":"https:\/\/stoomtrein.org\/#website"},"datePublished":"2020-07-22T09:26:38+00:00","dateModified":"2021-09-02T21:36:54+00:00","breadcrumb":{"@id":"https:\/\/stoomtrein.org\/de\/sommer-nacht-express\/#breadcrumb"},"inLanguage":"de","potentialAction":[{"@type":"ReadAction","target":["https:\/\/stoomtrein.org\/de\/sommer-nacht-express\/"]}]},{"@type":"BreadcrumbList","@id":"https:\/\/stoomtrein.org\/de\/sommer-nacht-express\/#breadcrumb","itemListElement":[{"@type":"ListItem","position":1,"name":"Home","item":"https:\/\/stoomtrein.org\/de\/home\/"},{"@type":"ListItem","position":2,"name":"Sommer-Nacht Express"}]},{"@type":"WebSite","@id":"https:\/\/stoomtrein.org\/#website","url":"https:\/\/stoomtrein.org\/","name":"VSM - Stap in en reis mee!","description":"\u00c9\u00e9n van de leukste uitjes van Gelderland.","publisher":{"@id":"https:\/\/stoomtrein.org\/#organization"},"potentialAction":[{"@type":"SearchAction","target":{"@type":"EntryPoint","urlTemplate":"https:\/\/stoomtrein.org\/?s={search_term_string}"},"query-input":{"@type":"PropertyValueSpecification","valueRequired":true,"valueName":"search_term_string"}}],"inLanguage":"de"},{"@type":"Organization","@id":"https:\/\/stoomtrein.org\/#organization","name":"VSM - Stap in en reis mee!","url":"https:\/\/stoomtrein.org\/","logo":{"@type":"ImageObject","inLanguage":"de","@id":"https:\/\/stoomtrein.org\/#\/schema\/logo\/image\/","url":"https:\/\/stoomtrein.org\/wp-content\/uploads\/2020\/04\/Logo-heel.png","contentUrl":"https:\/\/stoomtrein.org\/wp-content\/uploads\/2020\/04\/Logo-heel.png","width":967,"height":1943,"caption":"VSM - Stap in en reis mee!"},"image":{"@id":"https:\/\/stoomtrein.org\/#\/schema\/logo\/image\/"}}]}},"jetpack_sharing_enabled":true,"_links":{"self":[{"href":"https:\/\/stoomtrein.org\/de\/wp-json\/wp\/v2\/pages\/42143","targetHints":{"allow":["GET"]}}],"collection":[{"href":"https:\/\/stoomtrein.org\/de\/wp-json\/wp\/v2\/pages"}],"about":[{"href":"https:\/\/stoomtrein.org\/de\/wp-json\/wp\/v2\/types\/page"}],"author":[{"embeddable":true,"href":"https:\/\/stoomtrein.org\/de\/wp-json\/wp\/v2\/users\/13"}],"replies":[{"embeddable":true,"href":"https:\/\/stoomtrein.org\/de\/wp-json\/wp\/v2\/comments?post=42143"}],"version-history":[{"count":0,"href":"https:\/\/stoomtrein.org\/de\/wp-json\/wp\/v2\/pages\/42143\/revisions"}],"wp:attachment":[{"href":"https:\/\/stoomtrein.org\/de\/wp-json\/wp\/v2\/media?parent=42143"}],"curies":[{"name":"wp","href":"https:\/\/api.w.org\/{rel}","templated":true}]}}