{"id":42138,"date":"2020-04-28T15:42:53","date_gmt":"2020-04-28T13:42:53","guid":{"rendered":"https:\/\/stoomtrein.org\/sinterklaas-pepernoten-express\/"},"modified":"2021-09-03T13:36:12","modified_gmt":"2021-09-03T11:36:12","slug":"sinterklaas-pepernoten-express","status":"publish","type":"page","link":"https:\/\/stoomtrein.org\/de\/sinterklaas-pepernoten-express\/","title":{"rendered":"Sinterklaas Pepernoten-Express"},"content":{"rendered":"<div class=\"wpb-content-wrapper\">[vc_row full_width=&#8220;stretch_row&#8220; css=&#8220;.vc_custom_1591552407490{background-image: url(https:\/\/stoomtrein.org\/wp-content\/uploads\/2020\/06\/Header_sinterklaas.jpg?id=7901) !important;background-position: center !important;background-repeat: no-repeat !important;background-size: cover !important;}&#8220;][vc_column][vc_single_image image=&#8220;6131&#8243; img_size=&#8220;90 x 90&#8243; alignment=&#8220;right&#8220; css=&#8220;.vc_custom_1591359926602{margin-top: 28% !important;margin-right: 1% !important;margin-bottom: 3% !important;}&#8220; visibility=&#8220;visible-phone&#8220;][vc_single_image image=&#8220;6131&#8243; img_size=&#8220;149 x 149&#8243; alignment=&#8220;right&#8220; css=&#8220;.vc_custom_1591359935571{margin-top: 28% !important;margin-right: 1% !important;margin-bottom: 3% !important;}&#8220; visibility=&#8220;hidden-phone&#8220;][\/vc_column][\/vc_row][vc_row full_width=&#8220;stretch_row&#8220; equal_height=&#8220;yes&#8220; css=&#8220;.vc_custom_1589466460376{padding-top: 8% !important;padding-bottom: 2% !important;}&#8220;][vc_column width=&#8220;1\/2&#8243; el_id=&#8220;equal-height-content&#8220;]<style>.vcex-heading.vcex_69dbfaf160f9c{color:#1d1d1d;font-size:55px;font-family:'Crete Round';font-style:italic;line-height:1.18;}@media (max-width:767px){.vcex-heading.vcex_69dbfaf160f9c{font-size:40px;}}@media (max-width:479px){.vcex-heading.vcex_69dbfaf160f9c{font-size:40px;}}<\/style><h1 class=\"vcex-heading vcex-heading-plain vcex-module wpex-heading wpex-text-2xl wpex-text-left vc_custom_1630668116712 vcex_69dbfaf160f9c\"><span class=\"vcex-heading-inner wpex-inline-block\">Genie\u00dfen Sie zusammen mit Sinterklaas, dem Nikolaus, eine Reise \u00fcber die Veluwe!<\/span><\/h1>[vc_column_text css=&#8220;.vc_custom_1630668967135{margin-top: 24px !important;margin-bottom: 16px !important;}&#8220; text_align=&#8220;left&#8220;]<strong>Bitte beachten Sie: <\/strong><em>Aufgrund der aktuellen Ma\u00dfnahmen im Zusammenhang mit dem Corona-Virus ist es leider nicht m\u00f6glich, diesen speziellen Fahrtag zu veranstalten. Wir hoffen, den Pepernoten-Express im Jahr 2022 wieder unter Dampf setzen zu k\u00f6nnen.<\/em>[\/vc_column_text][vc_column_text css=&#8220;.vc_custom_1630668253228{margin-top: 24px !important;margin-bottom: 16px !important;}&#8220; text_align=&#8220;left&#8220;]Sinterklaas und seine Zwarte Pieten werden im November wieder in unserem Land sein und die VSM wird das nat\u00fcrlich feiern. Sinterklaas f\u00e4hrt nicht nur mit dem Dampfschiff, sondern liebt auch unsere Dampfz\u00fcge. Sinterklaas kommt daher mit vielen Pieten nach Beekbergen, um mit Ihnen ein k\u00f6stliches Pfannkuchenbuffet in einem unserer luxuri\u00f6sen Speisewagen zu genie\u00dfen.<\/p>\n<p>Nat\u00fcrlich kommt Sinterklaas nicht nur und isst Pfannkuchen, er hat auch f\u00fcr jedes Kind eine \u00dcberraschung aus Spanien mitgebracht. Und die Zwarte Pieten werden w\u00e4hrend der Fahrt nach Dieren sicher f\u00fcr Unterhaltung sorgen![\/vc_column_text][\/vc_column][vc_column width=&#8220;1\/2&#8243; css=&#8220;.vc_custom_1589466432511{padding-top: 50px !important;padding-bottom: 50px !important;background-image: url(https:\/\/stoomtrein.org\/wp-content\/uploads\/2020\/05\/Sinterklaas-pepernoten-express.jpg?id=6933) !important;background-position: center !important;background-repeat: no-repeat !important;background-size: cover !important;}&#8220; el_id=&#8220;equal-height-content&#8220;]<div class=\"vcex-spacing wpex-w-100 wpex-clear visible-phone\" style=\"height:150px;\"><\/div>[\/vc_column][\/vc_row][vc_row full_width=&#8220;stretch_row&#8220; css=&#8220;.vc_custom_1589466489371{margin-top: 8% !important;margin-bottom: 2% !important;padding-top: 8% !important;padding-bottom: 8% !important;background-color: #f0f0f0 !important;}&#8220;][vc_column][vc_row_inner][vc_column_inner]<style>.vcex-heading.vcex_69dbfaf1643c5{color:#1d1d1d;font-size:33px;font-family:'Crete Round';}<\/style><h3 class=\"vcex-heading vcex-heading-plain vcex-module wpex-heading wpex-text-2xl wpex-text-left vcex_69dbfaf1643c5\"><span class=\"vcex-heading-inner wpex-inline-block\">Kommende Fahrtage<\/span><\/h3>[vc_column_text css=&#8220;.vc_custom_1589466515013{margin-top: 20px !important;margin-bottom: 30px !important;}&#8220;]<div class=\"dp_pec_grid_wrapper\" id=\"dp_pec_id1564222974\"><div class=\"dp_pec_content\"><ul class=\"dp_pec_grid_columns_2 dp_pec_grid_gap_10\"><li class=\"dp_pec_grid_no_events\"><p class=\"dp_pec_event_no_events\">No Events were found.<\/p><\/li><\/ul><\/div><\/div>[\/vc_column_text][\/vc_column_inner][\/vc_row_inner][vc_row_inner][vc_column_inner width=&#8220;1\/3&#8243; css=&#8220;.vc_custom_1589466564693{margin-top: 60px !important;}&#8220;]<style>.vcex-heading.vcex_69dbfaf16702b{color:#1d1d1d;font-size:33px;font-family:'Crete Round';}<\/style><h3 class=\"vcex-heading vcex-heading-plain vcex-module wpex-heading wpex-text-2xl wpex-text-left vcex_69dbfaf16702b\"><span class=\"vcex-heading-inner wpex-inline-block\">Abfahrtszeiten<\/span><\/h3>[vc_column_text]Der Start ist am 21. und 28. November um 11:00 und 14:30 Uhr ab Museumsbahnhof Beekbergen, nach dem Start dauert die Veranstaltung ca. 2,5 Stunden, danach sind Sie wieder in Beekbergen.[\/vc_column_text][\/vc_column_inner][vc_column_inner width=&#8220;1\/3&#8243; css=&#8220;.vc_custom_1589466571249{margin-top: 60px !important;}&#8220;]<style>.vcex-heading.vcex_69dbfaf167a09{color:#1d1d1d;font-size:33px;font-family:'Crete Round';}<\/style><h3 class=\"vcex-heading vcex-heading-plain vcex-module wpex-heading wpex-text-2xl wpex-text-left vcex_69dbfaf167a09\"><span class=\"vcex-heading-inner wpex-inline-block\">Tarife<\/span><\/h3>[vc_column_text]Die aktuellen Tarife f\u00fcr diesen Sonderfahrt finden Sie auf der Tarifseite.[\/vc_column_text]<style>.vcex-button.vcex_69dbfaf168dc6{background:#690013;padding-block-start:9px;padding-block-end:11px;padding-inline:40px;}.vcex-button.vcex_69dbfaf168dc6:hover{background:#ff9600!important;}<\/style><div class=\"vc_custom_1630668365825 wpex-clr\"><a href=\"https:\/\/stoomtrein.org\/de\/preise\/\" class=\"vcex-button theme-button align-left inline hvr hvr-shadow vcex_69dbfaf168dc6\"><span class=\"vcex-button-inner theme-button-inner wpex-flex wpex-flex-wrap wpex-items-center wpex-justify-center\">Sehen Sie sich die aktuellen Tarife an<\/span><\/a><\/div> [\/vc_column_inner][vc_column_inner width=&#8220;1\/3&#8243; css=&#8220;.vc_custom_1589466577774{margin-top: 30px !important;}&#8220;]<style>.vcex-heading.vcex_69dbfaf16d88f{color:#fdfdfd;font-size:33px;font-family:'Crete Round';line-height:1.12;}<\/style><h3 class=\"vcex-heading vcex-heading-plain vcex-module wpex-heading wpex-text-2xl wpex-text-left vc_custom_1589466693923 vcex_69dbfaf16d88f\"><span class=\"vcex-heading-inner wpex-inline-block\">Tickets<\/span><\/h3>[vc_column_text text_align=&#8220;left&#8220; color=&#8220;#fdfdfd&#8220; css=&#8220;.vc_custom_1630668396194{margin-bottom: 5px !important;padding-top: 5px !important;padding-right: 22px !important;padding-bottom: 24px !important;padding-left: 22px !important;background-color: #ff9600 !important;}&#8220; el_class=&#8220;arrangement-blok&#8220;]F\u00fcr diesen Sonderfahrt ist eine Reservierung erforderlich, eine Reservierung ist vor\u00fcbergehend nicht m\u00f6glich.[\/vc_column_text]<style>.vcex-button.vcex_69dbfaf16e4ea{border-radius:0px;background:#690013;color:#fdfdfd!important;width:100%;padding-block-start:11px;padding-block-end:15px;font-size:18px;}.vcex-button.vcex_69dbfaf16e4ea:hover{background:#690013!important;color:#fdfdfd!important;}<\/style><div class=\"theme-button-wrap textcenter wpex-clr\"><a href=\"#\" class=\"vcex-button theme-button align-center inline arrangementbtn wpex-flex-shrink-0 vcex_69dbfaf16e4ea\"><span class=\"vcex-button-inner theme-button-inner wpex-flex wpex-flex-wrap wpex-items-center wpex-justify-center\">Bestellen Sie Ihre Tickets direkt hier<\/span><\/a><\/div> [\/vc_column_inner][\/vc_row_inner][\/vc_column][\/vc_row][vc_row css=&#8220;.vc_custom_1589466633192{margin-top: 8% !important;margin-bottom: 8% !important;}&#8220;][vc_column][vc_video link=&#8220;https:\/\/www.youtube.com\/watch?v=jvGLq03oj_Y&#8220;][\/vc_column][\/vc_row]\n<\/div>","protected":false},"excerpt":{"rendered":"<p>[vc_row full_width=&#8220;stretch_row&#8220; css=&#8220;.vc_custom_1591552407490{background-image: url(https:\/\/stoomtrein.org\/wp-content\/uploads\/2020\/06\/Header_sinterklaas.jpg?id=7901) !important;background-position: center !important;background-repeat: no-repeat !important;background-size: cover !important;}&#8220;][vc_column][vc_single_image image=&#8220;6131&#8243; img_size=&#8220;90 x 90&#8243; alignment=&#8220;right&#8220; css=&#8220;.vc_custom_1591359926602{margin-top: 28% !important;margin-right: 1% !important;margin-bottom: 3% !important;}&#8220; visibility=&#8220;visible-phone&#8220;][vc_single_image image=&#8220;6131&#8243; img_size=&#8220;149 x 149&#8243; alignment=&#8220;right&#8220; css=&#8220;.vc_custom_1591359935571{margin-top: 28% !important;margin-right: 1% !important;margin-bottom: 3% !important;}&#8220; visibility=&#8220;hidden-phone&#8220;][\/vc_column][\/vc_row][vc_row full_width=&#8220;stretch_row&#8220; equal_height=&#8220;yes&#8220; css=&#8220;.vc_custom_1589466460376{padding-top: 8% !important;padding-bottom: 2% !important;}&#8220;][vc_column width=&#8220;1\/2&#8243; el_id=&#8220;equal-height-content&#8220;][vc_column_text css=&#8220;.vc_custom_1630668967135{margin-top: 24px !important;margin-bottom: 16px !important;}&#8220; text_align=&#8220;left&#8220;]Bitte beachten Sie: Aufgrund&hellip;<\/p>\n","protected":false},"author":5,"featured_media":0,"parent":0,"menu_order":0,"comment_status":"closed","ping_status":"closed","template":"","meta":{"footnotes":""},"class_list":["post-42138","page","type-page","status-publish","hentry","entry","no-media"],"yoast_head":"<!-- This site is optimized with the Yoast SEO plugin v26.9 - https:\/\/yoast.com\/product\/yoast-seo-wordpress\/ -->\n<title>Sinterklaas Pepernoten-Express - VSM - Stap in en reis mee!<\/title>\n<meta name=\"robots\" content=\"index, follow, max-snippet:-1, max-image-preview:large, max-video-preview:-1\" \/>\n<link rel=\"canonical\" href=\"https:\/\/stoomtrein.org\/de\/sinterklaas-pepernoten-express\/\" \/>\n<meta property=\"og:locale\" content=\"de_DE\" \/>\n<meta property=\"og:type\" content=\"article\" \/>\n<meta property=\"og:title\" content=\"Sinterklaas Pepernoten-Express - VSM - Stap in en reis mee!\" \/>\n<meta property=\"og:description\" content=\"[vc_row full_width=&#8220;stretch_row&#8220; css=&#8220;.vc_custom_1591552407490{background-image: url(https:\/\/stoomtrein.org\/wp-content\/uploads\/2020\/06\/Header_sinterklaas.jpg?id=7901) !important;background-position: center !important;background-repeat: no-repeat !important;background-size: cover !important;}&#8220;][vc_column][vc_single_image image=&#8220;6131&#8243; img_size=&#8220;90 x 90&#8243; alignment=&#8220;right&#8220; css=&#8220;.vc_custom_1591359926602{margin-top: 28% !important;margin-right: 1% !important;margin-bottom: 3% !important;}&#8220; visibility=&#8220;visible-phone&#8220;][vc_single_image image=&#8220;6131&#8243; img_size=&#8220;149 x 149&#8243; alignment=&#8220;right&#8220; css=&#8220;.vc_custom_1591359935571{margin-top: 28% !important;margin-right: 1% !important;margin-bottom: 3% !important;}&#8220; visibility=&#8220;hidden-phone&#8220;][\/vc_column][\/vc_row][vc_row full_width=&#8220;stretch_row&#8220; equal_height=&#8220;yes&#8220; css=&#8220;.vc_custom_1589466460376{padding-top: 8% !important;padding-bottom: 2% !important;}&#8220;][vc_column width=&#8220;1\/2&#8243; el_id=&#8220;equal-height-content&#8220;][vc_column_text css=&#8220;.vc_custom_1630668967135{margin-top: 24px !important;margin-bottom: 16px !important;}&#8220; text_align=&#8220;left&#8220;]Bitte beachten Sie: Aufgrund&hellip;\" \/>\n<meta property=\"og:url\" content=\"https:\/\/stoomtrein.org\/de\/sinterklaas-pepernoten-express\/\" \/>\n<meta property=\"og:site_name\" content=\"VSM - Stap in en reis mee!\" \/>\n<meta property=\"article:modified_time\" content=\"2021-09-03T11:36:12+00:00\" \/>\n<meta name=\"twitter:card\" content=\"summary_large_image\" \/>\n<meta name=\"twitter:label1\" content=\"Gesch\u00e4tzte Lesezeit\" \/>\n\t<meta name=\"twitter:data1\" content=\"4\u00a0Minuten\" \/>\n<script type=\"application\/ld+json\" class=\"yoast-schema-graph\">{\"@context\":\"https:\/\/schema.org\",\"@graph\":[{\"@type\":\"WebPage\",\"@id\":\"https:\/\/stoomtrein.org\/de\/sinterklaas-pepernoten-express\/\",\"url\":\"https:\/\/stoomtrein.org\/de\/sinterklaas-pepernoten-express\/\",\"name\":\"Sinterklaas Pepernoten-Express - VSM - Stap in en reis mee!\",\"isPartOf\":{\"@id\":\"https:\/\/stoomtrein.org\/#website\"},\"datePublished\":\"2020-04-28T13:42:53+00:00\",\"dateModified\":\"2021-09-03T11:36:12+00:00\",\"breadcrumb\":{\"@id\":\"https:\/\/stoomtrein.org\/de\/sinterklaas-pepernoten-express\/#breadcrumb\"},\"inLanguage\":\"de\",\"potentialAction\":[{\"@type\":\"ReadAction\",\"target\":[\"https:\/\/stoomtrein.org\/de\/sinterklaas-pepernoten-express\/\"]}]},{\"@type\":\"BreadcrumbList\",\"@id\":\"https:\/\/stoomtrein.org\/de\/sinterklaas-pepernoten-express\/#breadcrumb\",\"itemListElement\":[{\"@type\":\"ListItem\",\"position\":1,\"name\":\"Home\",\"item\":\"https:\/\/stoomtrein.org\/de\/home\/\"},{\"@type\":\"ListItem\",\"position\":2,\"name\":\"Sinterklaas Pepernoten-Express\"}]},{\"@type\":\"WebSite\",\"@id\":\"https:\/\/stoomtrein.org\/#website\",\"url\":\"https:\/\/stoomtrein.org\/\",\"name\":\"VSM - Stap in en reis mee!\",\"description\":\"\u00c9\u00e9n van de leukste uitjes van Gelderland.\",\"publisher\":{\"@id\":\"https:\/\/stoomtrein.org\/#organization\"},\"potentialAction\":[{\"@type\":\"SearchAction\",\"target\":{\"@type\":\"EntryPoint\",\"urlTemplate\":\"https:\/\/stoomtrein.org\/?s={search_term_string}\"},\"query-input\":{\"@type\":\"PropertyValueSpecification\",\"valueRequired\":true,\"valueName\":\"search_term_string\"}}],\"inLanguage\":\"de\"},{\"@type\":\"Organization\",\"@id\":\"https:\/\/stoomtrein.org\/#organization\",\"name\":\"VSM - Stap in en reis mee!\",\"url\":\"https:\/\/stoomtrein.org\/\",\"logo\":{\"@type\":\"ImageObject\",\"inLanguage\":\"de\",\"@id\":\"https:\/\/stoomtrein.org\/#\/schema\/logo\/image\/\",\"url\":\"https:\/\/stoomtrein.org\/wp-content\/uploads\/2020\/04\/Logo-heel.png\",\"contentUrl\":\"https:\/\/stoomtrein.org\/wp-content\/uploads\/2020\/04\/Logo-heel.png\",\"width\":967,\"height\":1943,\"caption\":\"VSM - Stap in en reis mee!\"},\"image\":{\"@id\":\"https:\/\/stoomtrein.org\/#\/schema\/logo\/image\/\"}}]}<\/script>\n<!-- \/ Yoast SEO plugin. -->","yoast_head_json":{"title":"Sinterklaas Pepernoten-Express - VSM - Stap in en reis mee!","robots":{"index":"index","follow":"follow","max-snippet":"max-snippet:-1","max-image-preview":"max-image-preview:large","max-video-preview":"max-video-preview:-1"},"canonical":"https:\/\/stoomtrein.org\/de\/sinterklaas-pepernoten-express\/","og_locale":"de_DE","og_type":"article","og_title":"Sinterklaas Pepernoten-Express - VSM - Stap in en reis mee!","og_description":"[vc_row full_width=&#8220;stretch_row&#8220; css=&#8220;.vc_custom_1591552407490{background-image: url(https:\/\/stoomtrein.org\/wp-content\/uploads\/2020\/06\/Header_sinterklaas.jpg?id=7901) !important;background-position: center !important;background-repeat: no-repeat !important;background-size: cover !important;}&#8220;][vc_column][vc_single_image image=&#8220;6131&#8243; img_size=&#8220;90 x 90&#8243; alignment=&#8220;right&#8220; css=&#8220;.vc_custom_1591359926602{margin-top: 28% !important;margin-right: 1% !important;margin-bottom: 3% !important;}&#8220; visibility=&#8220;visible-phone&#8220;][vc_single_image image=&#8220;6131&#8243; img_size=&#8220;149 x 149&#8243; alignment=&#8220;right&#8220; css=&#8220;.vc_custom_1591359935571{margin-top: 28% !important;margin-right: 1% !important;margin-bottom: 3% !important;}&#8220; visibility=&#8220;hidden-phone&#8220;][\/vc_column][\/vc_row][vc_row full_width=&#8220;stretch_row&#8220; equal_height=&#8220;yes&#8220; css=&#8220;.vc_custom_1589466460376{padding-top: 8% !important;padding-bottom: 2% !important;}&#8220;][vc_column width=&#8220;1\/2&#8243; el_id=&#8220;equal-height-content&#8220;][vc_column_text css=&#8220;.vc_custom_1630668967135{margin-top: 24px !important;margin-bottom: 16px !important;}&#8220; text_align=&#8220;left&#8220;]Bitte beachten Sie: Aufgrund&hellip;","og_url":"https:\/\/stoomtrein.org\/de\/sinterklaas-pepernoten-express\/","og_site_name":"VSM - Stap in en reis mee!","article_modified_time":"2021-09-03T11:36:12+00:00","twitter_card":"summary_large_image","twitter_misc":{"Gesch\u00e4tzte Lesezeit":"4\u00a0Minuten"},"schema":{"@context":"https:\/\/schema.org","@graph":[{"@type":"WebPage","@id":"https:\/\/stoomtrein.org\/de\/sinterklaas-pepernoten-express\/","url":"https:\/\/stoomtrein.org\/de\/sinterklaas-pepernoten-express\/","name":"Sinterklaas Pepernoten-Express - VSM - Stap in en reis mee!","isPartOf":{"@id":"https:\/\/stoomtrein.org\/#website"},"datePublished":"2020-04-28T13:42:53+00:00","dateModified":"2021-09-03T11:36:12+00:00","breadcrumb":{"@id":"https:\/\/stoomtrein.org\/de\/sinterklaas-pepernoten-express\/#breadcrumb"},"inLanguage":"de","potentialAction":[{"@type":"ReadAction","target":["https:\/\/stoomtrein.org\/de\/sinterklaas-pepernoten-express\/"]}]},{"@type":"BreadcrumbList","@id":"https:\/\/stoomtrein.org\/de\/sinterklaas-pepernoten-express\/#breadcrumb","itemListElement":[{"@type":"ListItem","position":1,"name":"Home","item":"https:\/\/stoomtrein.org\/de\/home\/"},{"@type":"ListItem","position":2,"name":"Sinterklaas Pepernoten-Express"}]},{"@type":"WebSite","@id":"https:\/\/stoomtrein.org\/#website","url":"https:\/\/stoomtrein.org\/","name":"VSM - Stap in en reis mee!","description":"\u00c9\u00e9n van de leukste uitjes van Gelderland.","publisher":{"@id":"https:\/\/stoomtrein.org\/#organization"},"potentialAction":[{"@type":"SearchAction","target":{"@type":"EntryPoint","urlTemplate":"https:\/\/stoomtrein.org\/?s={search_term_string}"},"query-input":{"@type":"PropertyValueSpecification","valueRequired":true,"valueName":"search_term_string"}}],"inLanguage":"de"},{"@type":"Organization","@id":"https:\/\/stoomtrein.org\/#organization","name":"VSM - Stap in en reis mee!","url":"https:\/\/stoomtrein.org\/","logo":{"@type":"ImageObject","inLanguage":"de","@id":"https:\/\/stoomtrein.org\/#\/schema\/logo\/image\/","url":"https:\/\/stoomtrein.org\/wp-content\/uploads\/2020\/04\/Logo-heel.png","contentUrl":"https:\/\/stoomtrein.org\/wp-content\/uploads\/2020\/04\/Logo-heel.png","width":967,"height":1943,"caption":"VSM - Stap in en reis mee!"},"image":{"@id":"https:\/\/stoomtrein.org\/#\/schema\/logo\/image\/"}}]}},"jetpack_sharing_enabled":true,"_links":{"self":[{"href":"https:\/\/stoomtrein.org\/de\/wp-json\/wp\/v2\/pages\/42138","targetHints":{"allow":["GET"]}}],"collection":[{"href":"https:\/\/stoomtrein.org\/de\/wp-json\/wp\/v2\/pages"}],"about":[{"href":"https:\/\/stoomtrein.org\/de\/wp-json\/wp\/v2\/types\/page"}],"author":[{"embeddable":true,"href":"https:\/\/stoomtrein.org\/de\/wp-json\/wp\/v2\/users\/5"}],"replies":[{"embeddable":true,"href":"https:\/\/stoomtrein.org\/de\/wp-json\/wp\/v2\/comments?post=42138"}],"version-history":[{"count":0,"href":"https:\/\/stoomtrein.org\/de\/wp-json\/wp\/v2\/pages\/42138\/revisions"}],"wp:attachment":[{"href":"https:\/\/stoomtrein.org\/de\/wp-json\/wp\/v2\/media?parent=42138"}],"curies":[{"name":"wp","href":"https:\/\/api.w.org\/{rel}","templated":true}]}}