{"id":42136,"date":"2020-06-10T12:58:14","date_gmt":"2020-06-10T10:58:14","guid":{"rendered":"https:\/\/stoomtrein.org\/privacyverklaring\/"},"modified":"2021-09-14T10:42:36","modified_gmt":"2021-09-14T08:42:36","slug":"datenschutzerklaerung","status":"publish","type":"page","link":"https:\/\/stoomtrein.org\/de\/datenschutzerklaerung\/","title":{"rendered":"Datenschutzerkl\u00e4rung"},"content":{"rendered":"<div class=\"wpb-content-wrapper\">[vc_row full_width=&#8220;stretch_row&#8220; css=&#8220;.vc_custom_1592139692308{background-image: url(https:\/\/stoomtrein.org\/wp-content\/uploads\/2020\/04\/Header-004-klein.jpg?id=6595) !important;background-position: center !important;background-repeat: no-repeat !important;background-size: cover !important;}&#8220;][vc_column][vc_single_image image=&#8220;6131&#8243; img_size=&#8220;149 x 149&#8243; alignment=&#8220;right&#8220; css=&#8220;.vc_custom_1589878182563{margin-top: 28% !important;margin-right: 1% !important;margin-bottom: 3% !important;}&#8220; visibility=&#8220;hidden-phone&#8220;][vc_single_image image=&#8220;6131&#8243; img_size=&#8220;90 x 90&#8243; alignment=&#8220;right&#8220; css=&#8220;.vc_custom_1589878169600{margin-top: 28% !important;margin-right: 1% !important;margin-bottom: 3% !important;}&#8220; visibility=&#8220;visible-phone&#8220;][\/vc_column][\/vc_row][vc_row full_width=&#8220;stretch_row&#8220; equal_height=&#8220;yes&#8220; css=&#8220;.vc_custom_1589466101232{margin-top: 8% !important;margin-bottom: 2% !important;}&#8220;][vc_column width=&#8220;1\/6&#8243; el_id=&#8220;equal-height-content&#8220;][\/vc_column][vc_column width=&#8220;2\/3&#8243;]<style>.vcex-heading.vcex_69edffa9d4e39{color:#1d1d1d;font-size:55px;font-family:'Crete Round';font-style:italic;line-height:1.18;}@media (max-width:767px){.vcex-heading.vcex_69edffa9d4e39{font-size:40px;}}@media (max-width:479px){.vcex-heading.vcex_69edffa9d4e39{font-size:40px;}}<\/style><h1 class=\"vcex-heading vcex-heading-plain vcex-module wpex-heading wpex-text-2xl wpex-text-left vc_custom_1631608054731 vcex_69edffa9d4e39\"><span class=\"vcex-heading-inner wpex-inline-block\">Datenschutzerkl\u00e4rung<\/span><\/h1>[vc_column_text css=&#8220;.vc_custom_1631608044633{margin-top: 24px !important;margin-bottom: 16px !important;}&#8220; text_align=&#8220;left&#8220;]Die Stiftung Veluwsche Stoomtrein Maatschappij hat diese Datenschutzerkl\u00e4rung erstellt, um zu zeigen, dass wir Ihre Privatsph\u00e4re ernst nehmen. Im Folgenden erhalten Sie eine Vorstellung davon, wie wir mit Ihren personenbezogenen Daten innerhalb der Stiftung Veluwsche Stoomtrein Maatschappij umgehen. Alle von der Stiftung Veluwsche Stoomtrein Maatschappij erhobenen Daten werden streng vertraulich behandelt und in keiner Weise f\u00fcr kommerzielle Zwecke an Dritte weitergegeben oder in irgendeiner Weise ver\u00f6ffentlicht. Die Informationen, die Sie der Stiftung Veluwsche Stoomtrein Maatschappij zur Verf\u00fcgung stellen, werden mit gr\u00f6\u00dfter Sorgfalt behandelt.[\/vc_column_text][vc_row_inner][vc_column_inner][vc_column_text css=&#8220;.vc_custom_1631608196579{margin-top: 20px !important;margin-bottom: 30px !important;}&#8220;]<strong>Welche Daten speichert die Stiftung Veluwsche Stoomtrein Maatschappij?<\/strong><br \/>\nDie Stiftung Veluwsche Stoomtrein Maatschappij speichert folgende Informationen von ihren Spendern und Besuchern: die gespendeten Betr\u00e4ge, (Vor-)Name, Adresse und Wohnort (Name und Adressangaben) sowie, falls von der betreffenden Person angegeben, Telefonnummer(n) und E-Mail-Adresse (ausf\u00fchrliche Namens- und Adressangaben).Welche Daten speichert die Stiftung Veluwsche Stoomtrein Maatschappij? Die Stiftung Veluwsche Stoomtrein Maatschappij speichert folgende Informationen von ihren Spendern und Besuchern: die gespendeten Betr\u00e4ge, (Vor-)Name, Adresse und Wohnort (Name und Adressangaben) sowie, falls von der betreffenden Person angegeben, Telefonnummer(n) und E-Mail-Adresse (ausf\u00fchrliche Namens- und Adressangaben).<\/p>\n<p><strong>Wof\u00fcr nutzen wir Ihre Daten?<\/strong><br \/>\nDie von Ihnen angegebenen personenbezogenen Daten werden zum Versenden von Mitteilungen \u00fcber Spender verwendet, einschlie\u00dflich des Versands des Spendermagazins \u201eDe Koppelstang\u201c. Dies schlie\u00dft auch jegliche Kommunikation von der VSM BV \u00fcber Neuigkeiten bez\u00fcglich der VSM ein, wie zum Beispiel (spezielle) Reisen mit historischem Material. Spenderdatenbankstatistiken k\u00f6nnen verwendet werden, um die Ziele der Stiftung zu unterst\u00fctzen und zu verbessern. Sicherheit von Informationen: Wir treffen Vorkehrungen zum Schutz Ihrer personenbezogenen Daten. Der Zugriff auf alle personenbezogenen Daten ist nur einer begrenzten Anzahl von Mitarbeitern der Stiftung Veluwsche Stoomtrein Maatschappij und der Veluwsche Stoomtrein Maatschappij BV m\u00f6glich<\/p>\n<p><strong>Wie lange speichern wir Ihre Daten?<\/strong><br \/>\nNach Ihrer Abmeldung als Spender werden die Daten so schnell wie m\u00f6glich, sp\u00e4testens jedoch nach 3 Monaten, aus der aktiven Datei entfernt. Wenn keine Abmeldung bekannt ist, werden Ihre Daten maximal 24 Monate nach der letzten Zahlung oder Mitteilung gespeichert.<br \/>\nF\u00fcr Anleihehalter und andere langfristige vertragliche Verpflichtungen werden die Daten nach Ablauf der Vertragslaufzeit bis zu 24 Monaten aufbewahrt.<br \/>\nEine Ausnahme bilden die Daten, die gesetzlich l\u00e4nger aufbewahrt werden m\u00fcssen (einschlie\u00dflich der steuerlichen Aufbewahrungspflicht).<\/p>\n<p><strong>An wen k\u00f6nnen Sie sich wenden?<\/strong><br \/>\nMailen Sie uns an stichting@stoomtrein.org oder senden Sie einen Brief an die Stiftung Veluwsche Stoomtrein Maatschappij, wenn Sie Fragen oder Kommentare zu dieser Datenschutzerkl\u00e4rung haben, um einen Versto\u00df gegen die Datenschutzerkl\u00e4rung zu melden, wenn Sie m\u00f6chten, dass wir Ihre personenbezogenen Daten in unserer Datenschutzerkl\u00e4rung korrigieren oder aktualisieren, oder wenn Sie der Verwendung Ihrer Daten f\u00fcr die Kommunikation mit Ihnen widersprechen. Die Stiftung Veluwsche Stoomtrein Maatschappij wird auf Anfrage eines registrierten Spenders oder Besuchers seine personenbezogenen Daten (oder Teile davon) so bald wie m\u00f6glich, sp\u00e4testens jedoch innerhalb von 3 Monaten, aus der Datenbank entfernen. Sie haben das Recht, die Informationen, die wir \u00fcber Sie haben, einzusehen. Pro Kalenderjahr wird die Stiftung Veluwsche Stoomtrein Maatschappij maximal 2 Antr\u00e4ge auf Einsicht bearbeiten.<\/p>\n<p><strong>Kontaktieren Sie die Stiftung Veluwsche Stoomtrein Maatschappij<\/strong><br \/>\nWenn Sie Fragen zu dieser Datenschutzerkl\u00e4rung haben, wenden Sie sich bitte an:<br \/>\nVeluwsche Stoomtrein Maatschappij<br \/>\nz. Hd. Stiftung VSM<\/p>\n<p>Rijnstraat 68<br \/>\n7332 AX Apeldoorn<br \/>\nTelefon: 055-5061989<br \/>\nE-Mail: <a href=\"mailto:stichting@stoomtrein.org\">stichting@stoomtrein.org<\/a>[\/vc_column_text][\/vc_column_inner][\/vc_row_inner][\/vc_column][vc_column width=&#8220;1\/6&#8243;][\/vc_column][\/vc_row]\n<\/div>","protected":false},"excerpt":{"rendered":"<p>[vc_row full_width=&#8220;stretch_row&#8220; css=&#8220;.vc_custom_1592139692308{background-image: url(https:\/\/stoomtrein.org\/wp-content\/uploads\/2020\/04\/Header-004-klein.jpg?id=6595) !important;background-position: center !important;background-repeat: no-repeat !important;background-size: cover !important;}&#8220;][vc_column][vc_single_image image=&#8220;6131&#8243; img_size=&#8220;149 x 149&#8243; alignment=&#8220;right&#8220; css=&#8220;.vc_custom_1589878182563{margin-top: 28% !important;margin-right: 1% !important;margin-bottom: 3% !important;}&#8220; visibility=&#8220;hidden-phone&#8220;][vc_single_image image=&#8220;6131&#8243; img_size=&#8220;90 x 90&#8243; alignment=&#8220;right&#8220; css=&#8220;.vc_custom_1589878169600{margin-top: 28% !important;margin-right: 1% !important;margin-bottom: 3% !important;}&#8220; visibility=&#8220;visible-phone&#8220;][\/vc_column][\/vc_row][vc_row full_width=&#8220;stretch_row&#8220; equal_height=&#8220;yes&#8220; css=&#8220;.vc_custom_1589466101232{margin-top: 8% !important;margin-bottom: 2% !important;}&#8220;][vc_column width=&#8220;1\/6&#8243; el_id=&#8220;equal-height-content&#8220;][\/vc_column][vc_column width=&#8220;2\/3&#8243;][vc_column_text css=&#8220;.vc_custom_1631608044633{margin-top: 24px !important;margin-bottom: 16px !important;}&#8220; text_align=&#8220;left&#8220;]Die Stiftung Veluwsche&hellip;<\/p>\n","protected":false},"author":7,"featured_media":0,"parent":0,"menu_order":0,"comment_status":"closed","ping_status":"closed","template":"","meta":{"footnotes":""},"class_list":["post-42136","page","type-page","status-publish","hentry","entry","no-media"],"yoast_head":"<!-- This site is optimized with the Yoast SEO plugin v26.9 - https:\/\/yoast.com\/product\/yoast-seo-wordpress\/ -->\n<title>Datenschutzerkl\u00e4rung - VSM - Stap in en reis mee!<\/title>\n<meta name=\"robots\" content=\"index, follow, max-snippet:-1, max-image-preview:large, max-video-preview:-1\" \/>\n<link rel=\"canonical\" href=\"https:\/\/stoomtrein.org\/de\/datenschutzerklaerung\/\" \/>\n<meta property=\"og:locale\" content=\"de_DE\" \/>\n<meta property=\"og:type\" content=\"article\" \/>\n<meta property=\"og:title\" content=\"Datenschutzerkl\u00e4rung - VSM - Stap in en reis mee!\" \/>\n<meta property=\"og:description\" content=\"[vc_row full_width=&#8220;stretch_row&#8220; css=&#8220;.vc_custom_1592139692308{background-image: url(https:\/\/stoomtrein.org\/wp-content\/uploads\/2020\/04\/Header-004-klein.jpg?id=6595) !important;background-position: center !important;background-repeat: no-repeat !important;background-size: cover !important;}&#8220;][vc_column][vc_single_image image=&#8220;6131&#8243; img_size=&#8220;149 x 149&#8243; alignment=&#8220;right&#8220; css=&#8220;.vc_custom_1589878182563{margin-top: 28% !important;margin-right: 1% !important;margin-bottom: 3% !important;}&#8220; visibility=&#8220;hidden-phone&#8220;][vc_single_image image=&#8220;6131&#8243; img_size=&#8220;90 x 90&#8243; alignment=&#8220;right&#8220; css=&#8220;.vc_custom_1589878169600{margin-top: 28% !important;margin-right: 1% !important;margin-bottom: 3% !important;}&#8220; visibility=&#8220;visible-phone&#8220;][\/vc_column][\/vc_row][vc_row full_width=&#8220;stretch_row&#8220; equal_height=&#8220;yes&#8220; css=&#8220;.vc_custom_1589466101232{margin-top: 8% !important;margin-bottom: 2% !important;}&#8220;][vc_column width=&#8220;1\/6&#8243; el_id=&#8220;equal-height-content&#8220;][\/vc_column][vc_column width=&#8220;2\/3&#8243;][vc_column_text css=&#8220;.vc_custom_1631608044633{margin-top: 24px !important;margin-bottom: 16px !important;}&#8220; text_align=&#8220;left&#8220;]Die Stiftung Veluwsche&hellip;\" \/>\n<meta property=\"og:url\" content=\"https:\/\/stoomtrein.org\/de\/datenschutzerklaerung\/\" \/>\n<meta property=\"og:site_name\" content=\"VSM - Stap in en reis mee!\" \/>\n<meta property=\"article:modified_time\" content=\"2021-09-14T08:42:36+00:00\" \/>\n<meta name=\"twitter:card\" content=\"summary_large_image\" \/>\n<meta name=\"twitter:label1\" content=\"Gesch\u00e4tzte Lesezeit\" \/>\n\t<meta name=\"twitter:data1\" content=\"4\u00a0Minuten\" \/>\n<script type=\"application\/ld+json\" class=\"yoast-schema-graph\">{\"@context\":\"https:\/\/schema.org\",\"@graph\":[{\"@type\":\"WebPage\",\"@id\":\"https:\/\/stoomtrein.org\/de\/datenschutzerklaerung\/\",\"url\":\"https:\/\/stoomtrein.org\/de\/datenschutzerklaerung\/\",\"name\":\"Datenschutzerkl\u00e4rung - VSM - Stap in en reis mee!\",\"isPartOf\":{\"@id\":\"https:\/\/stoomtrein.org\/#website\"},\"datePublished\":\"2020-06-10T10:58:14+00:00\",\"dateModified\":\"2021-09-14T08:42:36+00:00\",\"breadcrumb\":{\"@id\":\"https:\/\/stoomtrein.org\/de\/datenschutzerklaerung\/#breadcrumb\"},\"inLanguage\":\"de\",\"potentialAction\":[{\"@type\":\"ReadAction\",\"target\":[\"https:\/\/stoomtrein.org\/de\/datenschutzerklaerung\/\"]}]},{\"@type\":\"BreadcrumbList\",\"@id\":\"https:\/\/stoomtrein.org\/de\/datenschutzerklaerung\/#breadcrumb\",\"itemListElement\":[{\"@type\":\"ListItem\",\"position\":1,\"name\":\"Home\",\"item\":\"https:\/\/stoomtrein.org\/de\/home\/\"},{\"@type\":\"ListItem\",\"position\":2,\"name\":\"Datenschutzerkl\u00e4rung\"}]},{\"@type\":\"WebSite\",\"@id\":\"https:\/\/stoomtrein.org\/#website\",\"url\":\"https:\/\/stoomtrein.org\/\",\"name\":\"VSM - Stap in en reis mee!\",\"description\":\"\u00c9\u00e9n van de leukste uitjes van Gelderland.\",\"publisher\":{\"@id\":\"https:\/\/stoomtrein.org\/#organization\"},\"potentialAction\":[{\"@type\":\"SearchAction\",\"target\":{\"@type\":\"EntryPoint\",\"urlTemplate\":\"https:\/\/stoomtrein.org\/?s={search_term_string}\"},\"query-input\":{\"@type\":\"PropertyValueSpecification\",\"valueRequired\":true,\"valueName\":\"search_term_string\"}}],\"inLanguage\":\"de\"},{\"@type\":\"Organization\",\"@id\":\"https:\/\/stoomtrein.org\/#organization\",\"name\":\"VSM - Stap in en reis mee!\",\"url\":\"https:\/\/stoomtrein.org\/\",\"logo\":{\"@type\":\"ImageObject\",\"inLanguage\":\"de\",\"@id\":\"https:\/\/stoomtrein.org\/#\/schema\/logo\/image\/\",\"url\":\"https:\/\/stoomtrein.org\/wp-content\/uploads\/2020\/04\/Logo-heel.png\",\"contentUrl\":\"https:\/\/stoomtrein.org\/wp-content\/uploads\/2020\/04\/Logo-heel.png\",\"width\":967,\"height\":1943,\"caption\":\"VSM - Stap in en reis mee!\"},\"image\":{\"@id\":\"https:\/\/stoomtrein.org\/#\/schema\/logo\/image\/\"}}]}<\/script>\n<!-- \/ Yoast SEO plugin. -->","yoast_head_json":{"title":"Datenschutzerkl\u00e4rung - VSM - Stap in en reis mee!","robots":{"index":"index","follow":"follow","max-snippet":"max-snippet:-1","max-image-preview":"max-image-preview:large","max-video-preview":"max-video-preview:-1"},"canonical":"https:\/\/stoomtrein.org\/de\/datenschutzerklaerung\/","og_locale":"de_DE","og_type":"article","og_title":"Datenschutzerkl\u00e4rung - VSM - Stap in en reis mee!","og_description":"[vc_row full_width=&#8220;stretch_row&#8220; css=&#8220;.vc_custom_1592139692308{background-image: url(https:\/\/stoomtrein.org\/wp-content\/uploads\/2020\/04\/Header-004-klein.jpg?id=6595) !important;background-position: center !important;background-repeat: no-repeat !important;background-size: cover !important;}&#8220;][vc_column][vc_single_image image=&#8220;6131&#8243; img_size=&#8220;149 x 149&#8243; alignment=&#8220;right&#8220; css=&#8220;.vc_custom_1589878182563{margin-top: 28% !important;margin-right: 1% !important;margin-bottom: 3% !important;}&#8220; visibility=&#8220;hidden-phone&#8220;][vc_single_image image=&#8220;6131&#8243; img_size=&#8220;90 x 90&#8243; alignment=&#8220;right&#8220; css=&#8220;.vc_custom_1589878169600{margin-top: 28% !important;margin-right: 1% !important;margin-bottom: 3% !important;}&#8220; visibility=&#8220;visible-phone&#8220;][\/vc_column][\/vc_row][vc_row full_width=&#8220;stretch_row&#8220; equal_height=&#8220;yes&#8220; css=&#8220;.vc_custom_1589466101232{margin-top: 8% !important;margin-bottom: 2% !important;}&#8220;][vc_column width=&#8220;1\/6&#8243; el_id=&#8220;equal-height-content&#8220;][\/vc_column][vc_column width=&#8220;2\/3&#8243;][vc_column_text css=&#8220;.vc_custom_1631608044633{margin-top: 24px !important;margin-bottom: 16px !important;}&#8220; text_align=&#8220;left&#8220;]Die Stiftung Veluwsche&hellip;","og_url":"https:\/\/stoomtrein.org\/de\/datenschutzerklaerung\/","og_site_name":"VSM - Stap in en reis mee!","article_modified_time":"2021-09-14T08:42:36+00:00","twitter_card":"summary_large_image","twitter_misc":{"Gesch\u00e4tzte Lesezeit":"4\u00a0Minuten"},"schema":{"@context":"https:\/\/schema.org","@graph":[{"@type":"WebPage","@id":"https:\/\/stoomtrein.org\/de\/datenschutzerklaerung\/","url":"https:\/\/stoomtrein.org\/de\/datenschutzerklaerung\/","name":"Datenschutzerkl\u00e4rung - VSM - Stap in en reis mee!","isPartOf":{"@id":"https:\/\/stoomtrein.org\/#website"},"datePublished":"2020-06-10T10:58:14+00:00","dateModified":"2021-09-14T08:42:36+00:00","breadcrumb":{"@id":"https:\/\/stoomtrein.org\/de\/datenschutzerklaerung\/#breadcrumb"},"inLanguage":"de","potentialAction":[{"@type":"ReadAction","target":["https:\/\/stoomtrein.org\/de\/datenschutzerklaerung\/"]}]},{"@type":"BreadcrumbList","@id":"https:\/\/stoomtrein.org\/de\/datenschutzerklaerung\/#breadcrumb","itemListElement":[{"@type":"ListItem","position":1,"name":"Home","item":"https:\/\/stoomtrein.org\/de\/home\/"},{"@type":"ListItem","position":2,"name":"Datenschutzerkl\u00e4rung"}]},{"@type":"WebSite","@id":"https:\/\/stoomtrein.org\/#website","url":"https:\/\/stoomtrein.org\/","name":"VSM - Stap in en reis mee!","description":"\u00c9\u00e9n van de leukste uitjes van Gelderland.","publisher":{"@id":"https:\/\/stoomtrein.org\/#organization"},"potentialAction":[{"@type":"SearchAction","target":{"@type":"EntryPoint","urlTemplate":"https:\/\/stoomtrein.org\/?s={search_term_string}"},"query-input":{"@type":"PropertyValueSpecification","valueRequired":true,"valueName":"search_term_string"}}],"inLanguage":"de"},{"@type":"Organization","@id":"https:\/\/stoomtrein.org\/#organization","name":"VSM - Stap in en reis mee!","url":"https:\/\/stoomtrein.org\/","logo":{"@type":"ImageObject","inLanguage":"de","@id":"https:\/\/stoomtrein.org\/#\/schema\/logo\/image\/","url":"https:\/\/stoomtrein.org\/wp-content\/uploads\/2020\/04\/Logo-heel.png","contentUrl":"https:\/\/stoomtrein.org\/wp-content\/uploads\/2020\/04\/Logo-heel.png","width":967,"height":1943,"caption":"VSM - Stap in en reis mee!"},"image":{"@id":"https:\/\/stoomtrein.org\/#\/schema\/logo\/image\/"}}]}},"jetpack_sharing_enabled":true,"_links":{"self":[{"href":"https:\/\/stoomtrein.org\/de\/wp-json\/wp\/v2\/pages\/42136","targetHints":{"allow":["GET"]}}],"collection":[{"href":"https:\/\/stoomtrein.org\/de\/wp-json\/wp\/v2\/pages"}],"about":[{"href":"https:\/\/stoomtrein.org\/de\/wp-json\/wp\/v2\/types\/page"}],"author":[{"embeddable":true,"href":"https:\/\/stoomtrein.org\/de\/wp-json\/wp\/v2\/users\/7"}],"replies":[{"embeddable":true,"href":"https:\/\/stoomtrein.org\/de\/wp-json\/wp\/v2\/comments?post=42136"}],"version-history":[{"count":0,"href":"https:\/\/stoomtrein.org\/de\/wp-json\/wp\/v2\/pages\/42136\/revisions"}],"wp:attachment":[{"href":"https:\/\/stoomtrein.org\/de\/wp-json\/wp\/v2\/media?parent=42136"}],"curies":[{"name":"wp","href":"https:\/\/api.w.org\/{rel}","templated":true}]}}