{"id":42124,"date":"2020-04-23T15:03:56","date_gmt":"2020-04-23T13:03:56","guid":{"rendered":"https:\/\/stoomtrein.org\/veelgestelde-vragen\/"},"modified":"2021-09-07T15:24:16","modified_gmt":"2021-09-07T13:24:16","slug":"haeufig-gestellte-fragen","status":"publish","type":"page","link":"https:\/\/stoomtrein.org\/de\/haeufig-gestellte-fragen\/","title":{"rendered":"H\u00e4ufig gestellte Fragen"},"content":{"rendered":"<div class=\"wpb-content-wrapper\">[vc_row full_width=&#8220;stretch_row&#8220; css=&#8220;.vc_custom_1592066385317{background-image: url(https:\/\/stoomtrein.org\/wp-content\/uploads\/2020\/06\/Header03.jpg?id=8041) !important;background-position: center !important;background-repeat: no-repeat !important;background-size: cover !important;}&#8220;][vc_column][vc_single_image image=&#8220;6131&#8243; img_size=&#8220;149 x 149&#8243; alignment=&#8220;right&#8220; css=&#8220;.vc_custom_1589878182563{margin-top: 28% !important;margin-right: 1% !important;margin-bottom: 3% !important;}&#8220; visibility=&#8220;hidden-phone&#8220;][vc_single_image image=&#8220;6131&#8243; img_size=&#8220;90 x 90&#8243; alignment=&#8220;right&#8220; css=&#8220;.vc_custom_1589878169600{margin-top: 28% !important;margin-right: 1% !important;margin-bottom: 3% !important;}&#8220; visibility=&#8220;visible-phone&#8220;][\/vc_column][\/vc_row][vc_row css=&#8220;.vc_custom_1589462350985{padding-top: 8% !important;padding-bottom: 2% !important;}&#8220;][vc_column width=&#8220;1\/6&#8243;][\/vc_column][vc_column width=&#8220;2\/3&#8243;]<style>.vcex-heading.vcex_69d27f226d49f{color:#1d1d1d;font-size:33px;font-family:'Crete Round';font-weight:400;line-height:1.18;}<\/style><h1 class=\"vcex-heading vcex-heading-plain vcex-module wpex-heading wpex-text-2xl wpex-text-center vc_custom_1589461502851 vcex_69d27f226d49f\"><span class=\"vcex-heading-inner wpex-inline-block\">H\u00e4ufig gestellte Fragen<\/span><\/h1>[vc_column_text text_align=&#8220;center&#8220;]Die am h\u00e4ufigsten gestellten Fragen werden in unseren FAQ beantwortet. Sie k\u00f6nnen Ihre Frage nat\u00fcrlich auch \u00fcber unser Kontaktformular stellen, wenn Ihre Frage hier nicht aufgef\u00fchrt ist.[\/vc_column_text][\/vc_column][vc_column width=&#8220;1\/6&#8243;][\/vc_column][\/vc_row][vc_row][vc_column width=&#8220;1\/6&#8243;][\/vc_column][vc_column width=&#8220;2\/3&#8243;][vc_toggle title=&#8220;Zahlung mit Bankkarte m\u00f6glich&#8220;]Beim VSM kann nur mit Bankkarte bezahlt werden, Bargeld gibt es dieses Jahr nicht.[\/vc_toggle][vc_toggle title=&#8220;Muss ich eine Reservierung vornehmen, um mitzufahren?&#8220;]F\u00fcr alle Fahrtage ist es erforderlich, Ihre Tickets im Voraus zu bestellen. Die Bestellung Ihrer Tickets ist \u00fcber diese Website m\u00f6glich.[\/vc_toggle][vc_toggle title=&#8220;Wann f\u00e4hrt der Dampfzug?&#8220;]Suchen Sie im <a href=\"https:\/\/stoomtrein.org\/de\/fahrplan\/\">Kalender der Fahrtage<\/a> nach den farbigen Fahrtagen. Den Fahrplan finden Sie unter dem Kalender. Wenn Sie auf einen farbigen Fahrtag klicken, sehen Sie, welche m\u00f6glichen Pakete an diesem Tag angeboten werden. An den NICHT farbigen Tagen f\u00e4hrt der Dampfzug nicht.[\/vc_toggle][vc_toggle title=&#8220;Wie sind die \u00d6ffnungszeiten des Museumsbahnhofs?&#8220;]Der Museumsbahnhof Beekbergen ist nur an Tagen zug\u00e4nglich, an denen der Fahrplan g\u00fcltig ist. Die Tage finden Sie in unserem Fahrtagekalender.<\/p>\n<p>&nbsp;<\/p>\n<p>Dar\u00fcber hinaus ist der Museumsbahnhof Beekbergen nur nach Voranmeldung und \/ oder in Begleitung eines Mitarbeiters der VSM f\u00fcr Besucher zug\u00e4nglich. Es ist nicht gestattet, auf dem Hof Rad zu fahren.[\/vc_toggle][vc_toggle title=&#8220;Wo kann ich parken?&#8220;]Es gibt Parkpl\u00e4tze neben dem Bahnhof von Beekbergen und auf der angrenzenden Wiese. Geben Sie die Adresse Dorpstraat 140 in Beekbergen in Ihr Navigationsger\u00e4t ein.[\/vc_toggle][vc_toggle title=&#8220;D\u00fcrfen wir im Zug essen und trinken?&#8220;]Wegen COVID-19 gibt es in diesem Jahr keinen Speisewagen im Zug, aber vor der Abfahrt k\u00f6nnen Sie im Bahnhofsgeb\u00e4ude in Beekbergen ein Getr\u00e4nk und einen Snack zu sich nehmen. Es ist auch m\u00f6glich, Ihr Lunchpaket vor der Abfahrt online zu bestellen und es im Zug abzuholen und zu essen.[\/vc_toggle][vc_toggle title=&#8220;Ist die VSM f\u00fcr Rollst\u00fchle zug\u00e4nglich?&#8220;]Unsere Bahnsteige sind barrierefrei und einer unserer Wagen ist mit einem Rollstuhllift ausgestattet. Weitere Informationen finden Sie auf unserer speziellen Seite.[\/vc_toggle][vc_toggle title=&#8220;Darf ich meinen Hund und \/ oder Fahrrad im Zug mitnehmen?&#8220;]Ihr Hund ist im Dampfzug erlaubt (mit Ausnahme von kulinarischen Paketen, bei denen Assistenzhunde nat\u00fcrlich erlaubt sind). Aufgrund des begrenzten Platzes im Zug ist es dieses Jahr nicht m\u00f6glich, ein Fahrrad mitzunehmen.[\/vc_toggle][vc_toggle title=&#8220;Wie kann ich Freiwilliger bei der VSM werden?&#8220;]Sie k\u00f6nnen sich anmelden, indem Sie eine E-Mail an <a href=\"mailto:personeel@stoomtrein.org\">personeel@stoomtrein.org<\/a> senden. Sie werden so schnell wie m\u00f6glich kontaktiert. Oder Sie melden sich am Samstag in der Werkstatt in Beekbergen bei einem unserer Mitarbeiter. Sie k\u00f6nnen Ihnen auch weiter helfen.[\/vc_toggle][vc_toggle title=&#8220;Kann ich einen Dampf- oder Dieselzug mieten?&#8220;]Mieten Sie den Dampfzug f\u00fcr einen Tag und erleben Sie mit Ihrer Gruppe die warme Atmosph\u00e4re der damaligen Eisenbahntage. Eine Fahrt mit dem historischen Dampfzug, in dem der K\u00fcchenchef in der mobilen K\u00fcche ein k\u00f6stliches Mittagessen, einen High Tea oder ein warmes \/ kaltes Buffet f\u00fcr Sie zubereitet, ist ein Erlebnis f\u00fcr sich. Sehen Sie sich <a href=\"https:\/\/stoomtrein.org\/feestelijk\/\">hier<\/a> die unz\u00e4hligen Optionen f\u00fcr Gesch\u00e4ftspakete oder die Informationen f\u00fcr Ihre eigene Feier an.[\/vc_toggle][vc_toggle title=&#8220;Kann die Hauptwerkstatt in Apeldoorn besichtigt werden?&#8220;]Nein, die VSM-Hauptwerkstatt in Apeldoorn ist nicht \u00f6ffentlich zug\u00e4nglich.[\/vc_toggle][\/vc_column][vc_column width=&#8220;1\/6&#8243;][\/vc_column][\/vc_row]\n<\/div>","protected":false},"excerpt":{"rendered":"<p>[vc_row full_width=&#8220;stretch_row&#8220; css=&#8220;.vc_custom_1592066385317{background-image: url(https:\/\/stoomtrein.org\/wp-content\/uploads\/2020\/06\/Header03.jpg?id=8041) !important;background-position: center !important;background-repeat: no-repeat !important;background-size: cover !important;}&#8220;][vc_column][vc_single_image image=&#8220;6131&#8243; img_size=&#8220;149 x 149&#8243; alignment=&#8220;right&#8220; css=&#8220;.vc_custom_1589878182563{margin-top: 28% !important;margin-right: 1% !important;margin-bottom: 3% !important;}&#8220; visibility=&#8220;hidden-phone&#8220;][vc_single_image image=&#8220;6131&#8243; img_size=&#8220;90 x 90&#8243; alignment=&#8220;right&#8220; css=&#8220;.vc_custom_1589878169600{margin-top: 28% !important;margin-right: 1% !important;margin-bottom: 3% !important;}&#8220; visibility=&#8220;visible-phone&#8220;][\/vc_column][\/vc_row][vc_row css=&#8220;.vc_custom_1589462350985{padding-top: 8% !important;padding-bottom: 2% !important;}&#8220;][vc_column width=&#8220;1\/6&#8243;][\/vc_column][vc_column width=&#8220;2\/3&#8243;][vc_column_text text_align=&#8220;center&#8220;]Die am h\u00e4ufigsten gestellten Fragen werden in unseren FAQ beantwortet. Sie&hellip;<\/p>\n","protected":false},"author":5,"featured_media":0,"parent":0,"menu_order":0,"comment_status":"closed","ping_status":"closed","template":"","meta":{"footnotes":""},"class_list":["post-42124","page","type-page","status-publish","hentry","entry","no-media"],"yoast_head":"<!-- This site is optimized with the Yoast SEO plugin v26.9 - https:\/\/yoast.com\/product\/yoast-seo-wordpress\/ -->\n<title>H\u00e4ufig gestellte Fragen - VSM - Stap in en reis mee!<\/title>\n<meta name=\"robots\" content=\"index, follow, max-snippet:-1, max-image-preview:large, max-video-preview:-1\" \/>\n<link rel=\"canonical\" href=\"https:\/\/stoomtrein.org\/de\/haeufig-gestellte-fragen\/\" \/>\n<meta property=\"og:locale\" content=\"de_DE\" \/>\n<meta property=\"og:type\" content=\"article\" \/>\n<meta property=\"og:title\" content=\"H\u00e4ufig gestellte Fragen - VSM - Stap in en reis mee!\" \/>\n<meta property=\"og:description\" content=\"[vc_row full_width=&#8220;stretch_row&#8220; css=&#8220;.vc_custom_1592066385317{background-image: url(https:\/\/stoomtrein.org\/wp-content\/uploads\/2020\/06\/Header03.jpg?id=8041) !important;background-position: center !important;background-repeat: no-repeat !important;background-size: cover !important;}&#8220;][vc_column][vc_single_image image=&#8220;6131&#8243; img_size=&#8220;149 x 149&#8243; alignment=&#8220;right&#8220; css=&#8220;.vc_custom_1589878182563{margin-top: 28% !important;margin-right: 1% !important;margin-bottom: 3% !important;}&#8220; visibility=&#8220;hidden-phone&#8220;][vc_single_image image=&#8220;6131&#8243; img_size=&#8220;90 x 90&#8243; alignment=&#8220;right&#8220; css=&#8220;.vc_custom_1589878169600{margin-top: 28% !important;margin-right: 1% !important;margin-bottom: 3% !important;}&#8220; visibility=&#8220;visible-phone&#8220;][\/vc_column][\/vc_row][vc_row css=&#8220;.vc_custom_1589462350985{padding-top: 8% !important;padding-bottom: 2% !important;}&#8220;][vc_column width=&#8220;1\/6&#8243;][\/vc_column][vc_column width=&#8220;2\/3&#8243;][vc_column_text text_align=&#8220;center&#8220;]Die am h\u00e4ufigsten gestellten Fragen werden in unseren FAQ beantwortet. Sie&hellip;\" \/>\n<meta property=\"og:url\" content=\"https:\/\/stoomtrein.org\/de\/haeufig-gestellte-fragen\/\" \/>\n<meta property=\"og:site_name\" content=\"VSM - Stap in en reis mee!\" \/>\n<meta property=\"article:modified_time\" content=\"2021-09-07T13:24:16+00:00\" \/>\n<meta name=\"twitter:card\" content=\"summary_large_image\" \/>\n<meta name=\"twitter:label1\" content=\"Gesch\u00e4tzte Lesezeit\" \/>\n\t<meta name=\"twitter:data1\" content=\"4\u00a0Minuten\" \/>\n<script type=\"application\/ld+json\" class=\"yoast-schema-graph\">{\"@context\":\"https:\/\/schema.org\",\"@graph\":[{\"@type\":\"WebPage\",\"@id\":\"https:\/\/stoomtrein.org\/de\/haeufig-gestellte-fragen\/\",\"url\":\"https:\/\/stoomtrein.org\/de\/haeufig-gestellte-fragen\/\",\"name\":\"H\u00e4ufig gestellte Fragen - VSM - Stap in en reis mee!\",\"isPartOf\":{\"@id\":\"https:\/\/stoomtrein.org\/#website\"},\"datePublished\":\"2020-04-23T13:03:56+00:00\",\"dateModified\":\"2021-09-07T13:24:16+00:00\",\"breadcrumb\":{\"@id\":\"https:\/\/stoomtrein.org\/de\/haeufig-gestellte-fragen\/#breadcrumb\"},\"inLanguage\":\"de\",\"potentialAction\":[{\"@type\":\"ReadAction\",\"target\":[\"https:\/\/stoomtrein.org\/de\/haeufig-gestellte-fragen\/\"]}]},{\"@type\":\"BreadcrumbList\",\"@id\":\"https:\/\/stoomtrein.org\/de\/haeufig-gestellte-fragen\/#breadcrumb\",\"itemListElement\":[{\"@type\":\"ListItem\",\"position\":1,\"name\":\"Home\",\"item\":\"https:\/\/stoomtrein.org\/de\/home\/\"},{\"@type\":\"ListItem\",\"position\":2,\"name\":\"H\u00e4ufig gestellte Fragen\"}]},{\"@type\":\"WebSite\",\"@id\":\"https:\/\/stoomtrein.org\/#website\",\"url\":\"https:\/\/stoomtrein.org\/\",\"name\":\"VSM - Stap in en reis mee!\",\"description\":\"\u00c9\u00e9n van de leukste uitjes van Gelderland.\",\"publisher\":{\"@id\":\"https:\/\/stoomtrein.org\/#organization\"},\"potentialAction\":[{\"@type\":\"SearchAction\",\"target\":{\"@type\":\"EntryPoint\",\"urlTemplate\":\"https:\/\/stoomtrein.org\/?s={search_term_string}\"},\"query-input\":{\"@type\":\"PropertyValueSpecification\",\"valueRequired\":true,\"valueName\":\"search_term_string\"}}],\"inLanguage\":\"de\"},{\"@type\":\"Organization\",\"@id\":\"https:\/\/stoomtrein.org\/#organization\",\"name\":\"VSM - Stap in en reis mee!\",\"url\":\"https:\/\/stoomtrein.org\/\",\"logo\":{\"@type\":\"ImageObject\",\"inLanguage\":\"de\",\"@id\":\"https:\/\/stoomtrein.org\/#\/schema\/logo\/image\/\",\"url\":\"https:\/\/stoomtrein.org\/wp-content\/uploads\/2020\/04\/Logo-heel.png\",\"contentUrl\":\"https:\/\/stoomtrein.org\/wp-content\/uploads\/2020\/04\/Logo-heel.png\",\"width\":967,\"height\":1943,\"caption\":\"VSM - Stap in en reis mee!\"},\"image\":{\"@id\":\"https:\/\/stoomtrein.org\/#\/schema\/logo\/image\/\"}}]}<\/script>\n<!-- \/ Yoast SEO plugin. -->","yoast_head_json":{"title":"H\u00e4ufig gestellte Fragen - VSM - Stap in en reis mee!","robots":{"index":"index","follow":"follow","max-snippet":"max-snippet:-1","max-image-preview":"max-image-preview:large","max-video-preview":"max-video-preview:-1"},"canonical":"https:\/\/stoomtrein.org\/de\/haeufig-gestellte-fragen\/","og_locale":"de_DE","og_type":"article","og_title":"H\u00e4ufig gestellte Fragen - VSM - Stap in en reis mee!","og_description":"[vc_row full_width=&#8220;stretch_row&#8220; css=&#8220;.vc_custom_1592066385317{background-image: url(https:\/\/stoomtrein.org\/wp-content\/uploads\/2020\/06\/Header03.jpg?id=8041) !important;background-position: center !important;background-repeat: no-repeat !important;background-size: cover !important;}&#8220;][vc_column][vc_single_image image=&#8220;6131&#8243; img_size=&#8220;149 x 149&#8243; alignment=&#8220;right&#8220; css=&#8220;.vc_custom_1589878182563{margin-top: 28% !important;margin-right: 1% !important;margin-bottom: 3% !important;}&#8220; visibility=&#8220;hidden-phone&#8220;][vc_single_image image=&#8220;6131&#8243; img_size=&#8220;90 x 90&#8243; alignment=&#8220;right&#8220; css=&#8220;.vc_custom_1589878169600{margin-top: 28% !important;margin-right: 1% !important;margin-bottom: 3% !important;}&#8220; visibility=&#8220;visible-phone&#8220;][\/vc_column][\/vc_row][vc_row css=&#8220;.vc_custom_1589462350985{padding-top: 8% !important;padding-bottom: 2% !important;}&#8220;][vc_column width=&#8220;1\/6&#8243;][\/vc_column][vc_column width=&#8220;2\/3&#8243;][vc_column_text text_align=&#8220;center&#8220;]Die am h\u00e4ufigsten gestellten Fragen werden in unseren FAQ beantwortet. Sie&hellip;","og_url":"https:\/\/stoomtrein.org\/de\/haeufig-gestellte-fragen\/","og_site_name":"VSM - Stap in en reis mee!","article_modified_time":"2021-09-07T13:24:16+00:00","twitter_card":"summary_large_image","twitter_misc":{"Gesch\u00e4tzte Lesezeit":"4\u00a0Minuten"},"schema":{"@context":"https:\/\/schema.org","@graph":[{"@type":"WebPage","@id":"https:\/\/stoomtrein.org\/de\/haeufig-gestellte-fragen\/","url":"https:\/\/stoomtrein.org\/de\/haeufig-gestellte-fragen\/","name":"H\u00e4ufig gestellte Fragen - VSM - Stap in en reis mee!","isPartOf":{"@id":"https:\/\/stoomtrein.org\/#website"},"datePublished":"2020-04-23T13:03:56+00:00","dateModified":"2021-09-07T13:24:16+00:00","breadcrumb":{"@id":"https:\/\/stoomtrein.org\/de\/haeufig-gestellte-fragen\/#breadcrumb"},"inLanguage":"de","potentialAction":[{"@type":"ReadAction","target":["https:\/\/stoomtrein.org\/de\/haeufig-gestellte-fragen\/"]}]},{"@type":"BreadcrumbList","@id":"https:\/\/stoomtrein.org\/de\/haeufig-gestellte-fragen\/#breadcrumb","itemListElement":[{"@type":"ListItem","position":1,"name":"Home","item":"https:\/\/stoomtrein.org\/de\/home\/"},{"@type":"ListItem","position":2,"name":"H\u00e4ufig gestellte Fragen"}]},{"@type":"WebSite","@id":"https:\/\/stoomtrein.org\/#website","url":"https:\/\/stoomtrein.org\/","name":"VSM - Stap in en reis mee!","description":"\u00c9\u00e9n van de leukste uitjes van Gelderland.","publisher":{"@id":"https:\/\/stoomtrein.org\/#organization"},"potentialAction":[{"@type":"SearchAction","target":{"@type":"EntryPoint","urlTemplate":"https:\/\/stoomtrein.org\/?s={search_term_string}"},"query-input":{"@type":"PropertyValueSpecification","valueRequired":true,"valueName":"search_term_string"}}],"inLanguage":"de"},{"@type":"Organization","@id":"https:\/\/stoomtrein.org\/#organization","name":"VSM - Stap in en reis mee!","url":"https:\/\/stoomtrein.org\/","logo":{"@type":"ImageObject","inLanguage":"de","@id":"https:\/\/stoomtrein.org\/#\/schema\/logo\/image\/","url":"https:\/\/stoomtrein.org\/wp-content\/uploads\/2020\/04\/Logo-heel.png","contentUrl":"https:\/\/stoomtrein.org\/wp-content\/uploads\/2020\/04\/Logo-heel.png","width":967,"height":1943,"caption":"VSM - Stap in en reis mee!"},"image":{"@id":"https:\/\/stoomtrein.org\/#\/schema\/logo\/image\/"}}]}},"jetpack_sharing_enabled":true,"_links":{"self":[{"href":"https:\/\/stoomtrein.org\/de\/wp-json\/wp\/v2\/pages\/42124","targetHints":{"allow":["GET"]}}],"collection":[{"href":"https:\/\/stoomtrein.org\/de\/wp-json\/wp\/v2\/pages"}],"about":[{"href":"https:\/\/stoomtrein.org\/de\/wp-json\/wp\/v2\/types\/page"}],"author":[{"embeddable":true,"href":"https:\/\/stoomtrein.org\/de\/wp-json\/wp\/v2\/users\/5"}],"replies":[{"embeddable":true,"href":"https:\/\/stoomtrein.org\/de\/wp-json\/wp\/v2\/comments?post=42124"}],"version-history":[{"count":3,"href":"https:\/\/stoomtrein.org\/de\/wp-json\/wp\/v2\/pages\/42124\/revisions"}],"predecessor-version":[{"id":48080,"href":"https:\/\/stoomtrein.org\/de\/wp-json\/wp\/v2\/pages\/42124\/revisions\/48080"}],"wp:attachment":[{"href":"https:\/\/stoomtrein.org\/de\/wp-json\/wp\/v2\/media?parent=42124"}],"curies":[{"name":"wp","href":"https:\/\/api.w.org\/{rel}","templated":true}]}}