{"id":42118,"date":"2020-06-09T21:16:01","date_gmt":"2020-06-09T19:16:01","guid":{"rendered":"https:\/\/stoomtrein.org\/word-jij-onze-nieuwe-vrijwilliger\/"},"modified":"2021-09-14T16:02:15","modified_gmt":"2021-09-14T14:02:15","slug":"moechten-sie-unser-neuer-ehrenamtlicher-werden","status":"publish","type":"page","link":"https:\/\/stoomtrein.org\/de\/moechten-sie-unser-neuer-ehrenamtlicher-werden\/","title":{"rendered":"M\u00f6chten Sie unser neuer Ehrenamtlicher werden?"},"content":{"rendered":"<div class=\"wpb-content-wrapper\">[vc_row full_width=&#8220;stretch_row&#8220; css=&#8220;.vc_custom_1591730158412{background-image: url(https:\/\/stoomtrein.org\/wp-content\/uploads\/2020\/06\/Header08.jpg?id=7918) !important;background-position: center !important;background-repeat: no-repeat !important;background-size: cover !important;}&#8220;][vc_column][vc_single_image image=&#8220;6131&#8243; img_size=&#8220;149 x 149&#8243; alignment=&#8220;right&#8220; css=&#8220;.vc_custom_1589878182563{margin-top: 28% !important;margin-right: 1% !important;margin-bottom: 3% !important;}&#8220; visibility=&#8220;hidden-phone&#8220;][vc_single_image image=&#8220;6131&#8243; img_size=&#8220;90 x 90&#8243; alignment=&#8220;right&#8220; css=&#8220;.vc_custom_1589878169600{margin-top: 28% !important;margin-right: 1% !important;margin-bottom: 3% !important;}&#8220; visibility=&#8220;visible-phone&#8220;][\/vc_column][\/vc_row][vc_row full_width=&#8220;stretch_row&#8220; equal_height=&#8220;yes&#8220; css=&#8220;.vc_custom_1589466101232{margin-top: 8% !important;margin-bottom: 2% !important;}&#8220;][vc_column width=&#8220;1\/2&#8243; el_id=&#8220;equal-height-content&#8220;]<style>.vcex-heading.vcex_69d027cd39ae1{color:#1d1d1d;font-size:55px;font-family:'Crete Round';font-style:italic;line-height:1.18;}@media (max-width:767px){.vcex-heading.vcex_69d027cd39ae1{font-size:40px;}}@media (max-width:479px){.vcex-heading.vcex_69d027cd39ae1{font-size:40px;}}<\/style><h1 class=\"vcex-heading vcex-heading-plain vcex-module wpex-heading wpex-text-2xl wpex-text-left vc_custom_1631627837548 vcex_69d027cd39ae1\"><span class=\"vcex-heading-inner wpex-inline-block\">M\u00f6chten Sie unser neuer Ehrenamtlicher werden?<\/span><\/h1>[vc_column_text css=&#8220;.vc_custom_1631627933184{margin-top: 24px !important;margin-bottom: 16px !important;}&#8220; text_align=&#8220;left&#8220;]Der VSM wird derzeit von rund 160 engagierten Freiwilligen getragen. Sie k\u00fcmmern sich um alle Facetten der VSM-Arbeit, wie z.B. die Kontrolle und \u00dcberwachung der Einhaltung der Eisenbahnsicherheit, die Finanzverwaltung, die Fahrtenbuchf\u00fchrung f\u00fcr Lokomotiven und Wagen, die Eisenbahninstandhaltung, das Marketing, das Zugpersonal, die Verpflegung, das Servicepersonal und nat\u00fcrlich die Instandhaltung unseres Rollmaterials.<\/p>\n<p>Der VSM ist st\u00e4ndig auf der Suche nach Menschen, die auf die eine oder andere Weise zur Verwirklichung unseres Ziels beitragen wollen, n\u00e4mlich den Betrieb eines Eisenbahnmuseums aufrechtzuerhalten. Sie k\u00f6nnen sich bewerben, indem Sie eine E-Mail an personeel@stoomtrein.org senden. Sie werden so bald wie m\u00f6glich kontaktiert. Oder Sie k\u00f6nnen sich am Samstag an einen unserer Mitarbeiter in der Werkstatt in Beekbergen wenden. Sie k\u00f6nnen Ihnen auch weiterhelfen.[\/vc_column_text]<div class=\"vcex-spacing wpex-w-100 wpex-clear\"><\/div>[\/vc_column][vc_column width=&#8220;1\/2&#8243; css=&#8220;.vc_custom_1592147971290{padding-top: 50px !important;padding-bottom: 50px !important;background-image: url(https:\/\/stoomtrein.org\/wp-content\/uploads\/2020\/06\/Medewerkers.jpg?id=8426) !important;background-position: center !important;background-repeat: no-repeat !important;background-size: contain !important;}&#8220; el_id=&#8220;equal-height-content&#8220;]<div class=\"vcex-spacing wpex-w-100 wpex-clear visible-phone\" style=\"height:150px;\"><\/div>[\/vc_column][\/vc_row][vc_row css=&#8220;.vc_custom_1592147695152{margin-bottom: 4% !important;}&#8220;][vc_column css=&#8220;.vc_custom_1591731676031{margin-top: 2% !important;margin-bottom: 2% !important;}&#8220;]<style>.vcex-heading.vcex_69d027cd3cce7{color:#fdfdfd;font-size:33px;font-family:'Crete Round';line-height:1.12;}<\/style><h3 class=\"vcex-heading vcex-heading-plain vcex-module wpex-heading wpex-text-2xl wpex-text-left vc_custom_1631627952096 vcex_69d027cd3cce7\"><span class=\"vcex-heading-inner wpex-inline-block\">Wie sieht ein Arbeitstag aus?<\/span><\/h3>[vc_column_text text_align=&#8220;left&#8220; color=&#8220;#fdfdfd&#8220; css=&#8220;.vc_custom_1631628129765{margin-bottom: 5px !important;padding-top: 5px !important;padding-right: 22px !important;padding-bottom: 24px !important;padding-left: 22px !important;background-color: #ff9600 !important;}&#8220; el_class=&#8220;arrangement-blok&#8220;]An einem sch\u00f6nen Sommermorgen im Museumsdampfdepot Beekbergen setzt der Polizist seine Lokomotive vor den Zug, der Beamte schlie\u00dft sie an. Der Anwalt lehnt sich aus dem Fenster und beobachtet, wie der Abgeordnete den letzten Fahrg\u00e4sten in den Zug hilft. Inzwischen hat der Tierarzt damit begonnen, die Schranken zu schlie\u00dfen. Gerade noch rechtzeitig ruft der Anwalt dem Polizeibeamten zu: &#8222;Abfahrt! Der Polizist setzt den Zug in Bewegung, um die Fahrt nach Apeldoorn zu beginnen. Am ersten Bahn\u00fcbergang steigt der Beamte aus, um den Stra\u00dfenverkehr mit der roten Flagge anzuhalten, damit der Zug weiterfahren kann. Im Zug ist der Abgeordnete damit besch\u00e4ftigt, alle Fahrkarten nach historischer Manier zu knipsen.<\/p>\n<p>Dies ist eine kleine Auswahl der Aufgaben, die w\u00e4hrend der Fahrt mit dem Dampfzug zu erledigen sind. M\u00f6glicherweise k\u00f6nnen Sie dieser Geschichte jedoch nicht folgen. Wenn Sie den Polizisten in den Lokf\u00fchrer, den Beamten in den Zugf\u00fchrer, den Anwalt in den Heizer, den Abgeordneten in den Schaffner und den Tierarzt in den Bahnhofsvorsteher verwandeln, ergibt die Geschichte einen Sinn. Aber so kann ein Tag aussehen, denn die meisten unserer ehrenamtlichen Mitarbeiter haben in ihrem t\u00e4glichen Leben (fast) nichts mit der Bahn zu tun.[\/vc_column_text][\/vc_column][\/vc_row]\n<\/div>","protected":false},"excerpt":{"rendered":"<p>[vc_row full_width=&#8220;stretch_row&#8220; css=&#8220;.vc_custom_1591730158412{background-image: url(https:\/\/stoomtrein.org\/wp-content\/uploads\/2020\/06\/Header08.jpg?id=7918) !important;background-position: center !important;background-repeat: no-repeat !important;background-size: cover !important;}&#8220;][vc_column][vc_single_image image=&#8220;6131&#8243; img_size=&#8220;149 x 149&#8243; alignment=&#8220;right&#8220; css=&#8220;.vc_custom_1589878182563{margin-top: 28% !important;margin-right: 1% !important;margin-bottom: 3% !important;}&#8220; visibility=&#8220;hidden-phone&#8220;][vc_single_image image=&#8220;6131&#8243; img_size=&#8220;90 x 90&#8243; alignment=&#8220;right&#8220; css=&#8220;.vc_custom_1589878169600{margin-top: 28% !important;margin-right: 1% !important;margin-bottom: 3% !important;}&#8220; visibility=&#8220;visible-phone&#8220;][\/vc_column][\/vc_row][vc_row full_width=&#8220;stretch_row&#8220; equal_height=&#8220;yes&#8220; css=&#8220;.vc_custom_1589466101232{margin-top: 8% !important;margin-bottom: 2% !important;}&#8220;][vc_column width=&#8220;1\/2&#8243; el_id=&#8220;equal-height-content&#8220;][vc_column_text css=&#8220;.vc_custom_1631627933184{margin-top: 24px !important;margin-bottom: 16px !important;}&#8220; text_align=&#8220;left&#8220;]Der VSM wird derzeit&hellip;<\/p>\n","protected":false},"author":7,"featured_media":0,"parent":0,"menu_order":0,"comment_status":"closed","ping_status":"closed","template":"","meta":{"footnotes":""},"class_list":["post-42118","page","type-page","status-publish","hentry","entry","no-media"],"yoast_head":"<!-- This site is optimized with the Yoast SEO plugin v26.9 - https:\/\/yoast.com\/product\/yoast-seo-wordpress\/ -->\n<title>M\u00f6chten Sie unser neuer Ehrenamtlicher werden? - VSM - Stap in en reis mee!<\/title>\n<meta name=\"robots\" content=\"index, follow, max-snippet:-1, max-image-preview:large, max-video-preview:-1\" \/>\n<link rel=\"canonical\" href=\"https:\/\/stoomtrein.org\/de\/moechten-sie-unser-neuer-ehrenamtlicher-werden\/\" \/>\n<meta property=\"og:locale\" content=\"de_DE\" \/>\n<meta property=\"og:type\" content=\"article\" \/>\n<meta property=\"og:title\" content=\"M\u00f6chten Sie unser neuer Ehrenamtlicher werden? - VSM - Stap in en reis mee!\" \/>\n<meta property=\"og:description\" content=\"[vc_row full_width=&#8220;stretch_row&#8220; css=&#8220;.vc_custom_1591730158412{background-image: url(https:\/\/stoomtrein.org\/wp-content\/uploads\/2020\/06\/Header08.jpg?id=7918) !important;background-position: center !important;background-repeat: no-repeat !important;background-size: cover !important;}&#8220;][vc_column][vc_single_image image=&#8220;6131&#8243; img_size=&#8220;149 x 149&#8243; alignment=&#8220;right&#8220; css=&#8220;.vc_custom_1589878182563{margin-top: 28% !important;margin-right: 1% !important;margin-bottom: 3% !important;}&#8220; visibility=&#8220;hidden-phone&#8220;][vc_single_image image=&#8220;6131&#8243; img_size=&#8220;90 x 90&#8243; alignment=&#8220;right&#8220; css=&#8220;.vc_custom_1589878169600{margin-top: 28% !important;margin-right: 1% !important;margin-bottom: 3% !important;}&#8220; visibility=&#8220;visible-phone&#8220;][\/vc_column][\/vc_row][vc_row full_width=&#8220;stretch_row&#8220; equal_height=&#8220;yes&#8220; css=&#8220;.vc_custom_1589466101232{margin-top: 8% !important;margin-bottom: 2% !important;}&#8220;][vc_column width=&#8220;1\/2&#8243; el_id=&#8220;equal-height-content&#8220;][vc_column_text css=&#8220;.vc_custom_1631627933184{margin-top: 24px !important;margin-bottom: 16px !important;}&#8220; text_align=&#8220;left&#8220;]Der VSM wird derzeit&hellip;\" \/>\n<meta property=\"og:url\" content=\"https:\/\/stoomtrein.org\/de\/moechten-sie-unser-neuer-ehrenamtlicher-werden\/\" \/>\n<meta property=\"og:site_name\" content=\"VSM - Stap in en reis mee!\" \/>\n<meta property=\"article:modified_time\" content=\"2021-09-14T14:02:15+00:00\" \/>\n<meta name=\"twitter:card\" content=\"summary_large_image\" \/>\n<meta name=\"twitter:label1\" content=\"Gesch\u00e4tzte Lesezeit\" \/>\n\t<meta name=\"twitter:data1\" content=\"3\u00a0Minuten\" \/>\n<script type=\"application\/ld+json\" class=\"yoast-schema-graph\">{\"@context\":\"https:\/\/schema.org\",\"@graph\":[{\"@type\":\"WebPage\",\"@id\":\"https:\/\/stoomtrein.org\/de\/moechten-sie-unser-neuer-ehrenamtlicher-werden\/\",\"url\":\"https:\/\/stoomtrein.org\/de\/moechten-sie-unser-neuer-ehrenamtlicher-werden\/\",\"name\":\"M\u00f6chten Sie unser neuer Ehrenamtlicher werden? - VSM - Stap in en reis mee!\",\"isPartOf\":{\"@id\":\"https:\/\/stoomtrein.org\/#website\"},\"datePublished\":\"2020-06-09T19:16:01+00:00\",\"dateModified\":\"2021-09-14T14:02:15+00:00\",\"breadcrumb\":{\"@id\":\"https:\/\/stoomtrein.org\/de\/moechten-sie-unser-neuer-ehrenamtlicher-werden\/#breadcrumb\"},\"inLanguage\":\"de\",\"potentialAction\":[{\"@type\":\"ReadAction\",\"target\":[\"https:\/\/stoomtrein.org\/de\/moechten-sie-unser-neuer-ehrenamtlicher-werden\/\"]}]},{\"@type\":\"BreadcrumbList\",\"@id\":\"https:\/\/stoomtrein.org\/de\/moechten-sie-unser-neuer-ehrenamtlicher-werden\/#breadcrumb\",\"itemListElement\":[{\"@type\":\"ListItem\",\"position\":1,\"name\":\"Home\",\"item\":\"https:\/\/stoomtrein.org\/de\/home\/\"},{\"@type\":\"ListItem\",\"position\":2,\"name\":\"M\u00f6chten Sie unser neuer Ehrenamtlicher werden?\"}]},{\"@type\":\"WebSite\",\"@id\":\"https:\/\/stoomtrein.org\/#website\",\"url\":\"https:\/\/stoomtrein.org\/\",\"name\":\"VSM - Stap in en reis mee!\",\"description\":\"\u00c9\u00e9n van de leukste uitjes van Gelderland.\",\"publisher\":{\"@id\":\"https:\/\/stoomtrein.org\/#organization\"},\"potentialAction\":[{\"@type\":\"SearchAction\",\"target\":{\"@type\":\"EntryPoint\",\"urlTemplate\":\"https:\/\/stoomtrein.org\/?s={search_term_string}\"},\"query-input\":{\"@type\":\"PropertyValueSpecification\",\"valueRequired\":true,\"valueName\":\"search_term_string\"}}],\"inLanguage\":\"de\"},{\"@type\":\"Organization\",\"@id\":\"https:\/\/stoomtrein.org\/#organization\",\"name\":\"VSM - Stap in en reis mee!\",\"url\":\"https:\/\/stoomtrein.org\/\",\"logo\":{\"@type\":\"ImageObject\",\"inLanguage\":\"de\",\"@id\":\"https:\/\/stoomtrein.org\/#\/schema\/logo\/image\/\",\"url\":\"https:\/\/stoomtrein.org\/wp-content\/uploads\/2020\/04\/Logo-heel.png\",\"contentUrl\":\"https:\/\/stoomtrein.org\/wp-content\/uploads\/2020\/04\/Logo-heel.png\",\"width\":967,\"height\":1943,\"caption\":\"VSM - Stap in en reis mee!\"},\"image\":{\"@id\":\"https:\/\/stoomtrein.org\/#\/schema\/logo\/image\/\"}}]}<\/script>\n<!-- \/ Yoast SEO plugin. -->","yoast_head_json":{"title":"M\u00f6chten Sie unser neuer Ehrenamtlicher werden? - VSM - Stap in en reis mee!","robots":{"index":"index","follow":"follow","max-snippet":"max-snippet:-1","max-image-preview":"max-image-preview:large","max-video-preview":"max-video-preview:-1"},"canonical":"https:\/\/stoomtrein.org\/de\/moechten-sie-unser-neuer-ehrenamtlicher-werden\/","og_locale":"de_DE","og_type":"article","og_title":"M\u00f6chten Sie unser neuer Ehrenamtlicher werden? - VSM - Stap in en reis mee!","og_description":"[vc_row full_width=&#8220;stretch_row&#8220; css=&#8220;.vc_custom_1591730158412{background-image: url(https:\/\/stoomtrein.org\/wp-content\/uploads\/2020\/06\/Header08.jpg?id=7918) !important;background-position: center !important;background-repeat: no-repeat !important;background-size: cover !important;}&#8220;][vc_column][vc_single_image image=&#8220;6131&#8243; img_size=&#8220;149 x 149&#8243; alignment=&#8220;right&#8220; css=&#8220;.vc_custom_1589878182563{margin-top: 28% !important;margin-right: 1% !important;margin-bottom: 3% !important;}&#8220; visibility=&#8220;hidden-phone&#8220;][vc_single_image image=&#8220;6131&#8243; img_size=&#8220;90 x 90&#8243; alignment=&#8220;right&#8220; css=&#8220;.vc_custom_1589878169600{margin-top: 28% !important;margin-right: 1% !important;margin-bottom: 3% !important;}&#8220; visibility=&#8220;visible-phone&#8220;][\/vc_column][\/vc_row][vc_row full_width=&#8220;stretch_row&#8220; equal_height=&#8220;yes&#8220; css=&#8220;.vc_custom_1589466101232{margin-top: 8% !important;margin-bottom: 2% !important;}&#8220;][vc_column width=&#8220;1\/2&#8243; el_id=&#8220;equal-height-content&#8220;][vc_column_text css=&#8220;.vc_custom_1631627933184{margin-top: 24px !important;margin-bottom: 16px !important;}&#8220; text_align=&#8220;left&#8220;]Der VSM wird derzeit&hellip;","og_url":"https:\/\/stoomtrein.org\/de\/moechten-sie-unser-neuer-ehrenamtlicher-werden\/","og_site_name":"VSM - Stap in en reis mee!","article_modified_time":"2021-09-14T14:02:15+00:00","twitter_card":"summary_large_image","twitter_misc":{"Gesch\u00e4tzte Lesezeit":"3\u00a0Minuten"},"schema":{"@context":"https:\/\/schema.org","@graph":[{"@type":"WebPage","@id":"https:\/\/stoomtrein.org\/de\/moechten-sie-unser-neuer-ehrenamtlicher-werden\/","url":"https:\/\/stoomtrein.org\/de\/moechten-sie-unser-neuer-ehrenamtlicher-werden\/","name":"M\u00f6chten Sie unser neuer Ehrenamtlicher werden? - VSM - Stap in en reis mee!","isPartOf":{"@id":"https:\/\/stoomtrein.org\/#website"},"datePublished":"2020-06-09T19:16:01+00:00","dateModified":"2021-09-14T14:02:15+00:00","breadcrumb":{"@id":"https:\/\/stoomtrein.org\/de\/moechten-sie-unser-neuer-ehrenamtlicher-werden\/#breadcrumb"},"inLanguage":"de","potentialAction":[{"@type":"ReadAction","target":["https:\/\/stoomtrein.org\/de\/moechten-sie-unser-neuer-ehrenamtlicher-werden\/"]}]},{"@type":"BreadcrumbList","@id":"https:\/\/stoomtrein.org\/de\/moechten-sie-unser-neuer-ehrenamtlicher-werden\/#breadcrumb","itemListElement":[{"@type":"ListItem","position":1,"name":"Home","item":"https:\/\/stoomtrein.org\/de\/home\/"},{"@type":"ListItem","position":2,"name":"M\u00f6chten Sie unser neuer Ehrenamtlicher werden?"}]},{"@type":"WebSite","@id":"https:\/\/stoomtrein.org\/#website","url":"https:\/\/stoomtrein.org\/","name":"VSM - Stap in en reis mee!","description":"\u00c9\u00e9n van de leukste uitjes van Gelderland.","publisher":{"@id":"https:\/\/stoomtrein.org\/#organization"},"potentialAction":[{"@type":"SearchAction","target":{"@type":"EntryPoint","urlTemplate":"https:\/\/stoomtrein.org\/?s={search_term_string}"},"query-input":{"@type":"PropertyValueSpecification","valueRequired":true,"valueName":"search_term_string"}}],"inLanguage":"de"},{"@type":"Organization","@id":"https:\/\/stoomtrein.org\/#organization","name":"VSM - Stap in en reis mee!","url":"https:\/\/stoomtrein.org\/","logo":{"@type":"ImageObject","inLanguage":"de","@id":"https:\/\/stoomtrein.org\/#\/schema\/logo\/image\/","url":"https:\/\/stoomtrein.org\/wp-content\/uploads\/2020\/04\/Logo-heel.png","contentUrl":"https:\/\/stoomtrein.org\/wp-content\/uploads\/2020\/04\/Logo-heel.png","width":967,"height":1943,"caption":"VSM - Stap in en reis mee!"},"image":{"@id":"https:\/\/stoomtrein.org\/#\/schema\/logo\/image\/"}}]}},"jetpack_sharing_enabled":true,"_links":{"self":[{"href":"https:\/\/stoomtrein.org\/de\/wp-json\/wp\/v2\/pages\/42118","targetHints":{"allow":["GET"]}}],"collection":[{"href":"https:\/\/stoomtrein.org\/de\/wp-json\/wp\/v2\/pages"}],"about":[{"href":"https:\/\/stoomtrein.org\/de\/wp-json\/wp\/v2\/types\/page"}],"author":[{"embeddable":true,"href":"https:\/\/stoomtrein.org\/de\/wp-json\/wp\/v2\/users\/7"}],"replies":[{"embeddable":true,"href":"https:\/\/stoomtrein.org\/de\/wp-json\/wp\/v2\/comments?post=42118"}],"version-history":[{"count":0,"href":"https:\/\/stoomtrein.org\/de\/wp-json\/wp\/v2\/pages\/42118\/revisions"}],"wp:attachment":[{"href":"https:\/\/stoomtrein.org\/de\/wp-json\/wp\/v2\/media?parent=42118"}],"curies":[{"name":"wp","href":"https:\/\/api.w.org\/{rel}","templated":true}]}}