{"id":42116,"date":"2020-04-28T15:42:53","date_gmt":"2020-04-28T13:42:53","guid":{"rendered":"https:\/\/stoomtrein.org\/zondagse-lunch\/"},"modified":"2021-09-02T20:33:41","modified_gmt":"2021-09-02T18:33:41","slug":"sonntags-mittagessen","status":"publish","type":"page","link":"https:\/\/stoomtrein.org\/de\/sonntags-mittagessen\/","title":{"rendered":"Sonntags Mittagessen"},"content":{"rendered":"<div class=\"wpb-content-wrapper\">[vc_row full_width=&#8220;stretch_row&#8220; css=&#8220;.vc_custom_1590311474253{background-image: url(https:\/\/stoomtrein.org\/wp-content\/uploads\/2020\/05\/Header06.jpg?id=7370) !important;background-position: center !important;background-repeat: no-repeat !important;background-size: cover !important;}&#8220;][vc_column][vc_single_image image=&#8220;6131&#8243; img_size=&#8220;149 x 149&#8243; alignment=&#8220;right&#8220; css=&#8220;.vc_custom_1589878982786{margin-top: 28% !important;margin-right: 1% !important;margin-bottom: 3% !important;}&#8220; visibility=&#8220;hidden-phone&#8220;][vc_single_image image=&#8220;6131&#8243; img_size=&#8220;90 x 90&#8243; alignment=&#8220;right&#8220; css=&#8220;.vc_custom_1589878993501{margin-top: 28% !important;margin-right: 1% !important;margin-bottom: 3% !important;}&#8220; visibility=&#8220;visible-phone&#8220;][\/vc_column][\/vc_row][vc_row full_width=&#8220;stretch_row&#8220; equal_height=&#8220;yes&#8220; css=&#8220;.vc_custom_1589466101232{margin-top: 8% !important;margin-bottom: 2% !important;}&#8220;][vc_column width=&#8220;1\/2&#8243; el_id=&#8220;equal-height-content&#8220;]<style>.vcex-heading.vcex_69dfedf34c4da{color:#1d1d1d;font-size:55px;font-family:'Crete Round';font-style:italic;line-height:1.18;}@media (max-width:767px){.vcex-heading.vcex_69dfedf34c4da{font-size:40px;}}@media (max-width:479px){.vcex-heading.vcex_69dfedf34c4da{font-size:40px;}}<\/style><h1 class=\"vcex-heading vcex-heading-plain vcex-module wpex-heading wpex-text-2xl wpex-text-left vc_custom_1630602092605 vcex_69dfedf34c4da\"><span class=\"vcex-heading-inner wpex-inline-block\">Ein herrliches Sonntagsmittagessen mit historischem Touch<\/span><\/h1>[vc_column_text css=&#8220;.vc_custom_1630602183864{margin-top: 24px !important;margin-bottom: 16px !important;}&#8220; text_align=&#8220;left&#8220;]\n<div class=\"wpb_text_column wpb_content_element vc_custom_1590316688737\">\n<div class=\"wpb_wrapper\">\n<p><strong>Bitte beachten Sie:<\/strong> <em>Aufgrund des Coronavirus l\u00e4uft das Programm 2021 nicht aus.<\/em><\/p>\n<\/div>\n<\/div>\n[\/vc_column_text][vc_column_text css=&#8220;.vc_custom_1630602126381{margin-top: 24px !important;margin-bottom: 16px !important;}&#8220; text_align=&#8220;left&#8220;]W\u00e4hrend der Saison dampft die VSM regelm\u00e4\u00dfig mit einem Dampfzug \u00fcber die Veluwe. In diesem Zug f\u00e4hrt ein originaler Wagons-Lits-Speisewagen aus dem Jahr 1927 mit. W\u00e4hrend dieser Fahrt auf einem Abschnitt der VSM-Strecke k\u00f6nnen Sie ein umfangreiches Mittagessen im Speisewagen genie\u00dfen. W\u00e4hrend des Mittagessens werden verschiedene kleine Gerichte und k\u00f6stliche Br\u00f6tchen serviert, die Sie selbst belegen k\u00f6nnen.[\/vc_column_text][\/vc_column][vc_column width=&#8220;1\/2&#8243; css=&#8220;.vc_custom_1590245714166{padding-top: 50px !important;padding-bottom: 50px !important;background-image: url(https:\/\/stoomtrein.org\/wp-content\/uploads\/2020\/05\/Zondagse-lunch.jpg?id=7322) !important;background-position: center !important;background-repeat: no-repeat !important;background-size: cover !important;}&#8220; el_id=&#8220;equal-height-content&#8220;]<div class=\"vcex-spacing wpex-w-100 wpex-clear visible-phone\" style=\"height:150px;\"><\/div>[\/vc_column][\/vc_row][vc_row full_width=&#8220;stretch_row&#8220; css=&#8220;.vc_custom_1589465642667{margin-top: 8% !important;margin-bottom: 2% !important;padding-top: 8% !important;padding-bottom: 8% !important;background-color: #f0f0f0 !important;}&#8220;][vc_column][vc_row_inner][vc_column_inner]<style>.vcex-heading.vcex_69dfedf34f5f2{color:#1d1d1d;font-size:33px;font-family:'Crete Round';}<\/style><h3 class=\"vcex-heading vcex-heading-plain vcex-module wpex-heading wpex-text-2xl wpex-text-left vcex_69dfedf34f5f2\"><span class=\"vcex-heading-inner wpex-inline-block\">Kommende Fahrtage<\/span><\/h3>[vc_column_text css=&#8220;.vc_custom_1630602405371{margin-top: 20px !important;margin-bottom: 30px !important;}&#8220;]Das Sonntags Mittagessen wird im 2022 wieder stattfinden.[\/vc_column_text][\/vc_column_inner][\/vc_row_inner][vc_row_inner][vc_column_inner width=&#8220;1\/3&#8243; css=&#8220;.vc_custom_1589465821476{margin-top: 60px !important;}&#8220;]<style>.vcex-heading.vcex_69dfedf34ff52{color:#1d1d1d;font-size:33px;font-family:'Crete Round';}<\/style><h3 class=\"vcex-heading vcex-heading-plain vcex-module wpex-heading wpex-text-2xl wpex-text-left vcex_69dfedf34ff52\"><span class=\"vcex-heading-inner wpex-inline-block\">Abfahrtszeiten<\/span><\/h3>[vc_column_text]F\u00fcr dieses Jahr gibt es leider noch keine Abfahrtszeiten.[\/vc_column_text]<style>.vcex-button.vcex_69dfedf351183{background:#690013;padding-block-start:9px;padding-block-end:11px;padding-inline:40px;}.vcex-button.vcex_69dfedf351183:hover{background:#ff9600!important;}<\/style><div class=\"vc_custom_1630602970999 wpex-clr\"><a href=\"https:\/\/stoomtrein.org\/de\/groene-dienstregeling\/\" class=\"vcex-button theme-button align-left inline hvr hvr-shadow vcex_69dfedf351183\"><span class=\"vcex-button-inner theme-button-inner wpex-flex wpex-flex-wrap wpex-items-center wpex-justify-center\">Abfahrtszeiten gr\u00fcner Fahrplan<\/span><\/a><\/div> [\/vc_column_inner][vc_column_inner width=&#8220;1\/3&#8243; css=&#8220;.vc_custom_1589465812500{margin-top: 60px !important;}&#8220;]<style>.vcex-heading.vcex_69dfedf351a7e{color:#1d1d1d;font-size:33px;font-family:'Crete Round';}<\/style><h3 class=\"vcex-heading vcex-heading-plain vcex-module wpex-heading wpex-text-2xl wpex-text-left vcex_69dfedf351a7e\"><span class=\"vcex-heading-inner wpex-inline-block\">Tarife<\/span><\/h3>[vc_column_text]Die aktuellen Tarife f\u00fcr dieses Paket finden Sie auf der Tarifseite.[\/vc_column_text]<style>.vcex-button.vcex_69dfedf35257f{background:#690013;padding-block-start:9px;padding-block-end:11px;padding-inline:40px;}.vcex-button.vcex_69dfedf35257f:hover{background:#ff9600!important;}<\/style><div class=\"vc_custom_1630603274384 wpex-clr\"><a href=\"https:\/\/stoomtrein.org\/de\/preise\/\" class=\"vcex-button theme-button align-left inline hvr hvr-shadow vcex_69dfedf35257f\"><span class=\"vcex-button-inner theme-button-inner wpex-flex wpex-flex-wrap wpex-items-center wpex-justify-center\">Sehen Sie sich die aktuellen Tarife an<\/span><\/a><\/div> [\/vc_column_inner][vc_column_inner width=&#8220;1\/3&#8243; css=&#8220;.vc_custom_1589465785554{margin-top: 30px !important;}&#8220;]<style>.vcex-heading.vcex_69dfedf352e33{color:#fdfdfd;font-size:33px;font-family:'Crete Round';line-height:1.12;}<\/style><h3 class=\"vcex-heading vcex-heading-plain vcex-module wpex-heading wpex-text-2xl wpex-text-left vc_custom_1589465405316 vcex_69dfedf352e33\"><span class=\"vcex-heading-inner wpex-inline-block\">Tickets<\/span><\/h3>[vc_column_text text_align=&#8220;left&#8220; color=&#8220;#fdfdfd&#8220; css=&#8220;.vc_custom_1630603189936{margin-bottom: 5px !important;padding-top: 5px !important;padding-right: 22px !important;padding-bottom: 24px !important;padding-left: 22px !important;background-color: #ff9600 !important;}&#8220; el_class=&#8220;arrangement-blok&#8220;]F\u00fcr dieses Paket ist eine Reservierung erforderlich, eine Reservierung ist vor\u00fcbergehend nicht m\u00f6glich.[\/vc_column_text]<style>.vcex-button.vcex_69dfedf353944{border-radius:0px;background:#690013;color:#fdfdfd!important;width:100%;padding-block-start:11px;padding-block-end:15px;font-size:18px;}.vcex-button.vcex_69dfedf353944:hover{background:#690013!important;color:#fdfdfd!important;}<\/style><div class=\"theme-button-wrap textcenter wpex-clr\"><a href=\"#\" class=\"vcex-button theme-button align-center inline arrangementbtn wpex-flex-shrink-0 vcex_69dfedf353944\"><span class=\"vcex-button-inner theme-button-inner wpex-flex wpex-flex-wrap wpex-items-center wpex-justify-center\">Bestellen Sie Ihre Tickets direkt hier<\/span><\/a><\/div> [\/vc_column_inner][\/vc_row_inner][\/vc_column][\/vc_row][vc_row css=&#8220;.vc_custom_1589465589277{padding-top: 8% !important;padding-bottom: 8% !important;}&#8220;][vc_column][vc_video link=&#8220;https:\/\/www.youtube.com\/watch?v=_KdqyTtayKY&#8220;][\/vc_column][\/vc_row]\n<\/div>","protected":false},"excerpt":{"rendered":"<p>[vc_row full_width=&#8220;stretch_row&#8220; css=&#8220;.vc_custom_1590311474253{background-image: url(https:\/\/stoomtrein.org\/wp-content\/uploads\/2020\/05\/Header06.jpg?id=7370) !important;background-position: center !important;background-repeat: no-repeat !important;background-size: cover !important;}&#8220;][vc_column][vc_single_image image=&#8220;6131&#8243; img_size=&#8220;149 x 149&#8243; alignment=&#8220;right&#8220; css=&#8220;.vc_custom_1589878982786{margin-top: 28% !important;margin-right: 1% !important;margin-bottom: 3% !important;}&#8220; visibility=&#8220;hidden-phone&#8220;][vc_single_image image=&#8220;6131&#8243; img_size=&#8220;90 x 90&#8243; alignment=&#8220;right&#8220; css=&#8220;.vc_custom_1589878993501{margin-top: 28% !important;margin-right: 1% !important;margin-bottom: 3% !important;}&#8220; visibility=&#8220;visible-phone&#8220;][\/vc_column][\/vc_row][vc_row full_width=&#8220;stretch_row&#8220; equal_height=&#8220;yes&#8220; css=&#8220;.vc_custom_1589466101232{margin-top: 8% !important;margin-bottom: 2% !important;}&#8220;][vc_column width=&#8220;1\/2&#8243; el_id=&#8220;equal-height-content&#8220;][vc_column_text css=&#8220;.vc_custom_1630602183864{margin-top: 24px !important;margin-bottom: 16px !important;}&#8220; text_align=&#8220;left&#8220;] Bitte beachten Sie:&hellip;<\/p>\n","protected":false},"author":5,"featured_media":0,"parent":0,"menu_order":0,"comment_status":"closed","ping_status":"closed","template":"","meta":{"footnotes":""},"class_list":["post-42116","page","type-page","status-publish","hentry","entry","no-media"],"yoast_head":"<!-- This site is optimized with the Yoast SEO plugin v26.9 - https:\/\/yoast.com\/product\/yoast-seo-wordpress\/ -->\n<title>Sonntags Mittagessen - VSM - Stap in en reis mee!<\/title>\n<meta name=\"robots\" content=\"index, follow, max-snippet:-1, max-image-preview:large, max-video-preview:-1\" \/>\n<link rel=\"canonical\" href=\"https:\/\/stoomtrein.org\/de\/sonntags-mittagessen\/\" \/>\n<meta property=\"og:locale\" content=\"de_DE\" \/>\n<meta property=\"og:type\" content=\"article\" \/>\n<meta property=\"og:title\" content=\"Sonntags Mittagessen - VSM - Stap in en reis mee!\" \/>\n<meta property=\"og:description\" content=\"[vc_row full_width=&#8220;stretch_row&#8220; css=&#8220;.vc_custom_1590311474253{background-image: url(https:\/\/stoomtrein.org\/wp-content\/uploads\/2020\/05\/Header06.jpg?id=7370) !important;background-position: center !important;background-repeat: no-repeat !important;background-size: cover !important;}&#8220;][vc_column][vc_single_image image=&#8220;6131&#8243; img_size=&#8220;149 x 149&#8243; alignment=&#8220;right&#8220; css=&#8220;.vc_custom_1589878982786{margin-top: 28% !important;margin-right: 1% !important;margin-bottom: 3% !important;}&#8220; visibility=&#8220;hidden-phone&#8220;][vc_single_image image=&#8220;6131&#8243; img_size=&#8220;90 x 90&#8243; alignment=&#8220;right&#8220; css=&#8220;.vc_custom_1589878993501{margin-top: 28% !important;margin-right: 1% !important;margin-bottom: 3% !important;}&#8220; visibility=&#8220;visible-phone&#8220;][\/vc_column][\/vc_row][vc_row full_width=&#8220;stretch_row&#8220; equal_height=&#8220;yes&#8220; css=&#8220;.vc_custom_1589466101232{margin-top: 8% !important;margin-bottom: 2% !important;}&#8220;][vc_column width=&#8220;1\/2&#8243; el_id=&#8220;equal-height-content&#8220;][vc_column_text css=&#8220;.vc_custom_1630602183864{margin-top: 24px !important;margin-bottom: 16px !important;}&#8220; text_align=&#8220;left&#8220;] Bitte beachten Sie:&hellip;\" \/>\n<meta property=\"og:url\" content=\"https:\/\/stoomtrein.org\/de\/sonntags-mittagessen\/\" \/>\n<meta property=\"og:site_name\" content=\"VSM - Stap in en reis mee!\" \/>\n<meta property=\"article:modified_time\" content=\"2021-09-02T18:33:41+00:00\" \/>\n<meta name=\"twitter:card\" content=\"summary_large_image\" \/>\n<meta name=\"twitter:label1\" content=\"Gesch\u00e4tzte Lesezeit\" \/>\n\t<meta name=\"twitter:data1\" content=\"4\u00a0Minuten\" \/>\n<script type=\"application\/ld+json\" class=\"yoast-schema-graph\">{\"@context\":\"https:\/\/schema.org\",\"@graph\":[{\"@type\":\"WebPage\",\"@id\":\"https:\/\/stoomtrein.org\/de\/sonntags-mittagessen\/\",\"url\":\"https:\/\/stoomtrein.org\/de\/sonntags-mittagessen\/\",\"name\":\"Sonntags Mittagessen - VSM - Stap in en reis mee!\",\"isPartOf\":{\"@id\":\"https:\/\/stoomtrein.org\/#website\"},\"datePublished\":\"2020-04-28T13:42:53+00:00\",\"dateModified\":\"2021-09-02T18:33:41+00:00\",\"breadcrumb\":{\"@id\":\"https:\/\/stoomtrein.org\/de\/sonntags-mittagessen\/#breadcrumb\"},\"inLanguage\":\"de\",\"potentialAction\":[{\"@type\":\"ReadAction\",\"target\":[\"https:\/\/stoomtrein.org\/de\/sonntags-mittagessen\/\"]}]},{\"@type\":\"BreadcrumbList\",\"@id\":\"https:\/\/stoomtrein.org\/de\/sonntags-mittagessen\/#breadcrumb\",\"itemListElement\":[{\"@type\":\"ListItem\",\"position\":1,\"name\":\"Home\",\"item\":\"https:\/\/stoomtrein.org\/de\/home\/\"},{\"@type\":\"ListItem\",\"position\":2,\"name\":\"Sonntags Mittagessen\"}]},{\"@type\":\"WebSite\",\"@id\":\"https:\/\/stoomtrein.org\/#website\",\"url\":\"https:\/\/stoomtrein.org\/\",\"name\":\"VSM - Stap in en reis mee!\",\"description\":\"\u00c9\u00e9n van de leukste uitjes van Gelderland.\",\"publisher\":{\"@id\":\"https:\/\/stoomtrein.org\/#organization\"},\"potentialAction\":[{\"@type\":\"SearchAction\",\"target\":{\"@type\":\"EntryPoint\",\"urlTemplate\":\"https:\/\/stoomtrein.org\/?s={search_term_string}\"},\"query-input\":{\"@type\":\"PropertyValueSpecification\",\"valueRequired\":true,\"valueName\":\"search_term_string\"}}],\"inLanguage\":\"de\"},{\"@type\":\"Organization\",\"@id\":\"https:\/\/stoomtrein.org\/#organization\",\"name\":\"VSM - Stap in en reis mee!\",\"url\":\"https:\/\/stoomtrein.org\/\",\"logo\":{\"@type\":\"ImageObject\",\"inLanguage\":\"de\",\"@id\":\"https:\/\/stoomtrein.org\/#\/schema\/logo\/image\/\",\"url\":\"https:\/\/stoomtrein.org\/wp-content\/uploads\/2020\/04\/Logo-heel.png\",\"contentUrl\":\"https:\/\/stoomtrein.org\/wp-content\/uploads\/2020\/04\/Logo-heel.png\",\"width\":967,\"height\":1943,\"caption\":\"VSM - Stap in en reis mee!\"},\"image\":{\"@id\":\"https:\/\/stoomtrein.org\/#\/schema\/logo\/image\/\"}}]}<\/script>\n<!-- \/ Yoast SEO plugin. -->","yoast_head_json":{"title":"Sonntags Mittagessen - VSM - Stap in en reis mee!","robots":{"index":"index","follow":"follow","max-snippet":"max-snippet:-1","max-image-preview":"max-image-preview:large","max-video-preview":"max-video-preview:-1"},"canonical":"https:\/\/stoomtrein.org\/de\/sonntags-mittagessen\/","og_locale":"de_DE","og_type":"article","og_title":"Sonntags Mittagessen - VSM - Stap in en reis mee!","og_description":"[vc_row full_width=&#8220;stretch_row&#8220; css=&#8220;.vc_custom_1590311474253{background-image: url(https:\/\/stoomtrein.org\/wp-content\/uploads\/2020\/05\/Header06.jpg?id=7370) !important;background-position: center !important;background-repeat: no-repeat !important;background-size: cover !important;}&#8220;][vc_column][vc_single_image image=&#8220;6131&#8243; img_size=&#8220;149 x 149&#8243; alignment=&#8220;right&#8220; css=&#8220;.vc_custom_1589878982786{margin-top: 28% !important;margin-right: 1% !important;margin-bottom: 3% !important;}&#8220; visibility=&#8220;hidden-phone&#8220;][vc_single_image image=&#8220;6131&#8243; img_size=&#8220;90 x 90&#8243; alignment=&#8220;right&#8220; css=&#8220;.vc_custom_1589878993501{margin-top: 28% !important;margin-right: 1% !important;margin-bottom: 3% !important;}&#8220; visibility=&#8220;visible-phone&#8220;][\/vc_column][\/vc_row][vc_row full_width=&#8220;stretch_row&#8220; equal_height=&#8220;yes&#8220; css=&#8220;.vc_custom_1589466101232{margin-top: 8% !important;margin-bottom: 2% !important;}&#8220;][vc_column width=&#8220;1\/2&#8243; el_id=&#8220;equal-height-content&#8220;][vc_column_text css=&#8220;.vc_custom_1630602183864{margin-top: 24px !important;margin-bottom: 16px !important;}&#8220; text_align=&#8220;left&#8220;] Bitte beachten Sie:&hellip;","og_url":"https:\/\/stoomtrein.org\/de\/sonntags-mittagessen\/","og_site_name":"VSM - Stap in en reis mee!","article_modified_time":"2021-09-02T18:33:41+00:00","twitter_card":"summary_large_image","twitter_misc":{"Gesch\u00e4tzte Lesezeit":"4\u00a0Minuten"},"schema":{"@context":"https:\/\/schema.org","@graph":[{"@type":"WebPage","@id":"https:\/\/stoomtrein.org\/de\/sonntags-mittagessen\/","url":"https:\/\/stoomtrein.org\/de\/sonntags-mittagessen\/","name":"Sonntags Mittagessen - VSM - Stap in en reis mee!","isPartOf":{"@id":"https:\/\/stoomtrein.org\/#website"},"datePublished":"2020-04-28T13:42:53+00:00","dateModified":"2021-09-02T18:33:41+00:00","breadcrumb":{"@id":"https:\/\/stoomtrein.org\/de\/sonntags-mittagessen\/#breadcrumb"},"inLanguage":"de","potentialAction":[{"@type":"ReadAction","target":["https:\/\/stoomtrein.org\/de\/sonntags-mittagessen\/"]}]},{"@type":"BreadcrumbList","@id":"https:\/\/stoomtrein.org\/de\/sonntags-mittagessen\/#breadcrumb","itemListElement":[{"@type":"ListItem","position":1,"name":"Home","item":"https:\/\/stoomtrein.org\/de\/home\/"},{"@type":"ListItem","position":2,"name":"Sonntags Mittagessen"}]},{"@type":"WebSite","@id":"https:\/\/stoomtrein.org\/#website","url":"https:\/\/stoomtrein.org\/","name":"VSM - Stap in en reis mee!","description":"\u00c9\u00e9n van de leukste uitjes van Gelderland.","publisher":{"@id":"https:\/\/stoomtrein.org\/#organization"},"potentialAction":[{"@type":"SearchAction","target":{"@type":"EntryPoint","urlTemplate":"https:\/\/stoomtrein.org\/?s={search_term_string}"},"query-input":{"@type":"PropertyValueSpecification","valueRequired":true,"valueName":"search_term_string"}}],"inLanguage":"de"},{"@type":"Organization","@id":"https:\/\/stoomtrein.org\/#organization","name":"VSM - Stap in en reis mee!","url":"https:\/\/stoomtrein.org\/","logo":{"@type":"ImageObject","inLanguage":"de","@id":"https:\/\/stoomtrein.org\/#\/schema\/logo\/image\/","url":"https:\/\/stoomtrein.org\/wp-content\/uploads\/2020\/04\/Logo-heel.png","contentUrl":"https:\/\/stoomtrein.org\/wp-content\/uploads\/2020\/04\/Logo-heel.png","width":967,"height":1943,"caption":"VSM - Stap in en reis mee!"},"image":{"@id":"https:\/\/stoomtrein.org\/#\/schema\/logo\/image\/"}}]}},"jetpack_sharing_enabled":true,"_links":{"self":[{"href":"https:\/\/stoomtrein.org\/de\/wp-json\/wp\/v2\/pages\/42116","targetHints":{"allow":["GET"]}}],"collection":[{"href":"https:\/\/stoomtrein.org\/de\/wp-json\/wp\/v2\/pages"}],"about":[{"href":"https:\/\/stoomtrein.org\/de\/wp-json\/wp\/v2\/types\/page"}],"author":[{"embeddable":true,"href":"https:\/\/stoomtrein.org\/de\/wp-json\/wp\/v2\/users\/5"}],"replies":[{"embeddable":true,"href":"https:\/\/stoomtrein.org\/de\/wp-json\/wp\/v2\/comments?post=42116"}],"version-history":[{"count":0,"href":"https:\/\/stoomtrein.org\/de\/wp-json\/wp\/v2\/pages\/42116\/revisions"}],"wp:attachment":[{"href":"https:\/\/stoomtrein.org\/de\/wp-json\/wp\/v2\/media?parent=42116"}],"curies":[{"name":"wp","href":"https:\/\/api.w.org\/{rel}","templated":true}]}}