{"id":42100,"date":"2020-04-28T15:42:53","date_gmt":"2020-04-28T13:42:53","guid":{"rendered":"https:\/\/stoomtrein.org\/onze-sponsoren\/"},"modified":"2021-09-14T10:48:04","modified_gmt":"2021-09-14T08:48:04","slug":"unsere-sponsoren","status":"publish","type":"page","link":"https:\/\/stoomtrein.org\/de\/unsere-sponsoren\/","title":{"rendered":"Unsere Sponsoren"},"content":{"rendered":"<div class=\"wpb-content-wrapper\">[vc_row full_width=&#8220;stretch_row&#8220; css=&#8220;.vc_custom_1590653635929{background-image: url(https:\/\/stoomtrein.org\/wp-content\/uploads\/2020\/05\/Header05.jpg?id=7309) !important;background-position: center !important;background-repeat: no-repeat !important;background-size: cover !important;}&#8220;][vc_column][vc_single_image image=&#8220;6131&#8243; img_size=&#8220;149 x 149&#8243; alignment=&#8220;right&#8220; css=&#8220;.vc_custom_1589878182563{margin-top: 28% !important;margin-right: 1% !important;margin-bottom: 3% !important;}&#8220; visibility=&#8220;hidden-phone&#8220;][vc_single_image image=&#8220;6131&#8243; img_size=&#8220;90 x 90&#8243; alignment=&#8220;right&#8220; css=&#8220;.vc_custom_1589878169600{margin-top: 28% !important;margin-right: 1% !important;margin-bottom: 3% !important;}&#8220; visibility=&#8220;visible-phone&#8220;][\/vc_column][\/vc_row][vc_row full_width=&#8220;stretch_row&#8220; equal_height=&#8220;yes&#8220; css=&#8220;.vc_custom_1591879320492{margin-top: 8% !important;margin-bottom: 8% !important;}&#8220;][vc_column width=&#8220;1\/6&#8243; el_id=&#8220;equal-height-content&#8220;][\/vc_column][vc_column width=&#8220;2\/3&#8243; css=&#8220;.vc_custom_1591879186493{background-position: center !important;background-repeat: no-repeat !important;background-size: contain !important;}&#8220; el_id=&#8220;equal-height-content&#8220;]<style>.vcex-heading.vcex_69f1ee3ae621f{color:#1d1d1d;font-size:55px;font-family:'Crete Round';font-style:italic;line-height:1.18;}@media (max-width:767px){.vcex-heading.vcex_69f1ee3ae621f{font-size:40px;}}@media (max-width:479px){.vcex-heading.vcex_69f1ee3ae621f{font-size:40px;}}<\/style><h1 class=\"vcex-heading vcex-heading-plain vcex-module wpex-heading wpex-text-2xl wpex-text-left vc_custom_1631609129034 vcex_69f1ee3ae621f\"><span class=\"vcex-heading-inner wpex-inline-block\">Sponsor werden?<\/span><\/h1>[vc_column_text css=&#8220;.vc_custom_1631609199831{margin-top: 24px !important;margin-bottom: 24px !important;}&#8220; text_align=&#8220;left&#8220;]Gl\u00fccklicherweise kann die VSM neben den Schenkungen von Spendern auch auf die Beitr\u00e4ge verschiedener Sponsoren z\u00e4hlen. Werkzeuge, Teile, Verwendung von Maschinen und Werkst\u00e4tten, Inspektionen und andere Dienstleistungen: Es gibt viele Formen, in denen wir Sponsoring von Unternehmen erhalten k\u00f6nnen. Viel in Form von Sachleistungen, aber manchmal auch durch Rabatte. Nat\u00fcrlich freuen wir uns sehr \u00fcber gro\u00dfe und kleine Sponsoren. Auf diese Weise k\u00f6nnen wir mit einem kleinen Budget viel erreichen.<\/p>\n<p>Eine spezielle Form des finanziellen Sponsorings ist das Sitzsponsoring. Wir bieten Unternehmen und Einzelpersonen die M\u00f6glichkeit, einen Sitzplatz oder ein Abteil f\u00fcr einen festen Betrag zu sponsern. \u00dcber dem gesponserten Sitz oder Abteil wird ein Schild mit Ihrem Namen oder dem Ihres Unternehmens angebracht. Auf diese Weise haben Sie symbolisch Ihren eigenen Sitzplatz im Zug.<\/p>\n<p>Nat\u00fcrlich sind wir auch offen f\u00fcr andere Formen des Sponsorings.<\/p>\n<p>M\u00f6chten Sie die VSM in Form von Sachleistungen oder finanziell unterst\u00fctzen und sponsern? Bitte wenden Sie sich unverbindlich an den Sponsorenausschuss \u00fcber <a href=\"mailto:info@stoomtrein.org\">info@stoomtrein.org<\/a>.[\/vc_column_text][\/vc_column][vc_column width=&#8220;1\/6&#8243;][\/vc_column][\/vc_row][vc_row full_width=&#8220;stretch_row&#8220; parallax=&#8220;vcex_parallax&#8220; parallax_image=&#8220;7907&#8243; parallax_style=&#8220;fixed-no-repeat&#8220; parallax_direction=&#8220;right&#8220; css=&#8220;.vc_custom_1591879108516{background-position: center;background-repeat: no-repeat !important;background-size: cover !important;}&#8220; parallax_speed=&#8220;0.35&#8243;][vc_column]<div class=\"vcex-spacing wpex-w-100 wpex-clear visible-phone\" style=\"height:150px;\"><\/div><style>.vcex-heading.vcex_69f1ee3ae825f{width:80%;color:#fdfdfd;font-size:90px;font-family:'Crete Round';font-style:italic;line-height:1;}@media (max-width:767px){.vcex-heading.vcex_69f1ee3ae825f{font-size:55px;}}@media (max-width:479px){.vcex-heading.vcex_69f1ee3ae825f{font-size:55px;}}<\/style><div class=\"vcex-heading vcex-heading-plain vcex-module wpex-heading wpex-text-2xl wpex-text-left wpex-max-w-100 wpex-mr-auto vc_custom_1631609233964 headingshadow vcex_69f1ee3ae825f\"><span class=\"vcex-heading-inner wpex-inline-block\">Werden Sie unser Sponsor sein?<\/span><\/div>[\/vc_column][\/vc_row][vc_row full_width=&#8220;stretch_row&#8220; equal_height=&#8220;yes&#8220; css=&#8220;.vc_custom_1589466101232{margin-top: 8% !important;margin-bottom: 2% !important;}&#8220;][vc_column width=&#8220;2\/3&#8243;]<style>.vcex-heading.vcex_69f1ee3ae8c81{color:#1d1d1d;font-size:55px;font-family:'Crete Round';font-style:italic;line-height:1.18;}@media (max-width:767px){.vcex-heading.vcex_69f1ee3ae8c81{font-size:40px;}}@media (max-width:479px){.vcex-heading.vcex_69f1ee3ae8c81{font-size:40px;}}<\/style><h1 class=\"vcex-heading vcex-heading-plain vcex-module wpex-heading wpex-text-2xl wpex-text-left vc_custom_1631609256359 vcex_69f1ee3ae8c81\"><span class=\"vcex-heading-inner wpex-inline-block\">Unsere Sponsoren<br \/><\/span><\/h1>[vc_column_text css=&#8220;.vc_custom_1631609277418{margin-top: 24px !important;margin-bottom: 16px !important;}&#8220; text_align=&#8220;left&#8220;]Folgende Unternehmen sind bereits Sponsoren der VSM:<\/p>\n<ul>\n<li>Bentink modelspoor, Apeldoorn<\/li>\n<li>AXI-Holding B.V., Beekbergen<\/li>\n<li>BP Tankstation Assies, Beekbergen<\/li>\n<li>De Jong &amp; Laan Accountants &amp; Belastingadviseurs, Eerbeek<\/li>\n<li>Gira B.V., Barneveld<\/li>\n<li>Led Supply Europe, Oosterbeek<\/li>\n<li>Lloyd&#8217;s Register Nederland BV (sponsert die Inspektion der Kessel aller Dampflokomotiven)<\/li>\n<li>Strukton Railinfra Projecten, Maarssen<\/li>\n<li>The Data Story<\/li>\n<li>Vialis Volker Stevin Systems B.V., Zeist<\/li>\n<li>VolkerRail Services B.V., Deventer<\/li>\n<li>Westerink Stoomketelonderhoud, Lieren<\/li>\n<li>VDL Weweler Nederland B.V., Apeldoorn<\/li>\n<\/ul>\n[\/vc_column_text][\/vc_column][vc_column width=&#8220;1\/3&#8243; css=&#8220;.vc_custom_1591878792094{background-position: center !important;background-repeat: no-repeat !important;background-size: contain !important;}&#8220;][vc_single_image image=&#8220;7567&#8243;][\/vc_column][\/vc_row]\n<\/div>","protected":false},"excerpt":{"rendered":"<p>[vc_row full_width=&#8220;stretch_row&#8220; css=&#8220;.vc_custom_1590653635929{background-image: url(https:\/\/stoomtrein.org\/wp-content\/uploads\/2020\/05\/Header05.jpg?id=7309) !important;background-position: center !important;background-repeat: no-repeat !important;background-size: cover !important;}&#8220;][vc_column][vc_single_image image=&#8220;6131&#8243; img_size=&#8220;149 x 149&#8243; alignment=&#8220;right&#8220; css=&#8220;.vc_custom_1589878182563{margin-top: 28% !important;margin-right: 1% !important;margin-bottom: 3% !important;}&#8220; visibility=&#8220;hidden-phone&#8220;][vc_single_image image=&#8220;6131&#8243; img_size=&#8220;90 x 90&#8243; alignment=&#8220;right&#8220; css=&#8220;.vc_custom_1589878169600{margin-top: 28% !important;margin-right: 1% !important;margin-bottom: 3% !important;}&#8220; visibility=&#8220;visible-phone&#8220;][\/vc_column][\/vc_row][vc_row full_width=&#8220;stretch_row&#8220; equal_height=&#8220;yes&#8220; css=&#8220;.vc_custom_1591879320492{margin-top: 8% !important;margin-bottom: 8% !important;}&#8220;][vc_column width=&#8220;1\/6&#8243; el_id=&#8220;equal-height-content&#8220;][\/vc_column][vc_column width=&#8220;2\/3&#8243; css=&#8220;.vc_custom_1591879186493{background-position: center !important;background-repeat: no-repeat !important;background-size: contain !important;}&#8220; el_id=&#8220;equal-height-content&#8220;][vc_column_text&hellip;<\/p>\n","protected":false},"author":5,"featured_media":0,"parent":0,"menu_order":0,"comment_status":"closed","ping_status":"closed","template":"","meta":{"footnotes":""},"class_list":["post-42100","page","type-page","status-publish","hentry","entry","no-media"],"yoast_head":"<!-- This site is optimized with the Yoast SEO plugin v27.4 - https:\/\/yoast.com\/product\/yoast-seo-wordpress\/ -->\n<title>Unsere Sponsoren - VSM - Stap in en reis mee!<\/title>\n<meta name=\"robots\" content=\"index, follow, max-snippet:-1, max-image-preview:large, max-video-preview:-1\" \/>\n<link rel=\"canonical\" href=\"https:\/\/stoomtrein.org\/de\/unsere-sponsoren\/\" \/>\n<meta property=\"og:locale\" content=\"de_DE\" \/>\n<meta property=\"og:type\" content=\"article\" \/>\n<meta property=\"og:title\" content=\"Unsere Sponsoren - VSM - Stap in en reis mee!\" \/>\n<meta property=\"og:description\" content=\"[vc_row full_width=&#8220;stretch_row&#8220; css=&#8220;.vc_custom_1590653635929{background-image: url(https:\/\/stoomtrein.org\/wp-content\/uploads\/2020\/05\/Header05.jpg?id=7309) !important;background-position: center !important;background-repeat: no-repeat !important;background-size: cover !important;}&#8220;][vc_column][vc_single_image image=&#8220;6131&#8243; img_size=&#8220;149 x 149&#8243; alignment=&#8220;right&#8220; css=&#8220;.vc_custom_1589878182563{margin-top: 28% !important;margin-right: 1% !important;margin-bottom: 3% !important;}&#8220; visibility=&#8220;hidden-phone&#8220;][vc_single_image image=&#8220;6131&#8243; img_size=&#8220;90 x 90&#8243; alignment=&#8220;right&#8220; css=&#8220;.vc_custom_1589878169600{margin-top: 28% !important;margin-right: 1% !important;margin-bottom: 3% !important;}&#8220; visibility=&#8220;visible-phone&#8220;][\/vc_column][\/vc_row][vc_row full_width=&#8220;stretch_row&#8220; equal_height=&#8220;yes&#8220; css=&#8220;.vc_custom_1591879320492{margin-top: 8% !important;margin-bottom: 8% !important;}&#8220;][vc_column width=&#8220;1\/6&#8243; el_id=&#8220;equal-height-content&#8220;][\/vc_column][vc_column width=&#8220;2\/3&#8243; css=&#8220;.vc_custom_1591879186493{background-position: center !important;background-repeat: no-repeat !important;background-size: contain !important;}&#8220; el_id=&#8220;equal-height-content&#8220;][vc_column_text&hellip;\" \/>\n<meta property=\"og:url\" content=\"https:\/\/stoomtrein.org\/de\/unsere-sponsoren\/\" \/>\n<meta property=\"og:site_name\" content=\"VSM - Stap in en reis mee!\" \/>\n<meta property=\"article:modified_time\" content=\"2021-09-14T08:48:04+00:00\" \/>\n<meta name=\"twitter:card\" content=\"summary_large_image\" \/>\n<meta name=\"twitter:label1\" content=\"Gesch\u00e4tzte Lesezeit\" \/>\n\t<meta name=\"twitter:data1\" content=\"3\u00a0Minuten\" \/>\n<script type=\"application\/ld+json\" class=\"yoast-schema-graph\">{\"@context\":\"https:\\\/\\\/schema.org\",\"@graph\":[{\"@type\":\"WebPage\",\"@id\":\"https:\\\/\\\/stoomtrein.org\\\/de\\\/unsere-sponsoren\\\/\",\"url\":\"https:\\\/\\\/stoomtrein.org\\\/de\\\/unsere-sponsoren\\\/\",\"name\":\"Unsere Sponsoren - VSM - Stap in en reis mee!\",\"isPartOf\":{\"@id\":\"https:\\\/\\\/stoomtrein.org\\\/#website\"},\"datePublished\":\"2020-04-28T13:42:53+00:00\",\"dateModified\":\"2021-09-14T08:48:04+00:00\",\"breadcrumb\":{\"@id\":\"https:\\\/\\\/stoomtrein.org\\\/de\\\/unsere-sponsoren\\\/#breadcrumb\"},\"inLanguage\":\"de\",\"potentialAction\":[{\"@type\":\"ReadAction\",\"target\":[\"https:\\\/\\\/stoomtrein.org\\\/de\\\/unsere-sponsoren\\\/\"]}]},{\"@type\":\"BreadcrumbList\",\"@id\":\"https:\\\/\\\/stoomtrein.org\\\/de\\\/unsere-sponsoren\\\/#breadcrumb\",\"itemListElement\":[{\"@type\":\"ListItem\",\"position\":1,\"name\":\"Home\",\"item\":\"https:\\\/\\\/stoomtrein.org\\\/de\\\/home\\\/\"},{\"@type\":\"ListItem\",\"position\":2,\"name\":\"Unsere Sponsoren\"}]},{\"@type\":\"WebSite\",\"@id\":\"https:\\\/\\\/stoomtrein.org\\\/#website\",\"url\":\"https:\\\/\\\/stoomtrein.org\\\/\",\"name\":\"VSM - Stap in en reis mee!\",\"description\":\"\u00c9\u00e9n van de leukste uitjes van Gelderland.\",\"publisher\":{\"@id\":\"https:\\\/\\\/stoomtrein.org\\\/#organization\"},\"potentialAction\":[{\"@type\":\"SearchAction\",\"target\":{\"@type\":\"EntryPoint\",\"urlTemplate\":\"https:\\\/\\\/stoomtrein.org\\\/?s={search_term_string}\"},\"query-input\":{\"@type\":\"PropertyValueSpecification\",\"valueRequired\":true,\"valueName\":\"search_term_string\"}}],\"inLanguage\":\"de\"},{\"@type\":\"Organization\",\"@id\":\"https:\\\/\\\/stoomtrein.org\\\/#organization\",\"name\":\"VSM - Stap in en reis mee!\",\"url\":\"https:\\\/\\\/stoomtrein.org\\\/\",\"logo\":{\"@type\":\"ImageObject\",\"inLanguage\":\"de\",\"@id\":\"https:\\\/\\\/stoomtrein.org\\\/#\\\/schema\\\/logo\\\/image\\\/\",\"url\":\"https:\\\/\\\/stoomtrein.org\\\/wp-content\\\/uploads\\\/2020\\\/04\\\/Logo-heel.png\",\"contentUrl\":\"https:\\\/\\\/stoomtrein.org\\\/wp-content\\\/uploads\\\/2020\\\/04\\\/Logo-heel.png\",\"width\":967,\"height\":1943,\"caption\":\"VSM - Stap in en reis mee!\"},\"image\":{\"@id\":\"https:\\\/\\\/stoomtrein.org\\\/#\\\/schema\\\/logo\\\/image\\\/\"}}]}<\/script>\n<!-- \/ Yoast SEO plugin. -->","yoast_head_json":{"title":"Unsere Sponsoren - VSM - Stap in en reis mee!","robots":{"index":"index","follow":"follow","max-snippet":"max-snippet:-1","max-image-preview":"max-image-preview:large","max-video-preview":"max-video-preview:-1"},"canonical":"https:\/\/stoomtrein.org\/de\/unsere-sponsoren\/","og_locale":"de_DE","og_type":"article","og_title":"Unsere Sponsoren - VSM - Stap in en reis mee!","og_description":"[vc_row full_width=&#8220;stretch_row&#8220; css=&#8220;.vc_custom_1590653635929{background-image: url(https:\/\/stoomtrein.org\/wp-content\/uploads\/2020\/05\/Header05.jpg?id=7309) !important;background-position: center !important;background-repeat: no-repeat !important;background-size: cover !important;}&#8220;][vc_column][vc_single_image image=&#8220;6131&#8243; img_size=&#8220;149 x 149&#8243; alignment=&#8220;right&#8220; css=&#8220;.vc_custom_1589878182563{margin-top: 28% !important;margin-right: 1% !important;margin-bottom: 3% !important;}&#8220; visibility=&#8220;hidden-phone&#8220;][vc_single_image image=&#8220;6131&#8243; img_size=&#8220;90 x 90&#8243; alignment=&#8220;right&#8220; css=&#8220;.vc_custom_1589878169600{margin-top: 28% !important;margin-right: 1% !important;margin-bottom: 3% !important;}&#8220; visibility=&#8220;visible-phone&#8220;][\/vc_column][\/vc_row][vc_row full_width=&#8220;stretch_row&#8220; equal_height=&#8220;yes&#8220; css=&#8220;.vc_custom_1591879320492{margin-top: 8% !important;margin-bottom: 8% !important;}&#8220;][vc_column width=&#8220;1\/6&#8243; el_id=&#8220;equal-height-content&#8220;][\/vc_column][vc_column width=&#8220;2\/3&#8243; css=&#8220;.vc_custom_1591879186493{background-position: center !important;background-repeat: no-repeat !important;background-size: contain !important;}&#8220; el_id=&#8220;equal-height-content&#8220;][vc_column_text&hellip;","og_url":"https:\/\/stoomtrein.org\/de\/unsere-sponsoren\/","og_site_name":"VSM - Stap in en reis mee!","article_modified_time":"2021-09-14T08:48:04+00:00","twitter_card":"summary_large_image","twitter_misc":{"Gesch\u00e4tzte Lesezeit":"3\u00a0Minuten"},"schema":{"@context":"https:\/\/schema.org","@graph":[{"@type":"WebPage","@id":"https:\/\/stoomtrein.org\/de\/unsere-sponsoren\/","url":"https:\/\/stoomtrein.org\/de\/unsere-sponsoren\/","name":"Unsere Sponsoren - VSM - Stap in en reis mee!","isPartOf":{"@id":"https:\/\/stoomtrein.org\/#website"},"datePublished":"2020-04-28T13:42:53+00:00","dateModified":"2021-09-14T08:48:04+00:00","breadcrumb":{"@id":"https:\/\/stoomtrein.org\/de\/unsere-sponsoren\/#breadcrumb"},"inLanguage":"de","potentialAction":[{"@type":"ReadAction","target":["https:\/\/stoomtrein.org\/de\/unsere-sponsoren\/"]}]},{"@type":"BreadcrumbList","@id":"https:\/\/stoomtrein.org\/de\/unsere-sponsoren\/#breadcrumb","itemListElement":[{"@type":"ListItem","position":1,"name":"Home","item":"https:\/\/stoomtrein.org\/de\/home\/"},{"@type":"ListItem","position":2,"name":"Unsere Sponsoren"}]},{"@type":"WebSite","@id":"https:\/\/stoomtrein.org\/#website","url":"https:\/\/stoomtrein.org\/","name":"VSM - Stap in en reis mee!","description":"\u00c9\u00e9n van de leukste uitjes van Gelderland.","publisher":{"@id":"https:\/\/stoomtrein.org\/#organization"},"potentialAction":[{"@type":"SearchAction","target":{"@type":"EntryPoint","urlTemplate":"https:\/\/stoomtrein.org\/?s={search_term_string}"},"query-input":{"@type":"PropertyValueSpecification","valueRequired":true,"valueName":"search_term_string"}}],"inLanguage":"de"},{"@type":"Organization","@id":"https:\/\/stoomtrein.org\/#organization","name":"VSM - Stap in en reis mee!","url":"https:\/\/stoomtrein.org\/","logo":{"@type":"ImageObject","inLanguage":"de","@id":"https:\/\/stoomtrein.org\/#\/schema\/logo\/image\/","url":"https:\/\/stoomtrein.org\/wp-content\/uploads\/2020\/04\/Logo-heel.png","contentUrl":"https:\/\/stoomtrein.org\/wp-content\/uploads\/2020\/04\/Logo-heel.png","width":967,"height":1943,"caption":"VSM - Stap in en reis mee!"},"image":{"@id":"https:\/\/stoomtrein.org\/#\/schema\/logo\/image\/"}}]}},"jetpack_sharing_enabled":true,"_links":{"self":[{"href":"https:\/\/stoomtrein.org\/de\/wp-json\/wp\/v2\/pages\/42100","targetHints":{"allow":["GET"]}}],"collection":[{"href":"https:\/\/stoomtrein.org\/de\/wp-json\/wp\/v2\/pages"}],"about":[{"href":"https:\/\/stoomtrein.org\/de\/wp-json\/wp\/v2\/types\/page"}],"author":[{"embeddable":true,"href":"https:\/\/stoomtrein.org\/de\/wp-json\/wp\/v2\/users\/5"}],"replies":[{"embeddable":true,"href":"https:\/\/stoomtrein.org\/de\/wp-json\/wp\/v2\/comments?post=42100"}],"version-history":[{"count":0,"href":"https:\/\/stoomtrein.org\/de\/wp-json\/wp\/v2\/pages\/42100\/revisions"}],"wp:attachment":[{"href":"https:\/\/stoomtrein.org\/de\/wp-json\/wp\/v2\/media?parent=42100"}],"curies":[{"name":"wp","href":"https:\/\/api.w.org\/{rel}","templated":true}]}}