{"id":42098,"date":"2020-04-28T15:42:53","date_gmt":"2020-04-28T13:42:53","guid":{"rendered":"https:\/\/stoomtrein.org\/obligatielening-2011\/"},"modified":"2021-09-14T15:51:32","modified_gmt":"2021-09-14T13:51:32","slug":"obligationsanleihe-2011","status":"publish","type":"page","link":"https:\/\/stoomtrein.org\/de\/obligationsanleihe-2011\/","title":{"rendered":"Obligationsanleihe 2011"},"content":{"rendered":"<div class=\"wpb-content-wrapper\">[vc_row full_width=&#8220;stretch_row&#8220; css=&#8220;.vc_custom_1590605989102{background-image: url(https:\/\/stoomtrein.org\/wp-content\/uploads\/2020\/05\/Header06.jpg?id=7370) !important;background-position: center !important;background-repeat: no-repeat !important;background-size: cover !important;}&#8220;][vc_column][vc_single_image image=&#8220;6131&#8243; img_size=&#8220;149 x 149&#8243; alignment=&#8220;right&#8220; css=&#8220;.vc_custom_1589878182563{margin-top: 28% !important;margin-right: 1% !important;margin-bottom: 3% !important;}&#8220; visibility=&#8220;hidden-phone&#8220;][vc_single_image image=&#8220;6131&#8243; img_size=&#8220;90 x 90&#8243; alignment=&#8220;right&#8220; css=&#8220;.vc_custom_1589878169600{margin-top: 28% !important;margin-right: 1% !important;margin-bottom: 3% !important;}&#8220; visibility=&#8220;visible-phone&#8220;][\/vc_column][\/vc_row][vc_row full_width=&#8220;stretch_row&#8220; equal_height=&#8220;yes&#8220; css=&#8220;.vc_custom_1589466101232{margin-top: 8% !important;margin-bottom: 2% !important;}&#8220;][vc_column width=&#8220;1\/6&#8243; el_id=&#8220;equal-height-content&#8220;][\/vc_column][vc_column width=&#8220;2\/3&#8243;]<style>.vcex-heading.vcex_69de147e07b99{color:#1d1d1d;font-size:55px;font-family:'Crete Round';font-style:italic;line-height:1.18;}@media (max-width:767px){.vcex-heading.vcex_69de147e07b99{font-size:40px;}}@media (max-width:479px){.vcex-heading.vcex_69de147e07b99{font-size:40px;}}<\/style><h1 class=\"vcex-heading vcex-heading-plain vcex-module wpex-heading wpex-text-2xl wpex-text-left vc_custom_1631627312825 vcex_69de147e07b99\"><span class=\"vcex-heading-inner wpex-inline-block\">Obligationsanleihe 2011<\/span><\/h1>[vc_column_text css=&#8220;.vc_custom_1631627321059{margin-top: 24px !important;margin-bottom: 16px !important;}&#8220; text_align=&#8220;left&#8220;]Auf dieser Seite werden alle Angaben zu der Obligationsanleihe aus dem Jahr 2011 ver\u00f6ffentlicht.[\/vc_column_text]<div class=\"vcex-spacing wpex-w-100 wpex-clear\"><\/div><style>.vcex-heading.vcex_69de147e0b1e7{color:#000000;font-size:33px;font-family:'Crete Round';}<\/style><h3 class=\"vcex-heading vcex-heading-plain vcex-module wpex-heading wpex-text-2xl vcex_69de147e0b1e7\"><span class=\"vcex-heading-inner wpex-inline-block\">Mitteilungen<br \/><\/span><\/h3>[vc_column_text]Folgende Coupons sind 2020 g\u00fcltig:<\/p>\n<ul>\n<li>Ablaufdatum 1. Juni 2015<\/li>\n<li>Ablaufdatum 1. Juni 2016<\/li>\n<li>Ablaufdatum 1. Juni 2017<\/li>\n<li>Ablaufdatum 1. Juni 2018<\/li>\n<li>Ablaufdatum 1. Juni 2019<\/li>\n<li>Ablaufdatum 1. Juni 2020<\/li>\n<\/ul>\n<p><del datetime=\"2020-07-17T19:55:50+00:00\">De originele coupons zijn bij de conducteur in te ruilen voor een dagkaart op de normale rijdagen (blauwe of groene dienstregeling, zie onze <a href=\"https:\/\/stoomtrein.org\/dienstregeling\/\">rijdagenkalender<\/a>).<\/del><\/p>\n<p>Bitte beachten Sie! Aufgrund der Corona-Ma\u00dfnahmen sind die Tickets f\u00fcr 2020 nur mit einer Reservierung \u00fcber das Internet erh\u00e4ltlich. M\u00f6chten Sie Ihre Gutscheine f\u00fcr eine Fahrt einl\u00f6sen? Bitte senden Sie zun\u00e4chst eine E-Mail an winkel@stoomtrein.org.<\/p>\n<p>Sie k\u00f6nnen die Original-Coupons auch senden an:<br \/>\nStichting Veluwsche Stoomtreinmaatschappij<br \/>\nZ.Hd. Schatzmeister<br \/>\nRijnstraat 68<br \/>\n7332 AX Apeldoorn<\/p>\n<p>Sie erhalten dann per Bank die Zinsen f\u00fcr diese Coupons oder, wenn Sie die Zinsen spenden m\u00f6chten, ein Best\u00e4tigungsschreiben f\u00fcr Ihre Steuererkl\u00e4rung, dass Sie sie gespendet haben.[\/vc_column_text]<div class=\"vcex-spacing wpex-w-100 wpex-clear\"><\/div><style>.vcex-heading.vcex_69de147e0be07{color:#000000;font-size:33px;font-family:'Crete Round';}<\/style><h3 class=\"vcex-heading vcex-heading-plain vcex-module wpex-heading wpex-text-2xl vcex_69de147e0be07\"><span class=\"vcex-heading-inner wpex-inline-block\">Auszahlung<br \/><\/span><\/h3>[vc_column_text]Der Notar zieht jedes Jahr eine Nummer. Die Anleihen mit dieser Endziffer sind dann auszahlbar. Die Zinscoupons mit einem Datum nach dem Ziehungsdatum sind dann nicht mehr g\u00fcltig.<\/p>\n<p>Wenn Sie eine Anleihe mit einer Endnote haben, die in der folgenden Liste aufgef\u00fchrt ist, k\u00f6nnen Sie die Auszahlung anfordern, indem Sie die Originalanleihe senden und in einem Begleitschreiben die IBAN-Nummer angeben, auf die der Betrag \u00fcberwiesen werden kann.<br \/>\nWir w\u00fcrden uns sehr freuen, wenn Sie auch in Betracht ziehen w\u00fcrden, den Betrag der VSM zu spenden, da die Spende in der Regel bis zu 125 % von Ihrer Einkommensteuererkl\u00e4rung abziehbar ist. In diesem Fall senden Sie einen Brief oder eine E-Mail, Sie erhalten eine Best\u00e4tigung f\u00fcr Ihre Steuererkl\u00e4rung.<\/p>\n<p>Die Endnoten sind bereits vergeben:<br \/>\n1 juni 2017: 7<br \/>\n1 juni 2018: 6<br \/>\n1 juni 2019: 1<br \/>\n1 juni 2020: 9[\/vc_column_text][\/vc_column][vc_column width=&#8220;1\/6&#8243;][\/vc_column][\/vc_row]\n<\/div>","protected":false},"excerpt":{"rendered":"<p>[vc_row full_width=&#8220;stretch_row&#8220; css=&#8220;.vc_custom_1590605989102{background-image: url(https:\/\/stoomtrein.org\/wp-content\/uploads\/2020\/05\/Header06.jpg?id=7370) !important;background-position: center !important;background-repeat: no-repeat !important;background-size: cover !important;}&#8220;][vc_column][vc_single_image image=&#8220;6131&#8243; img_size=&#8220;149 x 149&#8243; alignment=&#8220;right&#8220; css=&#8220;.vc_custom_1589878182563{margin-top: 28% !important;margin-right: 1% !important;margin-bottom: 3% !important;}&#8220; visibility=&#8220;hidden-phone&#8220;][vc_single_image image=&#8220;6131&#8243; img_size=&#8220;90 x 90&#8243; alignment=&#8220;right&#8220; css=&#8220;.vc_custom_1589878169600{margin-top: 28% !important;margin-right: 1% !important;margin-bottom: 3% !important;}&#8220; visibility=&#8220;visible-phone&#8220;][\/vc_column][\/vc_row][vc_row full_width=&#8220;stretch_row&#8220; equal_height=&#8220;yes&#8220; css=&#8220;.vc_custom_1589466101232{margin-top: 8% !important;margin-bottom: 2% !important;}&#8220;][vc_column width=&#8220;1\/6&#8243; el_id=&#8220;equal-height-content&#8220;][\/vc_column][vc_column width=&#8220;2\/3&#8243;][vc_column_text css=&#8220;.vc_custom_1631627321059{margin-top: 24px !important;margin-bottom: 16px !important;}&#8220; text_align=&#8220;left&#8220;]Auf dieser Seite&hellip;<\/p>\n","protected":false},"author":5,"featured_media":0,"parent":0,"menu_order":0,"comment_status":"closed","ping_status":"closed","template":"","meta":{"footnotes":""},"class_list":["post-42098","page","type-page","status-publish","hentry","entry","no-media"],"yoast_head":"<!-- This site is optimized with the Yoast SEO plugin v26.9 - https:\/\/yoast.com\/product\/yoast-seo-wordpress\/ -->\n<title>Obligationsanleihe 2011 - VSM - Stap in en reis mee!<\/title>\n<meta name=\"robots\" content=\"index, follow, max-snippet:-1, max-image-preview:large, max-video-preview:-1\" \/>\n<link rel=\"canonical\" href=\"https:\/\/stoomtrein.org\/de\/obligationsanleihe-2011\/\" \/>\n<meta property=\"og:locale\" content=\"de_DE\" \/>\n<meta property=\"og:type\" content=\"article\" \/>\n<meta property=\"og:title\" content=\"Obligationsanleihe 2011 - VSM - Stap in en reis mee!\" \/>\n<meta property=\"og:description\" content=\"[vc_row full_width=&#8220;stretch_row&#8220; css=&#8220;.vc_custom_1590605989102{background-image: url(https:\/\/stoomtrein.org\/wp-content\/uploads\/2020\/05\/Header06.jpg?id=7370) !important;background-position: center !important;background-repeat: no-repeat !important;background-size: cover !important;}&#8220;][vc_column][vc_single_image image=&#8220;6131&#8243; img_size=&#8220;149 x 149&#8243; alignment=&#8220;right&#8220; css=&#8220;.vc_custom_1589878182563{margin-top: 28% !important;margin-right: 1% !important;margin-bottom: 3% !important;}&#8220; visibility=&#8220;hidden-phone&#8220;][vc_single_image image=&#8220;6131&#8243; img_size=&#8220;90 x 90&#8243; alignment=&#8220;right&#8220; css=&#8220;.vc_custom_1589878169600{margin-top: 28% !important;margin-right: 1% !important;margin-bottom: 3% !important;}&#8220; visibility=&#8220;visible-phone&#8220;][\/vc_column][\/vc_row][vc_row full_width=&#8220;stretch_row&#8220; equal_height=&#8220;yes&#8220; css=&#8220;.vc_custom_1589466101232{margin-top: 8% !important;margin-bottom: 2% !important;}&#8220;][vc_column width=&#8220;1\/6&#8243; el_id=&#8220;equal-height-content&#8220;][\/vc_column][vc_column width=&#8220;2\/3&#8243;][vc_column_text css=&#8220;.vc_custom_1631627321059{margin-top: 24px !important;margin-bottom: 16px !important;}&#8220; text_align=&#8220;left&#8220;]Auf dieser Seite&hellip;\" \/>\n<meta property=\"og:url\" content=\"https:\/\/stoomtrein.org\/de\/obligationsanleihe-2011\/\" \/>\n<meta property=\"og:site_name\" content=\"VSM - Stap in en reis mee!\" \/>\n<meta property=\"article:modified_time\" content=\"2021-09-14T13:51:32+00:00\" \/>\n<meta name=\"twitter:card\" content=\"summary_large_image\" \/>\n<meta name=\"twitter:label1\" content=\"Gesch\u00e4tzte Lesezeit\" \/>\n\t<meta name=\"twitter:data1\" content=\"2\u00a0Minuten\" \/>\n<script type=\"application\/ld+json\" class=\"yoast-schema-graph\">{\"@context\":\"https:\/\/schema.org\",\"@graph\":[{\"@type\":\"WebPage\",\"@id\":\"https:\/\/stoomtrein.org\/de\/obligationsanleihe-2011\/\",\"url\":\"https:\/\/stoomtrein.org\/de\/obligationsanleihe-2011\/\",\"name\":\"Obligationsanleihe 2011 - VSM - Stap in en reis mee!\",\"isPartOf\":{\"@id\":\"https:\/\/stoomtrein.org\/#website\"},\"datePublished\":\"2020-04-28T13:42:53+00:00\",\"dateModified\":\"2021-09-14T13:51:32+00:00\",\"breadcrumb\":{\"@id\":\"https:\/\/stoomtrein.org\/de\/obligationsanleihe-2011\/#breadcrumb\"},\"inLanguage\":\"de\",\"potentialAction\":[{\"@type\":\"ReadAction\",\"target\":[\"https:\/\/stoomtrein.org\/de\/obligationsanleihe-2011\/\"]}]},{\"@type\":\"BreadcrumbList\",\"@id\":\"https:\/\/stoomtrein.org\/de\/obligationsanleihe-2011\/#breadcrumb\",\"itemListElement\":[{\"@type\":\"ListItem\",\"position\":1,\"name\":\"Home\",\"item\":\"https:\/\/stoomtrein.org\/de\/home\/\"},{\"@type\":\"ListItem\",\"position\":2,\"name\":\"Obligationsanleihe 2011\"}]},{\"@type\":\"WebSite\",\"@id\":\"https:\/\/stoomtrein.org\/#website\",\"url\":\"https:\/\/stoomtrein.org\/\",\"name\":\"VSM - Stap in en reis mee!\",\"description\":\"\u00c9\u00e9n van de leukste uitjes van Gelderland.\",\"publisher\":{\"@id\":\"https:\/\/stoomtrein.org\/#organization\"},\"potentialAction\":[{\"@type\":\"SearchAction\",\"target\":{\"@type\":\"EntryPoint\",\"urlTemplate\":\"https:\/\/stoomtrein.org\/?s={search_term_string}\"},\"query-input\":{\"@type\":\"PropertyValueSpecification\",\"valueRequired\":true,\"valueName\":\"search_term_string\"}}],\"inLanguage\":\"de\"},{\"@type\":\"Organization\",\"@id\":\"https:\/\/stoomtrein.org\/#organization\",\"name\":\"VSM - Stap in en reis mee!\",\"url\":\"https:\/\/stoomtrein.org\/\",\"logo\":{\"@type\":\"ImageObject\",\"inLanguage\":\"de\",\"@id\":\"https:\/\/stoomtrein.org\/#\/schema\/logo\/image\/\",\"url\":\"https:\/\/stoomtrein.org\/wp-content\/uploads\/2020\/04\/Logo-heel.png\",\"contentUrl\":\"https:\/\/stoomtrein.org\/wp-content\/uploads\/2020\/04\/Logo-heel.png\",\"width\":967,\"height\":1943,\"caption\":\"VSM - Stap in en reis mee!\"},\"image\":{\"@id\":\"https:\/\/stoomtrein.org\/#\/schema\/logo\/image\/\"}}]}<\/script>\n<!-- \/ Yoast SEO plugin. -->","yoast_head_json":{"title":"Obligationsanleihe 2011 - VSM - Stap in en reis mee!","robots":{"index":"index","follow":"follow","max-snippet":"max-snippet:-1","max-image-preview":"max-image-preview:large","max-video-preview":"max-video-preview:-1"},"canonical":"https:\/\/stoomtrein.org\/de\/obligationsanleihe-2011\/","og_locale":"de_DE","og_type":"article","og_title":"Obligationsanleihe 2011 - VSM - Stap in en reis mee!","og_description":"[vc_row full_width=&#8220;stretch_row&#8220; css=&#8220;.vc_custom_1590605989102{background-image: url(https:\/\/stoomtrein.org\/wp-content\/uploads\/2020\/05\/Header06.jpg?id=7370) !important;background-position: center !important;background-repeat: no-repeat !important;background-size: cover !important;}&#8220;][vc_column][vc_single_image image=&#8220;6131&#8243; img_size=&#8220;149 x 149&#8243; alignment=&#8220;right&#8220; css=&#8220;.vc_custom_1589878182563{margin-top: 28% !important;margin-right: 1% !important;margin-bottom: 3% !important;}&#8220; visibility=&#8220;hidden-phone&#8220;][vc_single_image image=&#8220;6131&#8243; img_size=&#8220;90 x 90&#8243; alignment=&#8220;right&#8220; css=&#8220;.vc_custom_1589878169600{margin-top: 28% !important;margin-right: 1% !important;margin-bottom: 3% !important;}&#8220; visibility=&#8220;visible-phone&#8220;][\/vc_column][\/vc_row][vc_row full_width=&#8220;stretch_row&#8220; equal_height=&#8220;yes&#8220; css=&#8220;.vc_custom_1589466101232{margin-top: 8% !important;margin-bottom: 2% !important;}&#8220;][vc_column width=&#8220;1\/6&#8243; el_id=&#8220;equal-height-content&#8220;][\/vc_column][vc_column width=&#8220;2\/3&#8243;][vc_column_text css=&#8220;.vc_custom_1631627321059{margin-top: 24px !important;margin-bottom: 16px !important;}&#8220; text_align=&#8220;left&#8220;]Auf dieser Seite&hellip;","og_url":"https:\/\/stoomtrein.org\/de\/obligationsanleihe-2011\/","og_site_name":"VSM - Stap in en reis mee!","article_modified_time":"2021-09-14T13:51:32+00:00","twitter_card":"summary_large_image","twitter_misc":{"Gesch\u00e4tzte Lesezeit":"2\u00a0Minuten"},"schema":{"@context":"https:\/\/schema.org","@graph":[{"@type":"WebPage","@id":"https:\/\/stoomtrein.org\/de\/obligationsanleihe-2011\/","url":"https:\/\/stoomtrein.org\/de\/obligationsanleihe-2011\/","name":"Obligationsanleihe 2011 - VSM - Stap in en reis mee!","isPartOf":{"@id":"https:\/\/stoomtrein.org\/#website"},"datePublished":"2020-04-28T13:42:53+00:00","dateModified":"2021-09-14T13:51:32+00:00","breadcrumb":{"@id":"https:\/\/stoomtrein.org\/de\/obligationsanleihe-2011\/#breadcrumb"},"inLanguage":"de","potentialAction":[{"@type":"ReadAction","target":["https:\/\/stoomtrein.org\/de\/obligationsanleihe-2011\/"]}]},{"@type":"BreadcrumbList","@id":"https:\/\/stoomtrein.org\/de\/obligationsanleihe-2011\/#breadcrumb","itemListElement":[{"@type":"ListItem","position":1,"name":"Home","item":"https:\/\/stoomtrein.org\/de\/home\/"},{"@type":"ListItem","position":2,"name":"Obligationsanleihe 2011"}]},{"@type":"WebSite","@id":"https:\/\/stoomtrein.org\/#website","url":"https:\/\/stoomtrein.org\/","name":"VSM - Stap in en reis mee!","description":"\u00c9\u00e9n van de leukste uitjes van Gelderland.","publisher":{"@id":"https:\/\/stoomtrein.org\/#organization"},"potentialAction":[{"@type":"SearchAction","target":{"@type":"EntryPoint","urlTemplate":"https:\/\/stoomtrein.org\/?s={search_term_string}"},"query-input":{"@type":"PropertyValueSpecification","valueRequired":true,"valueName":"search_term_string"}}],"inLanguage":"de"},{"@type":"Organization","@id":"https:\/\/stoomtrein.org\/#organization","name":"VSM - Stap in en reis mee!","url":"https:\/\/stoomtrein.org\/","logo":{"@type":"ImageObject","inLanguage":"de","@id":"https:\/\/stoomtrein.org\/#\/schema\/logo\/image\/","url":"https:\/\/stoomtrein.org\/wp-content\/uploads\/2020\/04\/Logo-heel.png","contentUrl":"https:\/\/stoomtrein.org\/wp-content\/uploads\/2020\/04\/Logo-heel.png","width":967,"height":1943,"caption":"VSM - Stap in en reis mee!"},"image":{"@id":"https:\/\/stoomtrein.org\/#\/schema\/logo\/image\/"}}]}},"jetpack_sharing_enabled":true,"_links":{"self":[{"href":"https:\/\/stoomtrein.org\/de\/wp-json\/wp\/v2\/pages\/42098","targetHints":{"allow":["GET"]}}],"collection":[{"href":"https:\/\/stoomtrein.org\/de\/wp-json\/wp\/v2\/pages"}],"about":[{"href":"https:\/\/stoomtrein.org\/de\/wp-json\/wp\/v2\/types\/page"}],"author":[{"embeddable":true,"href":"https:\/\/stoomtrein.org\/de\/wp-json\/wp\/v2\/users\/5"}],"replies":[{"embeddable":true,"href":"https:\/\/stoomtrein.org\/de\/wp-json\/wp\/v2\/comments?post=42098"}],"version-history":[{"count":0,"href":"https:\/\/stoomtrein.org\/de\/wp-json\/wp\/v2\/pages\/42098\/revisions"}],"wp:attachment":[{"href":"https:\/\/stoomtrein.org\/de\/wp-json\/wp\/v2\/media?parent=42098"}],"curies":[{"name":"wp","href":"https:\/\/api.w.org\/{rel}","templated":true}]}}