{"id":42094,"date":"2020-04-23T15:03:56","date_gmt":"2020-04-23T13:03:56","guid":{"rendered":"https:\/\/stoomtrein.org\/mindervalide\/"},"modified":"2021-07-18T11:56:48","modified_gmt":"2021-07-18T09:56:48","slug":"behinderung","status":"publish","type":"page","link":"https:\/\/stoomtrein.org\/de\/behinderung\/","title":{"rendered":"Menschen mit Behinderung"},"content":{"rendered":"<div class=\"wpb-content-wrapper\">[vc_row full_width=&#8220;stretch_row&#8220; css=&#8220;.vc_custom_1590230042157{background-image: url(https:\/\/stoomtrein.org\/wp-content\/uploads\/2020\/05\/Header01.jpg?id=7308) !important;background-position: center !important;background-repeat: no-repeat !important;background-size: cover !important;}&#8220;][vc_column][vc_single_image image=&#8220;6131&#8243; img_size=&#8220;90 x 90&#8243; alignment=&#8220;right&#8220; css=&#8220;.vc_custom_1589878146183{margin-top: 28% !important;margin-right: 1% !important;margin-bottom: 3% !important;}&#8220; visibility=&#8220;visible-phone&#8220;][vc_single_image image=&#8220;6131&#8243; img_size=&#8220;149 x 149&#8243; alignment=&#8220;right&#8220; css=&#8220;.vc_custom_1589878129287{margin-top: 28% !important;margin-right: 1% !important;margin-bottom: 3% !important;}&#8220; visibility=&#8220;hidden-phone&#8220;][\/vc_column][\/vc_row][vc_row css=&#8220;.vc_custom_1589462350985{padding-top: 8% !important;padding-bottom: 2% !important;}&#8220;][vc_column width=&#8220;2\/3&#8243;]<style>.vcex-heading.vcex_69d946b86f934{color:#1d1d1d;font-size:33px;font-family:'Crete Round';font-weight:400;line-height:1.18;}<\/style><h1 class=\"vcex-heading vcex-heading-plain vcex-module wpex-heading wpex-text-2xl wpex-text-center vc_custom_1589461502851 vcex_69d946b86f934\"><span class=\"vcex-heading-inner wpex-inline-block\">Menschen mit Behinderung<\/span><\/h1>[vc_column_text text_align=&#8220;center&#8220;]Die VSM ist f\u00fcr behinderte Besucher zug\u00e4nglich. Unsere Bahnsteige sind barrierefrei und einer unserer Wagen ist mit einem Rollstuhllift ausgestattet.<\/p>\n<p>Dank dieses Lifts k\u00f6nnen auch Rollstuhlfahrer mit dem Dampfzug fahren. Wir empfehlen gr\u00f6\u00dferen Gruppen von Rollstuhlfahrern, im Voraus zu reservieren. Rufen Sie uns dazu an: +31 (0)55-506 1989.<\/p>\n<p>Haben Sie eine Behinderung oder gibt es behinderte Menschen in Ihrer Gruppe? Dann beachten Sie bitte, dass das Museumsdampfdepot teilweise mit historischen Klinkern und Kopfsteinpflaster ausgestattet ist. Denken Sie also daran, dass Sie mehr Zeit ben\u00f6tigen, um einen Rundgang zu machen und zum Zug zur\u00fcckzukehren.<\/p>\n<p>Leider kann der Rollstuhllift am Bahnhof Eerbeek und an der Haltestelle Immenbergweg nicht benutzt werden.[\/vc_column_text][\/vc_column][vc_column width=&#8220;1\/3&#8243;][vc_single_image image=&#8220;7303&#8243;][\/vc_column][\/vc_row]\n<\/div>","protected":false},"excerpt":{"rendered":"<p>[vc_row full_width=&#8220;stretch_row&#8220; css=&#8220;.vc_custom_1590230042157{background-image: url(https:\/\/stoomtrein.org\/wp-content\/uploads\/2020\/05\/Header01.jpg?id=7308) !important;background-position: center !important;background-repeat: no-repeat !important;background-size: cover !important;}&#8220;][vc_column][vc_single_image image=&#8220;6131&#8243; img_size=&#8220;90 x 90&#8243; alignment=&#8220;right&#8220; css=&#8220;.vc_custom_1589878146183{margin-top: 28% !important;margin-right: 1% !important;margin-bottom: 3% !important;}&#8220; visibility=&#8220;visible-phone&#8220;][vc_single_image image=&#8220;6131&#8243; img_size=&#8220;149 x 149&#8243; alignment=&#8220;right&#8220; css=&#8220;.vc_custom_1589878129287{margin-top: 28% !important;margin-right: 1% !important;margin-bottom: 3% !important;}&#8220; visibility=&#8220;hidden-phone&#8220;][\/vc_column][\/vc_row][vc_row css=&#8220;.vc_custom_1589462350985{padding-top: 8% !important;padding-bottom: 2% !important;}&#8220;][vc_column width=&#8220;2\/3&#8243;][vc_column_text text_align=&#8220;center&#8220;]Die VSM ist f\u00fcr behinderte Besucher zug\u00e4nglich. Unsere Bahnsteige sind barrierefrei und&hellip;<\/p>\n","protected":false},"author":5,"featured_media":0,"parent":0,"menu_order":0,"comment_status":"closed","ping_status":"closed","template":"","meta":{"footnotes":""},"class_list":["post-42094","page","type-page","status-publish","hentry","entry","no-media"],"yoast_head":"<!-- This site is optimized with the Yoast SEO plugin v26.9 - https:\/\/yoast.com\/product\/yoast-seo-wordpress\/ -->\n<title>Menschen mit Behinderung - VSM - Stap in en reis mee!<\/title>\n<meta name=\"robots\" content=\"index, follow, max-snippet:-1, max-image-preview:large, max-video-preview:-1\" \/>\n<link rel=\"canonical\" href=\"https:\/\/stoomtrein.org\/de\/behinderung\/\" \/>\n<meta property=\"og:locale\" content=\"de_DE\" \/>\n<meta property=\"og:type\" content=\"article\" \/>\n<meta property=\"og:title\" content=\"Menschen mit Behinderung - VSM - Stap in en reis mee!\" \/>\n<meta property=\"og:description\" content=\"[vc_row full_width=&#8220;stretch_row&#8220; css=&#8220;.vc_custom_1590230042157{background-image: url(https:\/\/stoomtrein.org\/wp-content\/uploads\/2020\/05\/Header01.jpg?id=7308) !important;background-position: center !important;background-repeat: no-repeat !important;background-size: cover !important;}&#8220;][vc_column][vc_single_image image=&#8220;6131&#8243; img_size=&#8220;90 x 90&#8243; alignment=&#8220;right&#8220; css=&#8220;.vc_custom_1589878146183{margin-top: 28% !important;margin-right: 1% !important;margin-bottom: 3% !important;}&#8220; visibility=&#8220;visible-phone&#8220;][vc_single_image image=&#8220;6131&#8243; img_size=&#8220;149 x 149&#8243; alignment=&#8220;right&#8220; css=&#8220;.vc_custom_1589878129287{margin-top: 28% !important;margin-right: 1% !important;margin-bottom: 3% !important;}&#8220; visibility=&#8220;hidden-phone&#8220;][\/vc_column][\/vc_row][vc_row css=&#8220;.vc_custom_1589462350985{padding-top: 8% !important;padding-bottom: 2% !important;}&#8220;][vc_column width=&#8220;2\/3&#8243;][vc_column_text text_align=&#8220;center&#8220;]Die VSM ist f\u00fcr behinderte Besucher zug\u00e4nglich. Unsere Bahnsteige sind barrierefrei und&hellip;\" \/>\n<meta property=\"og:url\" content=\"https:\/\/stoomtrein.org\/de\/behinderung\/\" \/>\n<meta property=\"og:site_name\" content=\"VSM - Stap in en reis mee!\" \/>\n<meta property=\"article:modified_time\" content=\"2021-07-18T09:56:48+00:00\" \/>\n<meta name=\"twitter:card\" content=\"summary_large_image\" \/>\n<meta name=\"twitter:label1\" content=\"Gesch\u00e4tzte Lesezeit\" \/>\n\t<meta name=\"twitter:data1\" content=\"1\u00a0Minute\" \/>\n<script type=\"application\/ld+json\" class=\"yoast-schema-graph\">{\"@context\":\"https:\/\/schema.org\",\"@graph\":[{\"@type\":\"WebPage\",\"@id\":\"https:\/\/stoomtrein.org\/de\/behinderung\/\",\"url\":\"https:\/\/stoomtrein.org\/de\/behinderung\/\",\"name\":\"Menschen mit Behinderung - VSM - Stap in en reis mee!\",\"isPartOf\":{\"@id\":\"https:\/\/stoomtrein.org\/#website\"},\"datePublished\":\"2020-04-23T13:03:56+00:00\",\"dateModified\":\"2021-07-18T09:56:48+00:00\",\"breadcrumb\":{\"@id\":\"https:\/\/stoomtrein.org\/de\/behinderung\/#breadcrumb\"},\"inLanguage\":\"de\",\"potentialAction\":[{\"@type\":\"ReadAction\",\"target\":[\"https:\/\/stoomtrein.org\/de\/behinderung\/\"]}]},{\"@type\":\"BreadcrumbList\",\"@id\":\"https:\/\/stoomtrein.org\/de\/behinderung\/#breadcrumb\",\"itemListElement\":[{\"@type\":\"ListItem\",\"position\":1,\"name\":\"Home\",\"item\":\"https:\/\/stoomtrein.org\/de\/home\/\"},{\"@type\":\"ListItem\",\"position\":2,\"name\":\"Menschen mit Behinderung\"}]},{\"@type\":\"WebSite\",\"@id\":\"https:\/\/stoomtrein.org\/#website\",\"url\":\"https:\/\/stoomtrein.org\/\",\"name\":\"VSM - Stap in en reis mee!\",\"description\":\"\u00c9\u00e9n van de leukste uitjes van Gelderland.\",\"publisher\":{\"@id\":\"https:\/\/stoomtrein.org\/#organization\"},\"potentialAction\":[{\"@type\":\"SearchAction\",\"target\":{\"@type\":\"EntryPoint\",\"urlTemplate\":\"https:\/\/stoomtrein.org\/?s={search_term_string}\"},\"query-input\":{\"@type\":\"PropertyValueSpecification\",\"valueRequired\":true,\"valueName\":\"search_term_string\"}}],\"inLanguage\":\"de\"},{\"@type\":\"Organization\",\"@id\":\"https:\/\/stoomtrein.org\/#organization\",\"name\":\"VSM - Stap in en reis mee!\",\"url\":\"https:\/\/stoomtrein.org\/\",\"logo\":{\"@type\":\"ImageObject\",\"inLanguage\":\"de\",\"@id\":\"https:\/\/stoomtrein.org\/#\/schema\/logo\/image\/\",\"url\":\"https:\/\/stoomtrein.org\/wp-content\/uploads\/2020\/04\/Logo-heel.png\",\"contentUrl\":\"https:\/\/stoomtrein.org\/wp-content\/uploads\/2020\/04\/Logo-heel.png\",\"width\":967,\"height\":1943,\"caption\":\"VSM - Stap in en reis mee!\"},\"image\":{\"@id\":\"https:\/\/stoomtrein.org\/#\/schema\/logo\/image\/\"}}]}<\/script>\n<!-- \/ Yoast SEO plugin. -->","yoast_head_json":{"title":"Menschen mit Behinderung - VSM - Stap in en reis mee!","robots":{"index":"index","follow":"follow","max-snippet":"max-snippet:-1","max-image-preview":"max-image-preview:large","max-video-preview":"max-video-preview:-1"},"canonical":"https:\/\/stoomtrein.org\/de\/behinderung\/","og_locale":"de_DE","og_type":"article","og_title":"Menschen mit Behinderung - VSM - Stap in en reis mee!","og_description":"[vc_row full_width=&#8220;stretch_row&#8220; css=&#8220;.vc_custom_1590230042157{background-image: url(https:\/\/stoomtrein.org\/wp-content\/uploads\/2020\/05\/Header01.jpg?id=7308) !important;background-position: center !important;background-repeat: no-repeat !important;background-size: cover !important;}&#8220;][vc_column][vc_single_image image=&#8220;6131&#8243; img_size=&#8220;90 x 90&#8243; alignment=&#8220;right&#8220; css=&#8220;.vc_custom_1589878146183{margin-top: 28% !important;margin-right: 1% !important;margin-bottom: 3% !important;}&#8220; visibility=&#8220;visible-phone&#8220;][vc_single_image image=&#8220;6131&#8243; img_size=&#8220;149 x 149&#8243; alignment=&#8220;right&#8220; css=&#8220;.vc_custom_1589878129287{margin-top: 28% !important;margin-right: 1% !important;margin-bottom: 3% !important;}&#8220; visibility=&#8220;hidden-phone&#8220;][\/vc_column][\/vc_row][vc_row css=&#8220;.vc_custom_1589462350985{padding-top: 8% !important;padding-bottom: 2% !important;}&#8220;][vc_column width=&#8220;2\/3&#8243;][vc_column_text text_align=&#8220;center&#8220;]Die VSM ist f\u00fcr behinderte Besucher zug\u00e4nglich. Unsere Bahnsteige sind barrierefrei und&hellip;","og_url":"https:\/\/stoomtrein.org\/de\/behinderung\/","og_site_name":"VSM - Stap in en reis mee!","article_modified_time":"2021-07-18T09:56:48+00:00","twitter_card":"summary_large_image","twitter_misc":{"Gesch\u00e4tzte Lesezeit":"1\u00a0Minute"},"schema":{"@context":"https:\/\/schema.org","@graph":[{"@type":"WebPage","@id":"https:\/\/stoomtrein.org\/de\/behinderung\/","url":"https:\/\/stoomtrein.org\/de\/behinderung\/","name":"Menschen mit Behinderung - VSM - Stap in en reis mee!","isPartOf":{"@id":"https:\/\/stoomtrein.org\/#website"},"datePublished":"2020-04-23T13:03:56+00:00","dateModified":"2021-07-18T09:56:48+00:00","breadcrumb":{"@id":"https:\/\/stoomtrein.org\/de\/behinderung\/#breadcrumb"},"inLanguage":"de","potentialAction":[{"@type":"ReadAction","target":["https:\/\/stoomtrein.org\/de\/behinderung\/"]}]},{"@type":"BreadcrumbList","@id":"https:\/\/stoomtrein.org\/de\/behinderung\/#breadcrumb","itemListElement":[{"@type":"ListItem","position":1,"name":"Home","item":"https:\/\/stoomtrein.org\/de\/home\/"},{"@type":"ListItem","position":2,"name":"Menschen mit Behinderung"}]},{"@type":"WebSite","@id":"https:\/\/stoomtrein.org\/#website","url":"https:\/\/stoomtrein.org\/","name":"VSM - Stap in en reis mee!","description":"\u00c9\u00e9n van de leukste uitjes van Gelderland.","publisher":{"@id":"https:\/\/stoomtrein.org\/#organization"},"potentialAction":[{"@type":"SearchAction","target":{"@type":"EntryPoint","urlTemplate":"https:\/\/stoomtrein.org\/?s={search_term_string}"},"query-input":{"@type":"PropertyValueSpecification","valueRequired":true,"valueName":"search_term_string"}}],"inLanguage":"de"},{"@type":"Organization","@id":"https:\/\/stoomtrein.org\/#organization","name":"VSM - Stap in en reis mee!","url":"https:\/\/stoomtrein.org\/","logo":{"@type":"ImageObject","inLanguage":"de","@id":"https:\/\/stoomtrein.org\/#\/schema\/logo\/image\/","url":"https:\/\/stoomtrein.org\/wp-content\/uploads\/2020\/04\/Logo-heel.png","contentUrl":"https:\/\/stoomtrein.org\/wp-content\/uploads\/2020\/04\/Logo-heel.png","width":967,"height":1943,"caption":"VSM - Stap in en reis mee!"},"image":{"@id":"https:\/\/stoomtrein.org\/#\/schema\/logo\/image\/"}}]}},"jetpack_sharing_enabled":true,"_links":{"self":[{"href":"https:\/\/stoomtrein.org\/de\/wp-json\/wp\/v2\/pages\/42094","targetHints":{"allow":["GET"]}}],"collection":[{"href":"https:\/\/stoomtrein.org\/de\/wp-json\/wp\/v2\/pages"}],"about":[{"href":"https:\/\/stoomtrein.org\/de\/wp-json\/wp\/v2\/types\/page"}],"author":[{"embeddable":true,"href":"https:\/\/stoomtrein.org\/de\/wp-json\/wp\/v2\/users\/5"}],"replies":[{"embeddable":true,"href":"https:\/\/stoomtrein.org\/de\/wp-json\/wp\/v2\/comments?post=42094"}],"version-history":[{"count":2,"href":"https:\/\/stoomtrein.org\/de\/wp-json\/wp\/v2\/pages\/42094\/revisions"}],"predecessor-version":[{"id":48067,"href":"https:\/\/stoomtrein.org\/de\/wp-json\/wp\/v2\/pages\/42094\/revisions\/48067"}],"wp:attachment":[{"href":"https:\/\/stoomtrein.org\/de\/wp-json\/wp\/v2\/media?parent=42094"}],"curies":[{"name":"wp","href":"https:\/\/api.w.org\/{rel}","templated":true}]}}