{"id":42073,"date":"2020-04-28T15:42:53","date_gmt":"2020-04-28T13:42:53","guid":{"rendered":"https:\/\/stoomtrein.org\/feestelijk\/"},"modified":"2021-09-03T14:10:49","modified_gmt":"2021-09-03T12:10:49","slug":"festliches","status":"publish","type":"page","link":"https:\/\/stoomtrein.org\/de\/festliches\/","title":{"rendered":"Festliches"},"content":{"rendered":"<div class=\"wpb-content-wrapper\">[vc_row full_width=&#8220;stretch_row&#8220; css=&#8220;.vc_custom_1590336845390{background-image: url(https:\/\/stoomtrein.org\/wp-content\/uploads\/2020\/05\/Header07.jpg?id=7404) !important;background-position: center !important;background-repeat: no-repeat !important;background-size: cover !important;}&#8220;][vc_column][vc_single_image image=&#8220;6131&#8243; img_size=&#8220;149 x 149&#8243; alignment=&#8220;right&#8220; css=&#8220;.vc_custom_1589877900613{margin-top: 28% !important;margin-right: 1% !important;margin-bottom: 3% !important;}&#8220; visibility=&#8220;hidden-phone&#8220;][vc_single_image image=&#8220;6131&#8243; img_size=&#8220;90 x 90&#8243; alignment=&#8220;right&#8220; css=&#8220;.vc_custom_1589877889038{margin-top: 28% !important;margin-right: 1% !important;margin-bottom: 3% !important;}&#8220; visibility=&#8220;visible-phone&#8220;][\/vc_column][\/vc_row][vc_row equal_height=&#8220;yes&#8220; css=&#8220;.vc_custom_1590337007159{margin-top: 8% !important;margin-bottom: 2% !important;}&#8220;][vc_column width=&#8220;1\/2&#8243;]<style>.vcex-heading.vcex_69de497f387ed{color:#1d1d1d;font-size:55px;font-family:'Crete Round';font-style:italic;line-height:1.18;}@media (max-width:767px){.vcex-heading.vcex_69de497f387ed{font-size:40px;}}@media (max-width:479px){.vcex-heading.vcex_69de497f387ed{font-size:40px;}}<\/style><h1 class=\"vcex-heading vcex-heading-plain vcex-module wpex-heading wpex-text-2xl wpex-text-left vc_custom_1630669502059 vcex_69de497f387ed\"><span class=\"vcex-heading-inner wpex-inline-block\">Der sch\u00f6nste Tag Ihres Lebens auf der Schiene<\/span><\/h1>[vc_column_text css=&#8220;.vc_custom_1630669556220{margin-top: 24px !important;margin-bottom: 16px !important;}&#8220; text_align=&#8220;left&#8220;]Wenn Sie eine unvergessliche Party an einem besonderen Ort w\u00fcnschen, nehmen Sie Ihre G\u00e4ste mit in den Dampfzug, um eine besondere Fahrt zu unternehmen. Das stimmungsvolle Bild des rustikalen Bahnhofs Beekbergen, die imposanten Lokomotiven und die charakteristischen Wagen bilden einen einzigartigen Hintergrund.<\/p>\n<p>EEs besteht die M\u00f6glichkeit, Ihrer Zugreise eine kulinarische Note zu verleihen. Dazu verf\u00fcgt die VSM \u00fcber mehrere historische internationale Speisewagen, die mit einer kompletten K\u00fcche ausgestattet sind. So k\u00f6nnen Sie bequem und attraktiv in unseren historischen Wagen speisen. Es gibt unz\u00e4hlige M\u00f6glichkeiten, zum Beispiel einen Sektempfang, oder wir servieren eine sch\u00f6ne Tasse Kaffee mit einem St\u00fcck Hochzeitstorte oder leckeren Pralinen. Gerne bieten wir Ihrer Gruppe ein feierliches Mittagessen, einen High Tea oder ein Abendessen an.[\/vc_column_text][vc_column_text italic=&#8220;true&#8220; css=&#8220;.vc_custom_1630669573519{margin-top: 24px !important;margin-bottom: 16px !important;}&#8220; text_align=&#8220;left&#8220;]- Der Text wird unter dem Foto fortgesetzt -[\/vc_column_text][\/vc_column][vc_column width=&#8220;1\/2&#8243; css=&#8220;.vc_custom_1590511776938{background-image: url(https:\/\/stoomtrein.org\/wp-content\/uploads\/2020\/05\/Feestelijk01.jpg?id=7409) !important;background-position: center !important;background-repeat: no-repeat !important;background-size: cover !important;}&#8220; el_id=&#8220;equal-height-content&#8220;]<div class=\"vcex-spacing wpex-w-100 wpex-clear\" style=\"height:150px;\"><\/div>[\/vc_column][\/vc_row][vc_row full_width=&#8220;stretch_row&#8220; parallax=&#8220;vcex_parallax&#8220; parallax_image=&#8220;7408&#8243; parallax_style=&#8220;fixed-no-repeat&#8220; css=&#8220;.vc_custom_1592139443256{margin-top: 8% !important;margin-bottom: 2% !important;}&#8220; parallax_speed=&#8220;0.4&#8243; visibility=&#8220;hidden-phone&#8220;][vc_column]<div class=\"vcex-spacing wpex-w-100 wpex-clear visible-phone\" style=\"height:150px;\"><\/div><style>.vcex-heading.vcex_69de497f3bb27{width:80%;color:#fdfdfd;font-size:85px;font-family:'Crete Round';font-style:italic;line-height:1;}@media (max-width:767px){.vcex-heading.vcex_69de497f3bb27{font-size:55px;}}@media (max-width:479px){.vcex-heading.vcex_69de497f3bb27{font-size:55px;}}<\/style><div class=\"vcex-heading vcex-heading-plain vcex-module wpex-heading wpex-text-2xl wpex-text-left wpex-max-w-100 wpex-mr-auto vc_custom_1630669729130 headingshadow vcex_69de497f3bb27\"><span class=\"vcex-heading-inner wpex-inline-block\">Auf dem richtigen Weg<br \/>\nmit Ihrem eigenen Zug!<\/span><\/div>[\/vc_column][\/vc_row][vc_row equal_height=&#8220;yes&#8220; css=&#8220;.vc_custom_1590337007159{margin-top: 8% !important;margin-bottom: 2% !important;}&#8220;][vc_column width=&#8220;1\/2&#8243; css=&#8220;.vc_custom_1590337284284{background-image: url(https:\/\/stoomtrein.org\/wp-content\/uploads\/2020\/05\/Feestelijk02.jpg?id=7410) !important;background-position: center !important;background-repeat: no-repeat !important;background-size: cover !important;}&#8220;]<div class=\"vcex-spacing wpex-w-100 wpex-clear\" style=\"height:150px;\"><\/div>[\/vc_column][vc_column width=&#8220;1\/2&#8243;][vc_column_text css=&#8220;.vc_custom_1630669771040{margin-top: 24px !important;margin-bottom: 16px !important;}&#8220; text_align=&#8220;left&#8220;]Der Museumsbahnhof der VSM befindet sich in Beekbergen mit dem Dampfdepot und dem Lokschuppen. Das Dampfdepot gibt Ihnen einen Eindruck vom Dampfzeitalter der Eisenbahnen des letzten Jahrhunderts. Hier machen Sie buchst\u00e4blich eine Reise zur\u00fcck in die Vergangenheit. Das Dampfdepot mit vielen Einrichtungen f\u00fcr den Betrieb von Dampflokomotiven ist immer einen Besuch wert.<\/p>\n<p>Auf Wunsch kann f\u00fcr Ihre Gruppe ein Rundgang durch das Depot und den Lokschuppen arrangiert werden, bei dem Sie erfahren, was es mit dem Fahren historischer Dampfz\u00fcge auf sich hat. Auch au\u00dferhalb der Fahrtage wird Gruppen die M\u00f6glichkeit geboten, eine Tour durch das Dampfdepot zu machen. Der Bahnhof verf\u00fcgt \u00fcber ein wundersch\u00f6nes Bahnhofsrestaurant mit verschiedenen Optionen f\u00fcr eine Tasse Kaffee, Mittagessen, High Tea oder ein Buffet.[\/vc_column_text][\/vc_column][\/vc_row][vc_row css=&#8220;.vc_custom_1590582212486{margin-top: 8% !important;margin-bottom: 2% !important;}&#8220;][vc_column width=&#8220;1\/6&#8243;][\/vc_column][vc_column width=&#8220;2\/3&#8243;]<style>.vcex-heading.vcex_69de497f3c744{color:#1d1d1d;font-size:33px;font-family:'Crete Round';}<\/style><h3 class=\"vcex-heading vcex-heading-plain vcex-module wpex-heading wpex-text-2xl wpex-text-left vcex_69de497f3c744\"><span class=\"vcex-heading-inner wpex-inline-block\">Ma\u00dfarbeit<br \/><\/span><\/h3>[vc_column_text]Bei der VSM kann ein (Dampf-)Zug gemietet werden. In Absprache wird der Fahrplan speziell f\u00fcr Sie zusammengestellt und Sie entscheiden, wann Sie von welchem Bahnhof abfahren m\u00f6chten und planen gegebenenfalls zus\u00e4tzliche Zeit f\u00fcr den Besuch des Dampfdepots ein. F\u00fcr kleine Gruppen k\u00f6nnen wir m\u00f6glicherweise f\u00fcr die Sonntage von April bis November ein attraktives Angebot machen. Wir informieren Sie gerne \u00fcber die M\u00f6glichkeiten.[\/vc_column_text]<style>.vcex-button.vcex_69de497f3d9f6{background:#690013;}.vcex-button.vcex_69de497f3d9f6:hover{background:#ff9600!important;}<\/style><div class=\"vc_custom_1630669895158 wpex-clr\"><div class=\"theme-button-wrap textcenter wpex-clr\"><a href=\"https:\/\/stoomtrein.org\/de\/aanvraag-treinhuren\/\" class=\"vcex-button theme-button align-center inline vcex_69de497f3d9f6\"><span class=\"vcex-button-inner theme-button-inner wpex-flex wpex-flex-wrap wpex-items-center wpex-justify-center\">Fordern Sie hier Informationen an oder buchen Sie Ihren Dampfzug direkt<\/span><\/a><\/div><\/div> [\/vc_column][vc_column width=&#8220;1\/6&#8243;][\/vc_column][\/vc_row][vc_row][vc_column][vc_video link=&#8220;https:\/\/youtu.be\/7r8SGSWjnU0&#8243; css=&#8220;.vc_custom_1591553005923{margin-top: 4% !important;margin-bottom: 8% !important;}&#8220;][\/vc_column][\/vc_row]\n<\/div>","protected":false},"excerpt":{"rendered":"<p>[vc_row full_width=&#8220;stretch_row&#8220; css=&#8220;.vc_custom_1590336845390{background-image: url(https:\/\/stoomtrein.org\/wp-content\/uploads\/2020\/05\/Header07.jpg?id=7404) !important;background-position: center !important;background-repeat: no-repeat !important;background-size: cover !important;}&#8220;][vc_column][vc_single_image image=&#8220;6131&#8243; img_size=&#8220;149 x 149&#8243; alignment=&#8220;right&#8220; css=&#8220;.vc_custom_1589877900613{margin-top: 28% !important;margin-right: 1% !important;margin-bottom: 3% !important;}&#8220; visibility=&#8220;hidden-phone&#8220;][vc_single_image image=&#8220;6131&#8243; img_size=&#8220;90 x 90&#8243; alignment=&#8220;right&#8220; css=&#8220;.vc_custom_1589877889038{margin-top: 28% !important;margin-right: 1% !important;margin-bottom: 3% !important;}&#8220; visibility=&#8220;visible-phone&#8220;][\/vc_column][\/vc_row][vc_row equal_height=&#8220;yes&#8220; css=&#8220;.vc_custom_1590337007159{margin-top: 8% !important;margin-bottom: 2% !important;}&#8220;][vc_column width=&#8220;1\/2&#8243;][vc_column_text css=&#8220;.vc_custom_1630669556220{margin-top: 24px !important;margin-bottom: 16px !important;}&#8220; text_align=&#8220;left&#8220;]Wenn Sie eine unvergessliche Party an&hellip;<\/p>\n","protected":false},"author":5,"featured_media":0,"parent":0,"menu_order":0,"comment_status":"closed","ping_status":"closed","template":"","meta":{"footnotes":""},"class_list":["post-42073","page","type-page","status-publish","hentry","entry","no-media"],"yoast_head":"<!-- This site is optimized with the Yoast SEO plugin v26.9 - https:\/\/yoast.com\/product\/yoast-seo-wordpress\/ -->\n<title>Festliches - VSM - Stap in en reis mee!<\/title>\n<meta name=\"robots\" content=\"index, follow, max-snippet:-1, max-image-preview:large, max-video-preview:-1\" \/>\n<link rel=\"canonical\" href=\"https:\/\/stoomtrein.org\/de\/festliches\/\" \/>\n<meta property=\"og:locale\" content=\"de_DE\" \/>\n<meta property=\"og:type\" content=\"article\" \/>\n<meta property=\"og:title\" content=\"Festliches - VSM - Stap in en reis mee!\" \/>\n<meta property=\"og:description\" content=\"[vc_row full_width=&#8220;stretch_row&#8220; css=&#8220;.vc_custom_1590336845390{background-image: url(https:\/\/stoomtrein.org\/wp-content\/uploads\/2020\/05\/Header07.jpg?id=7404) !important;background-position: center !important;background-repeat: no-repeat !important;background-size: cover !important;}&#8220;][vc_column][vc_single_image image=&#8220;6131&#8243; img_size=&#8220;149 x 149&#8243; alignment=&#8220;right&#8220; css=&#8220;.vc_custom_1589877900613{margin-top: 28% !important;margin-right: 1% !important;margin-bottom: 3% !important;}&#8220; visibility=&#8220;hidden-phone&#8220;][vc_single_image image=&#8220;6131&#8243; img_size=&#8220;90 x 90&#8243; alignment=&#8220;right&#8220; css=&#8220;.vc_custom_1589877889038{margin-top: 28% !important;margin-right: 1% !important;margin-bottom: 3% !important;}&#8220; visibility=&#8220;visible-phone&#8220;][\/vc_column][\/vc_row][vc_row equal_height=&#8220;yes&#8220; css=&#8220;.vc_custom_1590337007159{margin-top: 8% !important;margin-bottom: 2% !important;}&#8220;][vc_column width=&#8220;1\/2&#8243;][vc_column_text css=&#8220;.vc_custom_1630669556220{margin-top: 24px !important;margin-bottom: 16px !important;}&#8220; text_align=&#8220;left&#8220;]Wenn Sie eine unvergessliche Party an&hellip;\" \/>\n<meta property=\"og:url\" content=\"https:\/\/stoomtrein.org\/de\/festliches\/\" \/>\n<meta property=\"og:site_name\" content=\"VSM - Stap in en reis mee!\" \/>\n<meta property=\"article:modified_time\" content=\"2021-09-03T12:10:49+00:00\" \/>\n<meta name=\"twitter:card\" content=\"summary_large_image\" \/>\n<meta name=\"twitter:label1\" content=\"Gesch\u00e4tzte Lesezeit\" \/>\n\t<meta name=\"twitter:data1\" content=\"4\u00a0Minuten\" \/>\n<script type=\"application\/ld+json\" class=\"yoast-schema-graph\">{\"@context\":\"https:\/\/schema.org\",\"@graph\":[{\"@type\":\"WebPage\",\"@id\":\"https:\/\/stoomtrein.org\/de\/festliches\/\",\"url\":\"https:\/\/stoomtrein.org\/de\/festliches\/\",\"name\":\"Festliches - VSM - Stap in en reis mee!\",\"isPartOf\":{\"@id\":\"https:\/\/stoomtrein.org\/#website\"},\"datePublished\":\"2020-04-28T13:42:53+00:00\",\"dateModified\":\"2021-09-03T12:10:49+00:00\",\"breadcrumb\":{\"@id\":\"https:\/\/stoomtrein.org\/de\/festliches\/#breadcrumb\"},\"inLanguage\":\"de\",\"potentialAction\":[{\"@type\":\"ReadAction\",\"target\":[\"https:\/\/stoomtrein.org\/de\/festliches\/\"]}]},{\"@type\":\"BreadcrumbList\",\"@id\":\"https:\/\/stoomtrein.org\/de\/festliches\/#breadcrumb\",\"itemListElement\":[{\"@type\":\"ListItem\",\"position\":1,\"name\":\"Home\",\"item\":\"https:\/\/stoomtrein.org\/de\/home\/\"},{\"@type\":\"ListItem\",\"position\":2,\"name\":\"Festliches\"}]},{\"@type\":\"WebSite\",\"@id\":\"https:\/\/stoomtrein.org\/#website\",\"url\":\"https:\/\/stoomtrein.org\/\",\"name\":\"VSM - Stap in en reis mee!\",\"description\":\"\u00c9\u00e9n van de leukste uitjes van Gelderland.\",\"publisher\":{\"@id\":\"https:\/\/stoomtrein.org\/#organization\"},\"potentialAction\":[{\"@type\":\"SearchAction\",\"target\":{\"@type\":\"EntryPoint\",\"urlTemplate\":\"https:\/\/stoomtrein.org\/?s={search_term_string}\"},\"query-input\":{\"@type\":\"PropertyValueSpecification\",\"valueRequired\":true,\"valueName\":\"search_term_string\"}}],\"inLanguage\":\"de\"},{\"@type\":\"Organization\",\"@id\":\"https:\/\/stoomtrein.org\/#organization\",\"name\":\"VSM - Stap in en reis mee!\",\"url\":\"https:\/\/stoomtrein.org\/\",\"logo\":{\"@type\":\"ImageObject\",\"inLanguage\":\"de\",\"@id\":\"https:\/\/stoomtrein.org\/#\/schema\/logo\/image\/\",\"url\":\"https:\/\/stoomtrein.org\/wp-content\/uploads\/2020\/04\/Logo-heel.png\",\"contentUrl\":\"https:\/\/stoomtrein.org\/wp-content\/uploads\/2020\/04\/Logo-heel.png\",\"width\":967,\"height\":1943,\"caption\":\"VSM - Stap in en reis mee!\"},\"image\":{\"@id\":\"https:\/\/stoomtrein.org\/#\/schema\/logo\/image\/\"}}]}<\/script>\n<!-- \/ Yoast SEO plugin. -->","yoast_head_json":{"title":"Festliches - VSM - Stap in en reis mee!","robots":{"index":"index","follow":"follow","max-snippet":"max-snippet:-1","max-image-preview":"max-image-preview:large","max-video-preview":"max-video-preview:-1"},"canonical":"https:\/\/stoomtrein.org\/de\/festliches\/","og_locale":"de_DE","og_type":"article","og_title":"Festliches - VSM - Stap in en reis mee!","og_description":"[vc_row full_width=&#8220;stretch_row&#8220; css=&#8220;.vc_custom_1590336845390{background-image: url(https:\/\/stoomtrein.org\/wp-content\/uploads\/2020\/05\/Header07.jpg?id=7404) !important;background-position: center !important;background-repeat: no-repeat !important;background-size: cover !important;}&#8220;][vc_column][vc_single_image image=&#8220;6131&#8243; img_size=&#8220;149 x 149&#8243; alignment=&#8220;right&#8220; css=&#8220;.vc_custom_1589877900613{margin-top: 28% !important;margin-right: 1% !important;margin-bottom: 3% !important;}&#8220; visibility=&#8220;hidden-phone&#8220;][vc_single_image image=&#8220;6131&#8243; img_size=&#8220;90 x 90&#8243; alignment=&#8220;right&#8220; css=&#8220;.vc_custom_1589877889038{margin-top: 28% !important;margin-right: 1% !important;margin-bottom: 3% !important;}&#8220; visibility=&#8220;visible-phone&#8220;][\/vc_column][\/vc_row][vc_row equal_height=&#8220;yes&#8220; css=&#8220;.vc_custom_1590337007159{margin-top: 8% !important;margin-bottom: 2% !important;}&#8220;][vc_column width=&#8220;1\/2&#8243;][vc_column_text css=&#8220;.vc_custom_1630669556220{margin-top: 24px !important;margin-bottom: 16px !important;}&#8220; text_align=&#8220;left&#8220;]Wenn Sie eine unvergessliche Party an&hellip;","og_url":"https:\/\/stoomtrein.org\/de\/festliches\/","og_site_name":"VSM - Stap in en reis mee!","article_modified_time":"2021-09-03T12:10:49+00:00","twitter_card":"summary_large_image","twitter_misc":{"Gesch\u00e4tzte Lesezeit":"4\u00a0Minuten"},"schema":{"@context":"https:\/\/schema.org","@graph":[{"@type":"WebPage","@id":"https:\/\/stoomtrein.org\/de\/festliches\/","url":"https:\/\/stoomtrein.org\/de\/festliches\/","name":"Festliches - VSM - Stap in en reis mee!","isPartOf":{"@id":"https:\/\/stoomtrein.org\/#website"},"datePublished":"2020-04-28T13:42:53+00:00","dateModified":"2021-09-03T12:10:49+00:00","breadcrumb":{"@id":"https:\/\/stoomtrein.org\/de\/festliches\/#breadcrumb"},"inLanguage":"de","potentialAction":[{"@type":"ReadAction","target":["https:\/\/stoomtrein.org\/de\/festliches\/"]}]},{"@type":"BreadcrumbList","@id":"https:\/\/stoomtrein.org\/de\/festliches\/#breadcrumb","itemListElement":[{"@type":"ListItem","position":1,"name":"Home","item":"https:\/\/stoomtrein.org\/de\/home\/"},{"@type":"ListItem","position":2,"name":"Festliches"}]},{"@type":"WebSite","@id":"https:\/\/stoomtrein.org\/#website","url":"https:\/\/stoomtrein.org\/","name":"VSM - Stap in en reis mee!","description":"\u00c9\u00e9n van de leukste uitjes van Gelderland.","publisher":{"@id":"https:\/\/stoomtrein.org\/#organization"},"potentialAction":[{"@type":"SearchAction","target":{"@type":"EntryPoint","urlTemplate":"https:\/\/stoomtrein.org\/?s={search_term_string}"},"query-input":{"@type":"PropertyValueSpecification","valueRequired":true,"valueName":"search_term_string"}}],"inLanguage":"de"},{"@type":"Organization","@id":"https:\/\/stoomtrein.org\/#organization","name":"VSM - Stap in en reis mee!","url":"https:\/\/stoomtrein.org\/","logo":{"@type":"ImageObject","inLanguage":"de","@id":"https:\/\/stoomtrein.org\/#\/schema\/logo\/image\/","url":"https:\/\/stoomtrein.org\/wp-content\/uploads\/2020\/04\/Logo-heel.png","contentUrl":"https:\/\/stoomtrein.org\/wp-content\/uploads\/2020\/04\/Logo-heel.png","width":967,"height":1943,"caption":"VSM - Stap in en reis mee!"},"image":{"@id":"https:\/\/stoomtrein.org\/#\/schema\/logo\/image\/"}}]}},"jetpack_sharing_enabled":true,"_links":{"self":[{"href":"https:\/\/stoomtrein.org\/de\/wp-json\/wp\/v2\/pages\/42073","targetHints":{"allow":["GET"]}}],"collection":[{"href":"https:\/\/stoomtrein.org\/de\/wp-json\/wp\/v2\/pages"}],"about":[{"href":"https:\/\/stoomtrein.org\/de\/wp-json\/wp\/v2\/types\/page"}],"author":[{"embeddable":true,"href":"https:\/\/stoomtrein.org\/de\/wp-json\/wp\/v2\/users\/5"}],"replies":[{"embeddable":true,"href":"https:\/\/stoomtrein.org\/de\/wp-json\/wp\/v2\/comments?post=42073"}],"version-history":[{"count":0,"href":"https:\/\/stoomtrein.org\/de\/wp-json\/wp\/v2\/pages\/42073\/revisions"}],"wp:attachment":[{"href":"https:\/\/stoomtrein.org\/de\/wp-json\/wp\/v2\/media?parent=42073"}],"curies":[{"name":"wp","href":"https:\/\/api.w.org\/{rel}","templated":true}]}}