{"id":42072,"date":"2020-04-28T15:42:53","date_gmt":"2020-04-28T13:42:53","guid":{"rendered":"https:\/\/stoomtrein.org\/donateur-worden\/"},"modified":"2021-09-14T10:43:44","modified_gmt":"2021-09-14T08:43:44","slug":"spender-werden","status":"publish","type":"page","link":"https:\/\/stoomtrein.org\/de\/spender-werden\/","title":{"rendered":"Spender werden?"},"content":{"rendered":"<div class=\"wpb-content-wrapper\">[vc_row full_width=&#8220;stretch_row&#8220; css=&#8220;.vc_custom_1591556292418{background-image: url(https:\/\/stoomtrein.org\/wp-content\/uploads\/2020\/06\/Header10.jpg?id=7916) !important;background-position: center !important;background-repeat: no-repeat !important;background-size: cover !important;}&#8220;][vc_column][vc_single_image image=&#8220;6131&#8243; img_size=&#8220;149 x 149&#8243; alignment=&#8220;right&#8220; css=&#8220;.vc_custom_1589877900613{margin-top: 28% !important;margin-right: 1% !important;margin-bottom: 3% !important;}&#8220; visibility=&#8220;hidden-phone&#8220;][vc_single_image image=&#8220;6131&#8243; img_size=&#8220;90 x 90&#8243; alignment=&#8220;right&#8220; css=&#8220;.vc_custom_1589877889038{margin-top: 28% !important;margin-right: 1% !important;margin-bottom: 3% !important;}&#8220; visibility=&#8220;visible-phone&#8220;][\/vc_column][\/vc_row][vc_row equal_height=&#8220;yes&#8220; css=&#8220;.vc_custom_1589527958749{margin-top: 8% !important;margin-bottom: 2% !important;}&#8220;][vc_column width=&#8220;1\/2&#8243;]<style>.vcex-heading.vcex_69dd35c60c544{color:#1d1d1d;font-size:55px;font-family:'Crete Round';font-style:italic;line-height:1.18;}@media (max-width:767px){.vcex-heading.vcex_69dd35c60c544{font-size:40px;}}@media (max-width:479px){.vcex-heading.vcex_69dd35c60c544{font-size:40px;}}<\/style><h1 class=\"vcex-heading vcex-heading-plain vcex-module wpex-heading wpex-text-2xl wpex-text-left vc_custom_1627247417259 vcex_69dd35c60c544\"><span class=\"vcex-heading-inner wpex-inline-block\">Unterst\u00fctzen Sie die VSM!<\/span><\/h1>[vc_column_text css=&#8220;.vc_custom_1627247466698{margin-top: 24px !important;margin-bottom: 16px !important;}&#8220; text_align=&#8220;left&#8220;]Die VSM ben\u00f6tigt auch Ihre Unterst\u00fctzung, um unser Eisenbahnmuseum zu unterhalten. Als Spender unterst\u00fctzen Sie die Instandhaltung unserer historischen Lokomotiven und Wagen.<\/p>\n<p>Mit einem Mindestbeitrag von 22,50 \u20ac pro Kalenderjahr sind Sie bereits Spender. Sie erhalten dreimal im Jahr unser Informationsblatt De Koppelstang. Hier informieren wir Sie in Wort und Bild \u00fcber die Aktivit\u00e4ten von und bei der VSM. Wenn Sie 35 \u20ac oder mehr beisteuern, erhalten Sie zus\u00e4tzlich zu De Koppelstang eine Freikarte, die Sie zu einer Zugfahrt f\u00fcr eine Person an einem der Fahrtage der VSM berechtigt.<\/p>\n<p>F\u00fcr Spender, die au\u00dferhalb der Niederlande leben, gilt ein h\u00f6herer Beitrag von 5 \u20ac, also einen Mindestbeitrag von 27,50 \u20ac bzw. 40 \u20ac. Dies im Zusammenhang mit den h\u00f6heren Kosten f\u00fcr den Versand von De Koppelstang.<\/p>\n<p>Sie k\u00f6nnen sich anmelden, indem Sie Ihren Beitrag auf eines der folgenden Bankkonten einzahlen:<\/p>\n<p>ING Bank: NL83 INGB 0004 1441 12 (Stichting Veluwsche Stoomtrein Maatschappij);<br \/>\nRabobank: NL62 RABO 0393 3923 33 (Stichting Veluwsche Stoomtrein Maatschappij),<br \/>\nmit der Angabe \u201eNeuer Spender\u201c.<\/p>\n<p>Wir bitten Sie, Ihre vollst\u00e4ndige Adresse und eventuell Ihre E-Mail-Adresse unter \u201eMitteilungen\u201c bei Ihrer \u00dcberweisung anzugeben.<\/p>\n<p>Sie k\u00f6nnen mit Ihrem Beitrag auch verschiedene Projekte unterst\u00fctzen, beispielsweise die \u00dcberholung der 80 036. Sie k\u00f6nnen Ihren Beitrag zu diesen Fonds \u00fcberweisen, indem Sie den gew\u00fcnschten Betrag unter der Beschreibung \u201eFonds\u201c mit der Loknummer auf unser Bankkonto \u00fcberweisen.[\/vc_column_text][vc_column_text italic=&#8220;true&#8220; css=&#8220;.vc_custom_1631609021088{margin-top: 24px !important;margin-bottom: 16px !important;}&#8220; text_align=&#8220;left&#8220;]- Der Text wird unter dem Foto fortgesetzt -[\/vc_column_text][\/vc_column][vc_column width=&#8220;1\/2&#8243;]<figure class=\"vcex-image vcex-module wpex-text-right\"><div class=\"vcex-image-inner wpex-relative wpex-inline-block\"><img loading=\"lazy\" class=\"vcex-image-img wpex-align-middle\" decoding=\"async\" src=\"https:\/\/stoomtrein.org\/wp-content\/uploads\/2020\/05\/Donateur-500x600.jpg\" alt=\"\" width=\"500\" height=\"600\"><\/div><\/figure>[\/vc_column][\/vc_row][vc_row full_width=&#8220;stretch_row&#8220; parallax=&#8220;vcex_parallax&#8220; parallax_image=&#8220;7907&#8243; parallax_style=&#8220;fixed-no-repeat&#8220; parallax_speed=&#8220;0.5&#8243; visibility=&#8220;hidden-phone&#8220;][vc_column]<div class=\"vcex-spacing wpex-w-100 wpex-clear visible-phone\" style=\"height:150px;\"><\/div><style>.vcex-heading.vcex_69dd35c611f98{width:80%;color:#fdfdfd;font-size:90px;font-family:'Crete Round';font-style:italic;line-height:1;}@media (max-width:767px){.vcex-heading.vcex_69dd35c611f98{font-size:55px;}}@media (max-width:479px){.vcex-heading.vcex_69dd35c611f98{font-size:55px;}}<\/style><div class=\"vcex-heading vcex-heading-plain vcex-module wpex-heading wpex-text-2xl wpex-text-left wpex-max-w-100 wpex-mr-auto vc_custom_1590607772068 headingshadow vcex_69dd35c611f98\"><span class=\"vcex-heading-inner wpex-inline-block\">Magazine voor donateurs<\/span><\/div>[\/vc_column][\/vc_row][vc_row full_width=&#8220;stretch_row&#8220; css=&#8220;.vc_custom_1589527979606{margin-top: 8% !important;margin-bottom: 8% !important;}&#8220;][vc_column width=&#8220;2\/3&#8243;]<style>.vcex-heading.vcex_69dd35c612995{color:#1d1d1d;font-size:33px;font-family:'Crete Round';}<\/style><h3 class=\"vcex-heading vcex-heading-plain vcex-module wpex-heading wpex-text-2xl wpex-text-left vcex_69dd35c612995\"><span class=\"vcex-heading-inner wpex-inline-block\">De Koppelstang<\/span><\/h3>[vc_column_text css=&#8220;.vc_custom_1627247500137{margin-top: 24px !important;margin-bottom: 16px !important;}&#8220; text_align=&#8220;left&#8220;]&#8220;De Koppelstang&#8220; ist der Newsletter der Stiftung VSM und erscheint dreimal im Jahr f\u00fcr alle Spender der VSM-Stiftung. Neben allen \u00fcblichen Informationen, wie dem Editorial, den Kurznachrichten und diversen Fotos, finden Sie alle m\u00f6glichen Themenst\u00fccke, Berichte und stimmungsvolle Geschichten rund um die Aktivit\u00e4ten rund um den VSM.[\/vc_column_text][\/vc_column][vc_column width=&#8220;1\/3&#8243;]<figure class=\"vcex-image vcex-module wpex-text-right\"><div class=\"vcex-image-inner wpex-relative wpex-inline-block\"><img loading=\"lazy\" class=\"vcex-image-img wpex-align-middle\" decoding=\"async\" src=\"https:\/\/stoomtrein.org\/wp-content\/uploads\/2021\/04\/Koppelstang21.jpg\" alt=\"\" width=\"207\" height=\"281\"><\/div><\/figure>[\/vc_column][\/vc_row]\n<\/div>","protected":false},"excerpt":{"rendered":"<p>[vc_row full_width=&#8220;stretch_row&#8220; css=&#8220;.vc_custom_1591556292418{background-image: url(https:\/\/stoomtrein.org\/wp-content\/uploads\/2020\/06\/Header10.jpg?id=7916) !important;background-position: center !important;background-repeat: no-repeat !important;background-size: cover !important;}&#8220;][vc_column][vc_single_image image=&#8220;6131&#8243; img_size=&#8220;149 x 149&#8243; alignment=&#8220;right&#8220; css=&#8220;.vc_custom_1589877900613{margin-top: 28% !important;margin-right: 1% !important;margin-bottom: 3% !important;}&#8220; visibility=&#8220;hidden-phone&#8220;][vc_single_image image=&#8220;6131&#8243; img_size=&#8220;90 x 90&#8243; alignment=&#8220;right&#8220; css=&#8220;.vc_custom_1589877889038{margin-top: 28% !important;margin-right: 1% !important;margin-bottom: 3% !important;}&#8220; visibility=&#8220;visible-phone&#8220;][\/vc_column][\/vc_row][vc_row equal_height=&#8220;yes&#8220; css=&#8220;.vc_custom_1589527958749{margin-top: 8% !important;margin-bottom: 2% !important;}&#8220;][vc_column width=&#8220;1\/2&#8243;][vc_column_text css=&#8220;.vc_custom_1627247466698{margin-top: 24px !important;margin-bottom: 16px !important;}&#8220; text_align=&#8220;left&#8220;]Die VSM ben\u00f6tigt auch Ihre Unterst\u00fctzung,&hellip;<\/p>\n","protected":false},"author":5,"featured_media":0,"parent":0,"menu_order":0,"comment_status":"closed","ping_status":"closed","template":"","meta":{"footnotes":""},"class_list":["post-42072","page","type-page","status-publish","hentry","entry","no-media"],"yoast_head":"<!-- This site is optimized with the Yoast SEO plugin v26.9 - https:\/\/yoast.com\/product\/yoast-seo-wordpress\/ -->\n<title>Spender werden? - VSM - Stap in en reis mee!<\/title>\n<meta name=\"robots\" content=\"index, follow, max-snippet:-1, max-image-preview:large, max-video-preview:-1\" \/>\n<link rel=\"canonical\" href=\"https:\/\/stoomtrein.org\/de\/spender-werden\/\" \/>\n<meta property=\"og:locale\" content=\"de_DE\" \/>\n<meta property=\"og:type\" content=\"article\" \/>\n<meta property=\"og:title\" content=\"Spender werden? - VSM - Stap in en reis mee!\" \/>\n<meta property=\"og:description\" content=\"[vc_row full_width=&#8220;stretch_row&#8220; css=&#8220;.vc_custom_1591556292418{background-image: url(https:\/\/stoomtrein.org\/wp-content\/uploads\/2020\/06\/Header10.jpg?id=7916) !important;background-position: center !important;background-repeat: no-repeat !important;background-size: cover !important;}&#8220;][vc_column][vc_single_image image=&#8220;6131&#8243; img_size=&#8220;149 x 149&#8243; alignment=&#8220;right&#8220; css=&#8220;.vc_custom_1589877900613{margin-top: 28% !important;margin-right: 1% !important;margin-bottom: 3% !important;}&#8220; visibility=&#8220;hidden-phone&#8220;][vc_single_image image=&#8220;6131&#8243; img_size=&#8220;90 x 90&#8243; alignment=&#8220;right&#8220; css=&#8220;.vc_custom_1589877889038{margin-top: 28% !important;margin-right: 1% !important;margin-bottom: 3% !important;}&#8220; visibility=&#8220;visible-phone&#8220;][\/vc_column][\/vc_row][vc_row equal_height=&#8220;yes&#8220; css=&#8220;.vc_custom_1589527958749{margin-top: 8% !important;margin-bottom: 2% !important;}&#8220;][vc_column width=&#8220;1\/2&#8243;][vc_column_text css=&#8220;.vc_custom_1627247466698{margin-top: 24px !important;margin-bottom: 16px !important;}&#8220; text_align=&#8220;left&#8220;]Die VSM ben\u00f6tigt auch Ihre Unterst\u00fctzung,&hellip;\" \/>\n<meta property=\"og:url\" content=\"https:\/\/stoomtrein.org\/de\/spender-werden\/\" \/>\n<meta property=\"og:site_name\" content=\"VSM - Stap in en reis mee!\" \/>\n<meta property=\"article:modified_time\" content=\"2021-09-14T08:43:44+00:00\" \/>\n<meta name=\"twitter:card\" content=\"summary_large_image\" \/>\n<meta name=\"twitter:label1\" content=\"Gesch\u00e4tzte Lesezeit\" \/>\n\t<meta name=\"twitter:data1\" content=\"3\u00a0Minuten\" \/>\n<script type=\"application\/ld+json\" class=\"yoast-schema-graph\">{\"@context\":\"https:\/\/schema.org\",\"@graph\":[{\"@type\":\"WebPage\",\"@id\":\"https:\/\/stoomtrein.org\/de\/spender-werden\/\",\"url\":\"https:\/\/stoomtrein.org\/de\/spender-werden\/\",\"name\":\"Spender werden? - VSM - Stap in en reis mee!\",\"isPartOf\":{\"@id\":\"https:\/\/stoomtrein.org\/#website\"},\"datePublished\":\"2020-04-28T13:42:53+00:00\",\"dateModified\":\"2021-09-14T08:43:44+00:00\",\"breadcrumb\":{\"@id\":\"https:\/\/stoomtrein.org\/de\/spender-werden\/#breadcrumb\"},\"inLanguage\":\"de\",\"potentialAction\":[{\"@type\":\"ReadAction\",\"target\":[\"https:\/\/stoomtrein.org\/de\/spender-werden\/\"]}]},{\"@type\":\"BreadcrumbList\",\"@id\":\"https:\/\/stoomtrein.org\/de\/spender-werden\/#breadcrumb\",\"itemListElement\":[{\"@type\":\"ListItem\",\"position\":1,\"name\":\"Home\",\"item\":\"https:\/\/stoomtrein.org\/de\/home\/\"},{\"@type\":\"ListItem\",\"position\":2,\"name\":\"Spender werden?\"}]},{\"@type\":\"WebSite\",\"@id\":\"https:\/\/stoomtrein.org\/#website\",\"url\":\"https:\/\/stoomtrein.org\/\",\"name\":\"VSM - Stap in en reis mee!\",\"description\":\"\u00c9\u00e9n van de leukste uitjes van Gelderland.\",\"publisher\":{\"@id\":\"https:\/\/stoomtrein.org\/#organization\"},\"potentialAction\":[{\"@type\":\"SearchAction\",\"target\":{\"@type\":\"EntryPoint\",\"urlTemplate\":\"https:\/\/stoomtrein.org\/?s={search_term_string}\"},\"query-input\":{\"@type\":\"PropertyValueSpecification\",\"valueRequired\":true,\"valueName\":\"search_term_string\"}}],\"inLanguage\":\"de\"},{\"@type\":\"Organization\",\"@id\":\"https:\/\/stoomtrein.org\/#organization\",\"name\":\"VSM - Stap in en reis mee!\",\"url\":\"https:\/\/stoomtrein.org\/\",\"logo\":{\"@type\":\"ImageObject\",\"inLanguage\":\"de\",\"@id\":\"https:\/\/stoomtrein.org\/#\/schema\/logo\/image\/\",\"url\":\"https:\/\/stoomtrein.org\/wp-content\/uploads\/2020\/04\/Logo-heel.png\",\"contentUrl\":\"https:\/\/stoomtrein.org\/wp-content\/uploads\/2020\/04\/Logo-heel.png\",\"width\":967,\"height\":1943,\"caption\":\"VSM - Stap in en reis mee!\"},\"image\":{\"@id\":\"https:\/\/stoomtrein.org\/#\/schema\/logo\/image\/\"}}]}<\/script>\n<!-- \/ Yoast SEO plugin. -->","yoast_head_json":{"title":"Spender werden? - VSM - Stap in en reis mee!","robots":{"index":"index","follow":"follow","max-snippet":"max-snippet:-1","max-image-preview":"max-image-preview:large","max-video-preview":"max-video-preview:-1"},"canonical":"https:\/\/stoomtrein.org\/de\/spender-werden\/","og_locale":"de_DE","og_type":"article","og_title":"Spender werden? - VSM - Stap in en reis mee!","og_description":"[vc_row full_width=&#8220;stretch_row&#8220; css=&#8220;.vc_custom_1591556292418{background-image: url(https:\/\/stoomtrein.org\/wp-content\/uploads\/2020\/06\/Header10.jpg?id=7916) !important;background-position: center !important;background-repeat: no-repeat !important;background-size: cover !important;}&#8220;][vc_column][vc_single_image image=&#8220;6131&#8243; img_size=&#8220;149 x 149&#8243; alignment=&#8220;right&#8220; css=&#8220;.vc_custom_1589877900613{margin-top: 28% !important;margin-right: 1% !important;margin-bottom: 3% !important;}&#8220; visibility=&#8220;hidden-phone&#8220;][vc_single_image image=&#8220;6131&#8243; img_size=&#8220;90 x 90&#8243; alignment=&#8220;right&#8220; css=&#8220;.vc_custom_1589877889038{margin-top: 28% !important;margin-right: 1% !important;margin-bottom: 3% !important;}&#8220; visibility=&#8220;visible-phone&#8220;][\/vc_column][\/vc_row][vc_row equal_height=&#8220;yes&#8220; css=&#8220;.vc_custom_1589527958749{margin-top: 8% !important;margin-bottom: 2% !important;}&#8220;][vc_column width=&#8220;1\/2&#8243;][vc_column_text css=&#8220;.vc_custom_1627247466698{margin-top: 24px !important;margin-bottom: 16px !important;}&#8220; text_align=&#8220;left&#8220;]Die VSM ben\u00f6tigt auch Ihre Unterst\u00fctzung,&hellip;","og_url":"https:\/\/stoomtrein.org\/de\/spender-werden\/","og_site_name":"VSM - Stap in en reis mee!","article_modified_time":"2021-09-14T08:43:44+00:00","twitter_card":"summary_large_image","twitter_misc":{"Gesch\u00e4tzte Lesezeit":"3\u00a0Minuten"},"schema":{"@context":"https:\/\/schema.org","@graph":[{"@type":"WebPage","@id":"https:\/\/stoomtrein.org\/de\/spender-werden\/","url":"https:\/\/stoomtrein.org\/de\/spender-werden\/","name":"Spender werden? - VSM - Stap in en reis mee!","isPartOf":{"@id":"https:\/\/stoomtrein.org\/#website"},"datePublished":"2020-04-28T13:42:53+00:00","dateModified":"2021-09-14T08:43:44+00:00","breadcrumb":{"@id":"https:\/\/stoomtrein.org\/de\/spender-werden\/#breadcrumb"},"inLanguage":"de","potentialAction":[{"@type":"ReadAction","target":["https:\/\/stoomtrein.org\/de\/spender-werden\/"]}]},{"@type":"BreadcrumbList","@id":"https:\/\/stoomtrein.org\/de\/spender-werden\/#breadcrumb","itemListElement":[{"@type":"ListItem","position":1,"name":"Home","item":"https:\/\/stoomtrein.org\/de\/home\/"},{"@type":"ListItem","position":2,"name":"Spender werden?"}]},{"@type":"WebSite","@id":"https:\/\/stoomtrein.org\/#website","url":"https:\/\/stoomtrein.org\/","name":"VSM - Stap in en reis mee!","description":"\u00c9\u00e9n van de leukste uitjes van Gelderland.","publisher":{"@id":"https:\/\/stoomtrein.org\/#organization"},"potentialAction":[{"@type":"SearchAction","target":{"@type":"EntryPoint","urlTemplate":"https:\/\/stoomtrein.org\/?s={search_term_string}"},"query-input":{"@type":"PropertyValueSpecification","valueRequired":true,"valueName":"search_term_string"}}],"inLanguage":"de"},{"@type":"Organization","@id":"https:\/\/stoomtrein.org\/#organization","name":"VSM - Stap in en reis mee!","url":"https:\/\/stoomtrein.org\/","logo":{"@type":"ImageObject","inLanguage":"de","@id":"https:\/\/stoomtrein.org\/#\/schema\/logo\/image\/","url":"https:\/\/stoomtrein.org\/wp-content\/uploads\/2020\/04\/Logo-heel.png","contentUrl":"https:\/\/stoomtrein.org\/wp-content\/uploads\/2020\/04\/Logo-heel.png","width":967,"height":1943,"caption":"VSM - Stap in en reis mee!"},"image":{"@id":"https:\/\/stoomtrein.org\/#\/schema\/logo\/image\/"}}]}},"jetpack_sharing_enabled":true,"_links":{"self":[{"href":"https:\/\/stoomtrein.org\/de\/wp-json\/wp\/v2\/pages\/42072","targetHints":{"allow":["GET"]}}],"collection":[{"href":"https:\/\/stoomtrein.org\/de\/wp-json\/wp\/v2\/pages"}],"about":[{"href":"https:\/\/stoomtrein.org\/de\/wp-json\/wp\/v2\/types\/page"}],"author":[{"embeddable":true,"href":"https:\/\/stoomtrein.org\/de\/wp-json\/wp\/v2\/users\/5"}],"replies":[{"embeddable":true,"href":"https:\/\/stoomtrein.org\/de\/wp-json\/wp\/v2\/comments?post=42072"}],"version-history":[{"count":2,"href":"https:\/\/stoomtrein.org\/de\/wp-json\/wp\/v2\/pages\/42072\/revisions"}],"predecessor-version":[{"id":50791,"href":"https:\/\/stoomtrein.org\/de\/wp-json\/wp\/v2\/pages\/42072\/revisions\/50791"}],"wp:attachment":[{"href":"https:\/\/stoomtrein.org\/de\/wp-json\/wp\/v2\/media?parent=42072"}],"curies":[{"name":"wp","href":"https:\/\/api.w.org\/{rel}","templated":true}]}}