{"id":42059,"date":"2020-06-10T13:25:43","date_gmt":"2020-06-10T11:25:43","guid":{"rendered":"https:\/\/stoomtrein.org\/cookies\/"},"modified":"2021-09-14T10:26:52","modified_gmt":"2021-09-14T08:26:52","slug":"cookies","status":"publish","type":"page","link":"https:\/\/stoomtrein.org\/de\/cookies\/","title":{"rendered":"Cookies"},"content":{"rendered":"<div class=\"wpb-content-wrapper\">[vc_row full_width=&#8220;stretch_row&#8220; css=&#8220;.vc_custom_1588583783282{background-image: url(https:\/\/stoomtrein.org\/wp-content\/uploads\/2020\/04\/Header-004-klein.jpg?id=6595) !important;background-position: center !important;background-repeat: no-repeat !important;background-size: cover !important;}&#8220;][vc_column][vc_single_image image=&#8220;6131&#8243; img_size=&#8220;149 x 149&#8243; alignment=&#8220;right&#8220; css=&#8220;.vc_custom_1589878182563{margin-top: 28% !important;margin-right: 1% !important;margin-bottom: 3% !important;}&#8220; visibility=&#8220;hidden-phone&#8220;][vc_single_image image=&#8220;6131&#8243; img_size=&#8220;90 x 90&#8243; alignment=&#8220;right&#8220; css=&#8220;.vc_custom_1589878169600{margin-top: 28% !important;margin-right: 1% !important;margin-bottom: 3% !important;}&#8220; visibility=&#8220;visible-phone&#8220;][\/vc_column][\/vc_row][vc_row full_width=&#8220;stretch_row&#8220; equal_height=&#8220;yes&#8220; css=&#8220;.vc_custom_1589466101232{margin-top: 8% !important;margin-bottom: 2% !important;}&#8220;][vc_column width=&#8220;1\/6&#8243; el_id=&#8220;equal-height-content&#8220;][\/vc_column][vc_column width=&#8220;2\/3&#8243;]<style>.vcex-heading.vcex_69dd32d17891a{color:#1d1d1d;font-size:55px;font-family:'Crete Round';font-style:italic;line-height:1.18;}@media (max-width:767px){.vcex-heading.vcex_69dd32d17891a{font-size:40px;}}@media (max-width:479px){.vcex-heading.vcex_69dd32d17891a{font-size:40px;}}<\/style><h1 class=\"vcex-heading vcex-heading-plain vcex-module wpex-heading wpex-text-2xl wpex-text-left vc_custom_1591788110780 vcex_69dd32d17891a\"><span class=\"vcex-heading-inner wpex-inline-block\">Cookies<\/span><\/h1>[vc_column_text css=&#8220;.vc_custom_1631608008315{margin-top: 24px !important;margin-bottom: 16px !important;}&#8220; text_align=&#8220;left&#8220;]<strong>Was machen Cookies?<\/strong><br \/>\nCookies sind kleine Textdateien, die wir auf Ihrem Computer, Tablet oder Mobiltelefon ablegen, wenn Sie www.stoomtrein.org besuchen. Diese Cookies speichern Informationen \u00fcber Ihren Besuch. Bei Ihrem n\u00e4chsten Besuch mit demselben Ger\u00e4t werden die Informationen in dieser Textdatei konsultiert, damit wir Sie erkennen k\u00f6nnen.<\/p>\n<p><strong>Welche Cookies verwendet die VSM?<\/strong><br \/>\nDie VSM verwendet auf ihrer Website Cookies. Es gibt verschiedene Arten von Cookies. In einigen F\u00e4llen werden Cookies automatisch gel\u00f6scht, wenn Sie Ihren Browser schlie\u00dfen. In anderen F\u00e4llen werden diese Cookies l\u00e4nger gespeichert und k\u00f6nnen bei einem sp\u00e4teren Besuch gelesen werden.<\/p>\n<ol>\n<li><span style=\"text-decoration: underline;\">Cookies f\u00fcr Website-Statistiken<\/span><br \/>\nWir verwenden Cookies, um zu analysieren, welche Seiten am h\u00e4ufigsten besucht werden, \u00fcber welchen Browser Benutzer surfen (Internet Explorer, Chrome, Firefox, Safari usw.), ob Sie einen gro\u00dfen Bildschirm haben usw. Auf dieser Grundlage k\u00f6nnen wir unsere Website kontinuierlich verbessern. Die in den Cookies gespeicherten Informationen werden nur von der VSM verwendet. Die VSM verwendet keine Werbenetzwerke und nat\u00fcrlich werden Daten ohne Ihre Erlaubnis nicht an Dritte weitergegeben.<\/li>\n<li><span style=\"text-decoration: underline;\">Cookies von externen Parteien<\/span><br \/>\nAuf einigen Seiten nutzen wir soziale Medien. Wir finden es praktisch, die Tweets und Videos auf unseren Websites zu ver\u00f6ffentlichen. Diese externen Parteien analysieren wiederum das Klickverhalten der Besucher.<\/li>\n<\/ol>\n[\/vc_column_text][\/vc_column][vc_column width=&#8220;1\/6&#8243;][\/vc_column][\/vc_row]\n<\/div>","protected":false},"excerpt":{"rendered":"<p>[vc_row full_width=&#8220;stretch_row&#8220; css=&#8220;.vc_custom_1588583783282{background-image: url(https:\/\/stoomtrein.org\/wp-content\/uploads\/2020\/04\/Header-004-klein.jpg?id=6595) !important;background-position: center !important;background-repeat: no-repeat !important;background-size: cover !important;}&#8220;][vc_column][vc_single_image image=&#8220;6131&#8243; img_size=&#8220;149 x 149&#8243; alignment=&#8220;right&#8220; css=&#8220;.vc_custom_1589878182563{margin-top: 28% !important;margin-right: 1% !important;margin-bottom: 3% !important;}&#8220; visibility=&#8220;hidden-phone&#8220;][vc_single_image image=&#8220;6131&#8243; img_size=&#8220;90 x 90&#8243; alignment=&#8220;right&#8220; css=&#8220;.vc_custom_1589878169600{margin-top: 28% !important;margin-right: 1% !important;margin-bottom: 3% !important;}&#8220; visibility=&#8220;visible-phone&#8220;][\/vc_column][\/vc_row][vc_row full_width=&#8220;stretch_row&#8220; equal_height=&#8220;yes&#8220; css=&#8220;.vc_custom_1589466101232{margin-top: 8% !important;margin-bottom: 2% !important;}&#8220;][vc_column width=&#8220;1\/6&#8243; el_id=&#8220;equal-height-content&#8220;][\/vc_column][vc_column width=&#8220;2\/3&#8243;][vc_column_text css=&#8220;.vc_custom_1631608008315{margin-top: 24px !important;margin-bottom: 16px !important;}&#8220; text_align=&#8220;left&#8220;]Was machen Cookies?&hellip;<\/p>\n","protected":false},"author":7,"featured_media":0,"parent":0,"menu_order":0,"comment_status":"closed","ping_status":"closed","template":"","meta":{"footnotes":""},"class_list":["post-42059","page","type-page","status-publish","hentry","entry","no-media"],"yoast_head":"<!-- This site is optimized with the Yoast SEO plugin v26.9 - https:\/\/yoast.com\/product\/yoast-seo-wordpress\/ -->\n<title>Cookies - VSM - Stap in en reis mee!<\/title>\n<meta name=\"robots\" content=\"index, follow, max-snippet:-1, max-image-preview:large, max-video-preview:-1\" \/>\n<link rel=\"canonical\" href=\"https:\/\/stoomtrein.org\/de\/cookies\/\" \/>\n<meta property=\"og:locale\" content=\"de_DE\" \/>\n<meta property=\"og:type\" content=\"article\" \/>\n<meta property=\"og:title\" content=\"Cookies - VSM - Stap in en reis mee!\" \/>\n<meta property=\"og:description\" content=\"[vc_row full_width=&#8220;stretch_row&#8220; css=&#8220;.vc_custom_1588583783282{background-image: url(https:\/\/stoomtrein.org\/wp-content\/uploads\/2020\/04\/Header-004-klein.jpg?id=6595) !important;background-position: center !important;background-repeat: no-repeat !important;background-size: cover !important;}&#8220;][vc_column][vc_single_image image=&#8220;6131&#8243; img_size=&#8220;149 x 149&#8243; alignment=&#8220;right&#8220; css=&#8220;.vc_custom_1589878182563{margin-top: 28% !important;margin-right: 1% !important;margin-bottom: 3% !important;}&#8220; visibility=&#8220;hidden-phone&#8220;][vc_single_image image=&#8220;6131&#8243; img_size=&#8220;90 x 90&#8243; alignment=&#8220;right&#8220; css=&#8220;.vc_custom_1589878169600{margin-top: 28% !important;margin-right: 1% !important;margin-bottom: 3% !important;}&#8220; visibility=&#8220;visible-phone&#8220;][\/vc_column][\/vc_row][vc_row full_width=&#8220;stretch_row&#8220; equal_height=&#8220;yes&#8220; css=&#8220;.vc_custom_1589466101232{margin-top: 8% !important;margin-bottom: 2% !important;}&#8220;][vc_column width=&#8220;1\/6&#8243; el_id=&#8220;equal-height-content&#8220;][\/vc_column][vc_column width=&#8220;2\/3&#8243;][vc_column_text css=&#8220;.vc_custom_1631608008315{margin-top: 24px !important;margin-bottom: 16px !important;}&#8220; text_align=&#8220;left&#8220;]Was machen Cookies?&hellip;\" \/>\n<meta property=\"og:url\" content=\"https:\/\/stoomtrein.org\/de\/cookies\/\" \/>\n<meta property=\"og:site_name\" content=\"VSM - Stap in en reis mee!\" \/>\n<meta property=\"article:modified_time\" content=\"2021-09-14T08:26:52+00:00\" \/>\n<meta name=\"twitter:card\" content=\"summary_large_image\" \/>\n<meta name=\"twitter:label1\" content=\"Gesch\u00e4tzte Lesezeit\" \/>\n\t<meta name=\"twitter:data1\" content=\"2\u00a0Minuten\" \/>\n<script type=\"application\/ld+json\" class=\"yoast-schema-graph\">{\"@context\":\"https:\/\/schema.org\",\"@graph\":[{\"@type\":\"WebPage\",\"@id\":\"https:\/\/stoomtrein.org\/de\/cookies\/\",\"url\":\"https:\/\/stoomtrein.org\/de\/cookies\/\",\"name\":\"Cookies - VSM - Stap in en reis mee!\",\"isPartOf\":{\"@id\":\"https:\/\/stoomtrein.org\/#website\"},\"datePublished\":\"2020-06-10T11:25:43+00:00\",\"dateModified\":\"2021-09-14T08:26:52+00:00\",\"breadcrumb\":{\"@id\":\"https:\/\/stoomtrein.org\/de\/cookies\/#breadcrumb\"},\"inLanguage\":\"de\",\"potentialAction\":[{\"@type\":\"ReadAction\",\"target\":[\"https:\/\/stoomtrein.org\/de\/cookies\/\"]}]},{\"@type\":\"BreadcrumbList\",\"@id\":\"https:\/\/stoomtrein.org\/de\/cookies\/#breadcrumb\",\"itemListElement\":[{\"@type\":\"ListItem\",\"position\":1,\"name\":\"Home\",\"item\":\"https:\/\/stoomtrein.org\/de\/home\/\"},{\"@type\":\"ListItem\",\"position\":2,\"name\":\"Cookies\"}]},{\"@type\":\"WebSite\",\"@id\":\"https:\/\/stoomtrein.org\/#website\",\"url\":\"https:\/\/stoomtrein.org\/\",\"name\":\"VSM - Stap in en reis mee!\",\"description\":\"\u00c9\u00e9n van de leukste uitjes van Gelderland.\",\"publisher\":{\"@id\":\"https:\/\/stoomtrein.org\/#organization\"},\"potentialAction\":[{\"@type\":\"SearchAction\",\"target\":{\"@type\":\"EntryPoint\",\"urlTemplate\":\"https:\/\/stoomtrein.org\/?s={search_term_string}\"},\"query-input\":{\"@type\":\"PropertyValueSpecification\",\"valueRequired\":true,\"valueName\":\"search_term_string\"}}],\"inLanguage\":\"de\"},{\"@type\":\"Organization\",\"@id\":\"https:\/\/stoomtrein.org\/#organization\",\"name\":\"VSM - Stap in en reis mee!\",\"url\":\"https:\/\/stoomtrein.org\/\",\"logo\":{\"@type\":\"ImageObject\",\"inLanguage\":\"de\",\"@id\":\"https:\/\/stoomtrein.org\/#\/schema\/logo\/image\/\",\"url\":\"https:\/\/stoomtrein.org\/wp-content\/uploads\/2020\/04\/Logo-heel.png\",\"contentUrl\":\"https:\/\/stoomtrein.org\/wp-content\/uploads\/2020\/04\/Logo-heel.png\",\"width\":967,\"height\":1943,\"caption\":\"VSM - Stap in en reis mee!\"},\"image\":{\"@id\":\"https:\/\/stoomtrein.org\/#\/schema\/logo\/image\/\"}}]}<\/script>\n<!-- \/ Yoast SEO plugin. -->","yoast_head_json":{"title":"Cookies - VSM - Stap in en reis mee!","robots":{"index":"index","follow":"follow","max-snippet":"max-snippet:-1","max-image-preview":"max-image-preview:large","max-video-preview":"max-video-preview:-1"},"canonical":"https:\/\/stoomtrein.org\/de\/cookies\/","og_locale":"de_DE","og_type":"article","og_title":"Cookies - VSM - Stap in en reis mee!","og_description":"[vc_row full_width=&#8220;stretch_row&#8220; css=&#8220;.vc_custom_1588583783282{background-image: url(https:\/\/stoomtrein.org\/wp-content\/uploads\/2020\/04\/Header-004-klein.jpg?id=6595) !important;background-position: center !important;background-repeat: no-repeat !important;background-size: cover !important;}&#8220;][vc_column][vc_single_image image=&#8220;6131&#8243; img_size=&#8220;149 x 149&#8243; alignment=&#8220;right&#8220; css=&#8220;.vc_custom_1589878182563{margin-top: 28% !important;margin-right: 1% !important;margin-bottom: 3% !important;}&#8220; visibility=&#8220;hidden-phone&#8220;][vc_single_image image=&#8220;6131&#8243; img_size=&#8220;90 x 90&#8243; alignment=&#8220;right&#8220; css=&#8220;.vc_custom_1589878169600{margin-top: 28% !important;margin-right: 1% !important;margin-bottom: 3% !important;}&#8220; visibility=&#8220;visible-phone&#8220;][\/vc_column][\/vc_row][vc_row full_width=&#8220;stretch_row&#8220; equal_height=&#8220;yes&#8220; css=&#8220;.vc_custom_1589466101232{margin-top: 8% !important;margin-bottom: 2% !important;}&#8220;][vc_column width=&#8220;1\/6&#8243; el_id=&#8220;equal-height-content&#8220;][\/vc_column][vc_column width=&#8220;2\/3&#8243;][vc_column_text css=&#8220;.vc_custom_1631608008315{margin-top: 24px !important;margin-bottom: 16px !important;}&#8220; text_align=&#8220;left&#8220;]Was machen Cookies?&hellip;","og_url":"https:\/\/stoomtrein.org\/de\/cookies\/","og_site_name":"VSM - Stap in en reis mee!","article_modified_time":"2021-09-14T08:26:52+00:00","twitter_card":"summary_large_image","twitter_misc":{"Gesch\u00e4tzte Lesezeit":"2\u00a0Minuten"},"schema":{"@context":"https:\/\/schema.org","@graph":[{"@type":"WebPage","@id":"https:\/\/stoomtrein.org\/de\/cookies\/","url":"https:\/\/stoomtrein.org\/de\/cookies\/","name":"Cookies - VSM - Stap in en reis mee!","isPartOf":{"@id":"https:\/\/stoomtrein.org\/#website"},"datePublished":"2020-06-10T11:25:43+00:00","dateModified":"2021-09-14T08:26:52+00:00","breadcrumb":{"@id":"https:\/\/stoomtrein.org\/de\/cookies\/#breadcrumb"},"inLanguage":"de","potentialAction":[{"@type":"ReadAction","target":["https:\/\/stoomtrein.org\/de\/cookies\/"]}]},{"@type":"BreadcrumbList","@id":"https:\/\/stoomtrein.org\/de\/cookies\/#breadcrumb","itemListElement":[{"@type":"ListItem","position":1,"name":"Home","item":"https:\/\/stoomtrein.org\/de\/home\/"},{"@type":"ListItem","position":2,"name":"Cookies"}]},{"@type":"WebSite","@id":"https:\/\/stoomtrein.org\/#website","url":"https:\/\/stoomtrein.org\/","name":"VSM - Stap in en reis mee!","description":"\u00c9\u00e9n van de leukste uitjes van Gelderland.","publisher":{"@id":"https:\/\/stoomtrein.org\/#organization"},"potentialAction":[{"@type":"SearchAction","target":{"@type":"EntryPoint","urlTemplate":"https:\/\/stoomtrein.org\/?s={search_term_string}"},"query-input":{"@type":"PropertyValueSpecification","valueRequired":true,"valueName":"search_term_string"}}],"inLanguage":"de"},{"@type":"Organization","@id":"https:\/\/stoomtrein.org\/#organization","name":"VSM - Stap in en reis mee!","url":"https:\/\/stoomtrein.org\/","logo":{"@type":"ImageObject","inLanguage":"de","@id":"https:\/\/stoomtrein.org\/#\/schema\/logo\/image\/","url":"https:\/\/stoomtrein.org\/wp-content\/uploads\/2020\/04\/Logo-heel.png","contentUrl":"https:\/\/stoomtrein.org\/wp-content\/uploads\/2020\/04\/Logo-heel.png","width":967,"height":1943,"caption":"VSM - Stap in en reis mee!"},"image":{"@id":"https:\/\/stoomtrein.org\/#\/schema\/logo\/image\/"}}]}},"jetpack_sharing_enabled":true,"_links":{"self":[{"href":"https:\/\/stoomtrein.org\/de\/wp-json\/wp\/v2\/pages\/42059","targetHints":{"allow":["GET"]}}],"collection":[{"href":"https:\/\/stoomtrein.org\/de\/wp-json\/wp\/v2\/pages"}],"about":[{"href":"https:\/\/stoomtrein.org\/de\/wp-json\/wp\/v2\/types\/page"}],"author":[{"embeddable":true,"href":"https:\/\/stoomtrein.org\/de\/wp-json\/wp\/v2\/users\/7"}],"replies":[{"embeddable":true,"href":"https:\/\/stoomtrein.org\/de\/wp-json\/wp\/v2\/comments?post=42059"}],"version-history":[{"count":0,"href":"https:\/\/stoomtrein.org\/de\/wp-json\/wp\/v2\/pages\/42059\/revisions"}],"wp:attachment":[{"href":"https:\/\/stoomtrein.org\/de\/wp-json\/wp\/v2\/media?parent=42059"}],"curies":[{"name":"wp","href":"https:\/\/api.w.org\/{rel}","templated":true}]}}