{"id":42048,"date":"2020-04-28T15:42:53","date_gmt":"2020-04-28T13:42:53","guid":{"rendered":"https:\/\/stoomtrein.org\/anbi\/"},"modified":"2021-09-14T10:20:50","modified_gmt":"2021-09-14T08:20:50","slug":"anbi","status":"publish","type":"page","link":"https:\/\/stoomtrein.org\/de\/anbi\/","title":{"rendered":"ANBI"},"content":{"rendered":"<div class=\"wpb-content-wrapper\">[vc_row full_width=&#8220;stretch_row&#8220; css=&#8220;.vc_custom_1590605911575{background-image: url(https:\/\/stoomtrein.org\/wp-content\/uploads\/2020\/05\/Header05.jpg?id=7309) !important;background-position: center !important;background-repeat: no-repeat !important;background-size: cover !important;}&#8220;][vc_column][vc_single_image image=&#8220;41682&#8243; img_size=&#8220;149 x 149&#8243; alignment=&#8220;right&#8220; css=&#8220;.vc_custom_1615806824867{margin-top: 28% !important;margin-right: 1% !important;margin-bottom: 3% !important;}&#8220; visibility=&#8220;hidden-phone&#8220;][vc_single_image image=&#8220;41682&#8243; img_size=&#8220;90 x 90&#8243; alignment=&#8220;right&#8220; css=&#8220;.vc_custom_1615806835718{margin-top: 28% !important;margin-right: 1% !important;margin-bottom: 3% !important;}&#8220; visibility=&#8220;visible-phone&#8220;][\/vc_column][\/vc_row][vc_row full_width=&#8220;stretch_row&#8220; equal_height=&#8220;yes&#8220; css=&#8220;.vc_custom_1589466101232{margin-top: 8% !important;margin-bottom: 2% !important;}&#8220;][vc_column width=&#8220;1\/6&#8243; el_id=&#8220;equal-height-content&#8220;][\/vc_column][vc_column width=&#8220;2\/3&#8243;]<style>.vcex-heading.vcex_69d9467d771a8{color:#1d1d1d;font-size:55px;font-family:'Crete Round';font-style:italic;line-height:1.18;}@media (max-width:767px){.vcex-heading.vcex_69d9467d771a8{font-size:40px;}}@media (max-width:479px){.vcex-heading.vcex_69d9467d771a8{font-size:40px;}}<\/style><h1 class=\"vcex-heading vcex-heading-plain vcex-module wpex-heading wpex-text-2xl wpex-text-left vc_custom_1631606978043 vcex_69d9467d771a8\"><span class=\"vcex-heading-inner wpex-inline-block\">Gemeinn\u00fctzige Organisationen (ANBI)<\/span><\/h1>[vc_column_text css=&#8220;.vc_custom_1631606965082{margin-top: 24px !important;margin-bottom: 16px !important;}&#8220; text_align=&#8220;left&#8220;]Die Stiftung Veluwsche Stoomtreinmaatschappij ist die Verwaltungsstiftung der Veluwsche Stoomtreinmaatschappij (VSM) und von den niederl\u00e4ndischen Steuerbeh\u00f6rden als kulturelle gemeinn\u00fctzige Organisation anerkannt. Dies bedeutet, dass Spenden an die Stiftung in der Regel in Ihrer Steuererkl\u00e4rung abzugsf\u00e4hig sind. Nachfolgend finden Sie einige Informationen der Stiftung, um Ihnen als (potenziellem) Spender einen Einblick in die Stiftung Veluwsche Stoomtreinmaatschappij zu geben.<\/p>\n<p><strong>Name der Institution<\/strong><br \/>\nStichting Veluwsche Stoomtreinmaatschappij<\/p>\n<p><strong>RSIN \/ Steuernummer<\/strong><br \/>\n007641369<\/p>\n<p><strong>Kontaktdetails<\/strong><br \/>\nStichting Veluwsche Stoomtreinmaatschappij<br \/>\nRijnstraat 68<br \/>\n7332 AX Apeldoorn[\/vc_column_text]<div class=\"vcex-spacing wpex-w-100 wpex-clear hidden-phone\" style=\"height:40px;\"><\/div>[vc_column_text]- Der Text wird unter dem Foto fortgesetzt\u00a0 -[\/vc_column_text]<div class=\"vcex-spacing wpex-w-100 wpex-clear\" style=\"height:40px;\"><\/div>[\/vc_column][vc_column width=&#8220;1\/6&#8243;][\/vc_column][\/vc_row][vc_row full_width=&#8220;stretch_row&#8220; parallax=&#8220;vcex_parallax&#8220; parallax_image=&#8220;7911&#8243; parallax_style=&#8220;fixed-no-repeat&#8220; css=&#8220;.vc_custom_1592139575727{background-position: 0 0;background-repeat: no-repeat !important;}&#8220; parallax_speed=&#8220;0.4&#8243; visibility=&#8220;hidden-phone&#8220;][vc_column]<div class=\"vcex-spacing wpex-w-100 wpex-clear visible-phone\" style=\"height:150px;\"><\/div><style>.vcex-heading.vcex_69d9467d7ada7{width:80%;color:#fdfdfd;font-size:90px;font-family:'Crete Round';font-style:italic;line-height:1;}@media (max-width:767px){.vcex-heading.vcex_69d9467d7ada7{font-size:55px;}}@media (max-width:479px){.vcex-heading.vcex_69d9467d7ada7{font-size:55px;}}<\/style><div class=\"vcex-heading vcex-heading-plain vcex-module wpex-heading wpex-text-2xl wpex-text-left wpex-max-w-100 wpex-mr-auto vc_custom_1590582277765 headingshadow vcex_69d9467d7ada7\"><span class=\"vcex-heading-inner wpex-inline-block\">Stap in<br \/>\nen reis mee!<\/span><\/div>[\/vc_column][\/vc_row][vc_row][vc_column width=&#8220;1\/6&#8243;][\/vc_column][vc_column width=&#8220;2\/3&#8243;]<div class=\"vcex-spacing wpex-w-100 wpex-clear\" style=\"height:40px;\"><\/div>[vc_column_text css=&#8220;.vc_custom_1631607642861{margin-top: 24px !important;margin-bottom: 16px !important;}&#8220; text_align=&#8220;left&#8220;]<strong>Ziel (Artikel 2 der Satzung)<\/strong><br \/>\nDie Stiftung hat zum Ziel:<\/p>\n<ol>\n<li style=\"text-align: left;\">F\u00f6rderung von Aktivit\u00e4ten, die zur Entwicklung des Interesses an Dampfeisenbahnen im Allgemeinen beitragen k\u00f6nnen, insbesondere f\u00fcr die Veluwsche Stoomtrein Maatschappij BV in Beekbergen, Gemeinde Apeldoorn, im Folgenden auch als die VSM bezeichnet;<\/li>\n<li style=\"text-align: left;\">Ihre Aktivit\u00e4ten in \u00dcbereinstimmung mit den Zielen der VSM durchzuf\u00fchren;<\/li>\n<li style=\"text-align: left;\">Erwerb des Eigentums und, wenn m\u00f6glich, Bereitstellung von Material und Immobilien f\u00fcr den oben genannten Zweck;<\/li>\n<li style=\"text-align: left;\">F\u00f6rderung der Zusammenarbeit mit anderen Organisationen mit einem \u00e4hnlichen Ziel;<\/li>\n<li style=\"text-align: left;\">Erwerb von Anteilen an der VSM und anderen Organisationen oder juristischen Personen mit einem \u00e4hnlichen Ziel wie die VSM und Bereitstellung finanzieller und \/ oder materieller Unterst\u00fctzung f\u00fcr die VSM und diese Organisationen in Form von Schenkungen und \/ oder Darlehen, sofern und soweit dies dem Zweck der Stiftung f\u00f6rderlich ist.<\/li>\n<\/ol>\n<p><b>Richtlinien Plan<\/b><br \/>\nLaden Sie<a href=\"https:\/\/stoomtrein.org\/wp-content\/uploads\/2020\/05\/beleidsplan_2016-2021.pdf\" target=\"_blank\" rel=\"noopener noreferrer\">\u00a0hier<\/a> unseren Richtlinien Plan f\u00fcr den Zeitraum 2016-2021 herunter.<\/p>\n<p><strong>Zusammensetzung des Vorstands<\/strong><br \/>\nJ. Dekker &#8211; voorzitter<br \/>\nA.C.P. Builtjes &#8211; secretaris<br \/>\nP.H. Esselink &#8211; penningmeester<br \/>\nS. Stuivenberg &#8211; lid<br \/>\nA. Willemsen &#8211; lid<br \/>\nD.W. Jansen Venneboer &#8211; lid<br \/>\nJ.T. Verspyck Mijnssen &#8211; lid<br \/>\nM.S. Kiezenbrink &#8211; lid<\/p>\n<p><strong>Verg\u00fctungspolitik<\/strong><br \/>\nDie Stiftung der VSM hat keine bezahlten Mitarbeiter und die Vorstandsmitglieder erhalten keine Verg\u00fctung oder sonstige Aufwandsentsch\u00e4digung.<\/p>\n<p><strong>Bericht \u00fcber die durchgef\u00fchrten Aktivit\u00e4ten<\/strong><br \/>\nSiehe unsere <a href=\"https:\/\/stoomtrein.org\/nieuws\/\">News-Seite<\/a>.<\/p>\n<p><strong>Finanzielle Verantwortung<\/strong><br \/>\nSiehe unseren <a href=\"https:\/\/stoomtrein.org\/wp-content\/uploads\/2020\/05\/financiele_verantwoording-2014v2.pdf\" target=\"_blank\" rel=\"noopener noreferrer\">Jahresabschluss<\/a>\u00a02014.<br \/>\nSiehe unseren <a href=\"https:\/\/stoomtrein.org\/wp-content\/uploads\/2020\/05\/financiele_verantwoording-2015v3.pdf\" target=\"_blank\" rel=\"noopener noreferrer\">Jahresabschluss<\/a>\u00a02015.<br \/>\nSiehe unseren <a href=\"https:\/\/stoomtrein.org\/wp-content\/uploads\/2020\/05\/financiele_verantwoording-2016v2.pdf\" target=\"_blank\" rel=\"noopener noreferrer\">Jahresabschluss<\/a> 2016.<br \/>\nSiehe unseren <a href=\"https:\/\/stoomtrein.org\/wp-content\/uploads\/2020\/05\/financiele_verantwoording-2017v2.pdf\" target=\"_blank\" rel=\"noopener noreferrer\">Jahresabschluss<\/a> 2017.<br \/>\nSiehe unseren <a href=\"https:\/\/stoomtrein.org\/wp-content\/uploads\/2020\/05\/financiele_verantwoording-2018v2.pdf\">Jahresabschluss<\/a> 2018.<br \/>\nSiehe unseren vorl\u00e4ufigen <a href=\"https:\/\/stoomtrein.org\/wp-content\/uploads\/2020\/07\/financiele_verantwoording-2019.pdf\" target=\"_blank\" rel=\"noopener noreferrer\">Jahresabschluss<\/a> 2019.<\/p>\n<p><strong>Datenschutzerkl\u00e4rung<\/strong><br \/>\nSiehe unsere <a href=\"https:\/\/stoomtrein.org\/de\/datenschutzerklaerung\/\">Datenschutzerkl\u00e4rung<\/a>.[\/vc_column_text][\/vc_column][vc_column width=&#8220;1\/6&#8243;][\/vc_column][\/vc_row]\n<\/div>","protected":false},"excerpt":{"rendered":"<p>[vc_row full_width=&#8220;stretch_row&#8220; css=&#8220;.vc_custom_1590605911575{background-image: url(https:\/\/stoomtrein.org\/wp-content\/uploads\/2020\/05\/Header05.jpg?id=7309) !important;background-position: center !important;background-repeat: no-repeat !important;background-size: cover !important;}&#8220;][vc_column][vc_single_image image=&#8220;41682&#8243; img_size=&#8220;149 x 149&#8243; alignment=&#8220;right&#8220; css=&#8220;.vc_custom_1615806824867{margin-top: 28% !important;margin-right: 1% !important;margin-bottom: 3% !important;}&#8220; visibility=&#8220;hidden-phone&#8220;][vc_single_image image=&#8220;41682&#8243; img_size=&#8220;90 x 90&#8243; alignment=&#8220;right&#8220; css=&#8220;.vc_custom_1615806835718{margin-top: 28% !important;margin-right: 1% !important;margin-bottom: 3% !important;}&#8220; visibility=&#8220;visible-phone&#8220;][\/vc_column][\/vc_row][vc_row full_width=&#8220;stretch_row&#8220; equal_height=&#8220;yes&#8220; css=&#8220;.vc_custom_1589466101232{margin-top: 8% !important;margin-bottom: 2% !important;}&#8220;][vc_column width=&#8220;1\/6&#8243; el_id=&#8220;equal-height-content&#8220;][\/vc_column][vc_column width=&#8220;2\/3&#8243;][vc_column_text css=&#8220;.vc_custom_1631606965082{margin-top: 24px !important;margin-bottom: 16px !important;}&#8220; text_align=&#8220;left&#8220;]Die Stiftung Veluwsche&hellip;<\/p>\n","protected":false},"author":5,"featured_media":0,"parent":0,"menu_order":0,"comment_status":"closed","ping_status":"closed","template":"","meta":{"footnotes":""},"class_list":["post-42048","page","type-page","status-publish","hentry","entry","no-media"],"yoast_head":"<!-- This site is optimized with the Yoast SEO plugin v26.9 - https:\/\/yoast.com\/product\/yoast-seo-wordpress\/ -->\n<title>ANBI - VSM - Stap in en reis mee!<\/title>\n<meta name=\"robots\" content=\"index, follow, max-snippet:-1, max-image-preview:large, max-video-preview:-1\" \/>\n<link rel=\"canonical\" href=\"https:\/\/stoomtrein.org\/de\/anbi\/\" \/>\n<meta property=\"og:locale\" content=\"de_DE\" \/>\n<meta property=\"og:type\" content=\"article\" \/>\n<meta property=\"og:title\" content=\"ANBI - VSM - Stap in en reis mee!\" \/>\n<meta property=\"og:description\" content=\"[vc_row full_width=&#8220;stretch_row&#8220; css=&#8220;.vc_custom_1590605911575{background-image: url(https:\/\/stoomtrein.org\/wp-content\/uploads\/2020\/05\/Header05.jpg?id=7309) !important;background-position: center !important;background-repeat: no-repeat !important;background-size: cover !important;}&#8220;][vc_column][vc_single_image image=&#8220;41682&#8243; img_size=&#8220;149 x 149&#8243; alignment=&#8220;right&#8220; css=&#8220;.vc_custom_1615806824867{margin-top: 28% !important;margin-right: 1% !important;margin-bottom: 3% !important;}&#8220; visibility=&#8220;hidden-phone&#8220;][vc_single_image image=&#8220;41682&#8243; img_size=&#8220;90 x 90&#8243; alignment=&#8220;right&#8220; css=&#8220;.vc_custom_1615806835718{margin-top: 28% !important;margin-right: 1% !important;margin-bottom: 3% !important;}&#8220; visibility=&#8220;visible-phone&#8220;][\/vc_column][\/vc_row][vc_row full_width=&#8220;stretch_row&#8220; equal_height=&#8220;yes&#8220; css=&#8220;.vc_custom_1589466101232{margin-top: 8% !important;margin-bottom: 2% !important;}&#8220;][vc_column width=&#8220;1\/6&#8243; el_id=&#8220;equal-height-content&#8220;][\/vc_column][vc_column width=&#8220;2\/3&#8243;][vc_column_text css=&#8220;.vc_custom_1631606965082{margin-top: 24px !important;margin-bottom: 16px !important;}&#8220; text_align=&#8220;left&#8220;]Die Stiftung Veluwsche&hellip;\" \/>\n<meta property=\"og:url\" content=\"https:\/\/stoomtrein.org\/de\/anbi\/\" \/>\n<meta property=\"og:site_name\" content=\"VSM - Stap in en reis mee!\" \/>\n<meta property=\"article:modified_time\" content=\"2021-09-14T08:20:50+00:00\" \/>\n<meta name=\"twitter:card\" content=\"summary_large_image\" \/>\n<meta name=\"twitter:label1\" content=\"Gesch\u00e4tzte Lesezeit\" \/>\n\t<meta name=\"twitter:data1\" content=\"3\u00a0Minuten\" \/>\n<script type=\"application\/ld+json\" class=\"yoast-schema-graph\">{\"@context\":\"https:\/\/schema.org\",\"@graph\":[{\"@type\":\"WebPage\",\"@id\":\"https:\/\/stoomtrein.org\/de\/anbi\/\",\"url\":\"https:\/\/stoomtrein.org\/de\/anbi\/\",\"name\":\"ANBI - VSM - Stap in en reis mee!\",\"isPartOf\":{\"@id\":\"https:\/\/stoomtrein.org\/#website\"},\"datePublished\":\"2020-04-28T13:42:53+00:00\",\"dateModified\":\"2021-09-14T08:20:50+00:00\",\"breadcrumb\":{\"@id\":\"https:\/\/stoomtrein.org\/de\/anbi\/#breadcrumb\"},\"inLanguage\":\"de\",\"potentialAction\":[{\"@type\":\"ReadAction\",\"target\":[\"https:\/\/stoomtrein.org\/de\/anbi\/\"]}]},{\"@type\":\"BreadcrumbList\",\"@id\":\"https:\/\/stoomtrein.org\/de\/anbi\/#breadcrumb\",\"itemListElement\":[{\"@type\":\"ListItem\",\"position\":1,\"name\":\"Home\",\"item\":\"https:\/\/stoomtrein.org\/de\/home\/\"},{\"@type\":\"ListItem\",\"position\":2,\"name\":\"ANBI\"}]},{\"@type\":\"WebSite\",\"@id\":\"https:\/\/stoomtrein.org\/#website\",\"url\":\"https:\/\/stoomtrein.org\/\",\"name\":\"VSM - Stap in en reis mee!\",\"description\":\"\u00c9\u00e9n van de leukste uitjes van Gelderland.\",\"publisher\":{\"@id\":\"https:\/\/stoomtrein.org\/#organization\"},\"potentialAction\":[{\"@type\":\"SearchAction\",\"target\":{\"@type\":\"EntryPoint\",\"urlTemplate\":\"https:\/\/stoomtrein.org\/?s={search_term_string}\"},\"query-input\":{\"@type\":\"PropertyValueSpecification\",\"valueRequired\":true,\"valueName\":\"search_term_string\"}}],\"inLanguage\":\"de\"},{\"@type\":\"Organization\",\"@id\":\"https:\/\/stoomtrein.org\/#organization\",\"name\":\"VSM - Stap in en reis mee!\",\"url\":\"https:\/\/stoomtrein.org\/\",\"logo\":{\"@type\":\"ImageObject\",\"inLanguage\":\"de\",\"@id\":\"https:\/\/stoomtrein.org\/#\/schema\/logo\/image\/\",\"url\":\"https:\/\/stoomtrein.org\/wp-content\/uploads\/2020\/04\/Logo-heel.png\",\"contentUrl\":\"https:\/\/stoomtrein.org\/wp-content\/uploads\/2020\/04\/Logo-heel.png\",\"width\":967,\"height\":1943,\"caption\":\"VSM - Stap in en reis mee!\"},\"image\":{\"@id\":\"https:\/\/stoomtrein.org\/#\/schema\/logo\/image\/\"}}]}<\/script>\n<!-- \/ Yoast SEO plugin. -->","yoast_head_json":{"title":"ANBI - VSM - Stap in en reis mee!","robots":{"index":"index","follow":"follow","max-snippet":"max-snippet:-1","max-image-preview":"max-image-preview:large","max-video-preview":"max-video-preview:-1"},"canonical":"https:\/\/stoomtrein.org\/de\/anbi\/","og_locale":"de_DE","og_type":"article","og_title":"ANBI - VSM - Stap in en reis mee!","og_description":"[vc_row full_width=&#8220;stretch_row&#8220; css=&#8220;.vc_custom_1590605911575{background-image: url(https:\/\/stoomtrein.org\/wp-content\/uploads\/2020\/05\/Header05.jpg?id=7309) !important;background-position: center !important;background-repeat: no-repeat !important;background-size: cover !important;}&#8220;][vc_column][vc_single_image image=&#8220;41682&#8243; img_size=&#8220;149 x 149&#8243; alignment=&#8220;right&#8220; css=&#8220;.vc_custom_1615806824867{margin-top: 28% !important;margin-right: 1% !important;margin-bottom: 3% !important;}&#8220; visibility=&#8220;hidden-phone&#8220;][vc_single_image image=&#8220;41682&#8243; img_size=&#8220;90 x 90&#8243; alignment=&#8220;right&#8220; css=&#8220;.vc_custom_1615806835718{margin-top: 28% !important;margin-right: 1% !important;margin-bottom: 3% !important;}&#8220; visibility=&#8220;visible-phone&#8220;][\/vc_column][\/vc_row][vc_row full_width=&#8220;stretch_row&#8220; equal_height=&#8220;yes&#8220; css=&#8220;.vc_custom_1589466101232{margin-top: 8% !important;margin-bottom: 2% !important;}&#8220;][vc_column width=&#8220;1\/6&#8243; el_id=&#8220;equal-height-content&#8220;][\/vc_column][vc_column width=&#8220;2\/3&#8243;][vc_column_text css=&#8220;.vc_custom_1631606965082{margin-top: 24px !important;margin-bottom: 16px !important;}&#8220; text_align=&#8220;left&#8220;]Die Stiftung Veluwsche&hellip;","og_url":"https:\/\/stoomtrein.org\/de\/anbi\/","og_site_name":"VSM - Stap in en reis mee!","article_modified_time":"2021-09-14T08:20:50+00:00","twitter_card":"summary_large_image","twitter_misc":{"Gesch\u00e4tzte Lesezeit":"3\u00a0Minuten"},"schema":{"@context":"https:\/\/schema.org","@graph":[{"@type":"WebPage","@id":"https:\/\/stoomtrein.org\/de\/anbi\/","url":"https:\/\/stoomtrein.org\/de\/anbi\/","name":"ANBI - VSM - Stap in en reis mee!","isPartOf":{"@id":"https:\/\/stoomtrein.org\/#website"},"datePublished":"2020-04-28T13:42:53+00:00","dateModified":"2021-09-14T08:20:50+00:00","breadcrumb":{"@id":"https:\/\/stoomtrein.org\/de\/anbi\/#breadcrumb"},"inLanguage":"de","potentialAction":[{"@type":"ReadAction","target":["https:\/\/stoomtrein.org\/de\/anbi\/"]}]},{"@type":"BreadcrumbList","@id":"https:\/\/stoomtrein.org\/de\/anbi\/#breadcrumb","itemListElement":[{"@type":"ListItem","position":1,"name":"Home","item":"https:\/\/stoomtrein.org\/de\/home\/"},{"@type":"ListItem","position":2,"name":"ANBI"}]},{"@type":"WebSite","@id":"https:\/\/stoomtrein.org\/#website","url":"https:\/\/stoomtrein.org\/","name":"VSM - Stap in en reis mee!","description":"\u00c9\u00e9n van de leukste uitjes van Gelderland.","publisher":{"@id":"https:\/\/stoomtrein.org\/#organization"},"potentialAction":[{"@type":"SearchAction","target":{"@type":"EntryPoint","urlTemplate":"https:\/\/stoomtrein.org\/?s={search_term_string}"},"query-input":{"@type":"PropertyValueSpecification","valueRequired":true,"valueName":"search_term_string"}}],"inLanguage":"de"},{"@type":"Organization","@id":"https:\/\/stoomtrein.org\/#organization","name":"VSM - Stap in en reis mee!","url":"https:\/\/stoomtrein.org\/","logo":{"@type":"ImageObject","inLanguage":"de","@id":"https:\/\/stoomtrein.org\/#\/schema\/logo\/image\/","url":"https:\/\/stoomtrein.org\/wp-content\/uploads\/2020\/04\/Logo-heel.png","contentUrl":"https:\/\/stoomtrein.org\/wp-content\/uploads\/2020\/04\/Logo-heel.png","width":967,"height":1943,"caption":"VSM - Stap in en reis mee!"},"image":{"@id":"https:\/\/stoomtrein.org\/#\/schema\/logo\/image\/"}}]}},"jetpack_sharing_enabled":true,"_links":{"self":[{"href":"https:\/\/stoomtrein.org\/de\/wp-json\/wp\/v2\/pages\/42048","targetHints":{"allow":["GET"]}}],"collection":[{"href":"https:\/\/stoomtrein.org\/de\/wp-json\/wp\/v2\/pages"}],"about":[{"href":"https:\/\/stoomtrein.org\/de\/wp-json\/wp\/v2\/types\/page"}],"author":[{"embeddable":true,"href":"https:\/\/stoomtrein.org\/de\/wp-json\/wp\/v2\/users\/5"}],"replies":[{"embeddable":true,"href":"https:\/\/stoomtrein.org\/de\/wp-json\/wp\/v2\/comments?post=42048"}],"version-history":[{"count":0,"href":"https:\/\/stoomtrein.org\/de\/wp-json\/wp\/v2\/pages\/42048\/revisions"}],"wp:attachment":[{"href":"https:\/\/stoomtrein.org\/de\/wp-json\/wp\/v2\/media?parent=42048"}],"curies":[{"name":"wp","href":"https:\/\/api.w.org\/{rel}","templated":true}]}}